{"id":743,"date":"2019-07-19T14:01:05","date_gmt":"2019-07-19T14:01:05","guid":{"rendered":"https:\/\/helvest.ch\/eu\/?post_type=product&#038;p=743"},"modified":"2026-01-17T16:37:42","modified_gmt":"2026-01-17T16:37:42","slug":"es400-de","status":"publish","type":"product","link":"https:\/\/helvest.ch\/eu\/de\/prodotto\/es400-de\/","title":{"rendered":"ES400"},"content":{"rendered":"<style>.fb_iframe_widget span{width:460px !important;} .fb_iframe_widget iframe {margin: 0 !important;}        .fb_edge_comment_widget { display: none !important; }<\/style><div style=\"width:100%; text-align:center\"><div class=\"fb-like\" style=\"width:600px; overflow: hidden !important; \" data-href=\"https:\/\/helvest.ch\/eu\/de\/prodotto\/es400-de\/\" data-size=\"small\" data-colorscheme=\"light\" data-width=\"600\" data-layout=\"standard\" data-action=\"like\" data-show-faces=\"true\" data-share=\"true\" kid_directed_site=\"false\"><\/div><\/div>","protected":false},"excerpt":{"rendered":"<p>ES 400 ist ein wirtschaftliches Modul f\u00fcr den Basisantrieb von Signalen, Leuchten, Kleinmotoren und \u00e4hnlichem Zubeh\u00f6r.<\/p>\n<p>Es kann bis zu 4 Signale steuern, bei denen zwei Leuchten abwechselnd einschalten, oder 4 einzelne Leuchten oder anderes Zubeh\u00f6r.<\/p>\n<p>Er ist gegen Kurzschl\u00fcsse und \u00dcberlastungen gesch\u00fctzt und verf\u00fcgt \u00fcber extrem einfache Anschl\u00fcsse &hellip; <a href=\"https:\/\/helvest.ch\/eu\/de\/prodotto\/es400-de\/\">Read More<\/a><\/p>\n","protected":false},"featured_media":877,"template":"","meta":[],"product_cat":[156],"product_tag":[],"class_list":{"0":"post-743","1":"product","2":"type-product","3":"status-publish","4":"has-post-thumbnail","6":"product_cat-layout-modul","8":"first","9":"instock","10":"shipping-taxable","11":"purchasable","12":"product-type-simple"},"_links":{"self":[{"href":"https:\/\/helvest.ch\/eu\/wp-json\/wp\/v2\/product\/743","targetHints":{"allow":["GET"]}}],"collection":[{"href":"https:\/\/helvest.ch\/eu\/wp-json\/wp\/v2\/product"}],"about":[{"href":"https:\/\/helvest.ch\/eu\/wp-json\/wp\/v2\/types\/product"}],"version-history":[{"count":2,"href":"https:\/\/helvest.ch\/eu\/wp-json\/wp\/v2\/product\/743\/revisions"}],"predecessor-version":[{"id":1864,"href":"https:\/\/helvest.ch\/eu\/wp-json\/wp\/v2\/product\/743\/revisions\/1864"}],"wp:featuredmedia":[{"embeddable":true,"href":"https:\/\/helvest.ch\/eu\/wp-json\/wp\/v2\/media\/877"}],"wp:attachment":[{"href":"https:\/\/helvest.ch\/eu\/wp-json\/wp\/v2\/media?parent=743"}],"wp:term":[{"taxonomy":"product_cat","embeddable":true,"href":"https:\/\/helvest.ch\/eu\/wp-json\/wp\/v2\/product_cat?post=743"},{"taxonomy":"product_tag","embeddable":true,"href":"https:\/\/helvest.ch\/eu\/wp-json\/wp\/v2\/product_tag?post=743"}],"curies":[{"name":"wp","href":"https:\/\/api.w.org\/{rel}","templated":true}]}}