{"id":736,"date":"2019-07-19T13:45:54","date_gmt":"2019-07-19T13:45:54","guid":{"rendered":"https:\/\/helvest.ch\/eu\/?post_type=product&#038;p=736"},"modified":"2026-02-14T17:21:38","modified_gmt":"2026-02-14T17:21:38","slug":"hp100-de","status":"publish","type":"product","link":"https:\/\/helvest.ch\/eu\/de\/prodotto\/hp100-de\/","title":{"rendered":"HP100"},"content":{"rendered":"<style>.fb_iframe_widget span{width:460px !important;} .fb_iframe_widget iframe {margin: 0 !important;}        .fb_edge_comment_widget { display: none !important; }<\/style><div style=\"width:100%; text-align:center\"><div class=\"fb-like\" style=\"width:600px; overflow: hidden !important; \" data-href=\"https:\/\/helvest.ch\/eu\/de\/prodotto\/hp100-de\/\" data-size=\"small\" data-colorscheme=\"light\" data-width=\"600\" data-layout=\"standard\" data-action=\"like\" data-show-faces=\"true\" data-share=\"true\" kid_directed_site=\"false\"><\/div><\/div>","protected":false},"excerpt":{"rendered":"<section class=\"elementor-element elementor-element-cjijfif elementor-section-boxed elementor-section-height-default elementor-section-height-default elementor-section elementor-top-section\" data-id=\"cjijfif\" data-element_type=\"section\">\n<div class=\"elementor-container elementor-column-gap-wider\">\n<div class=\"elementor-row\">\n<div class=\"elementor-element elementor-element-kqihfgg elementor-column elementor-col-50 elementor-top-column\" data-id=\"kqihfgg\" data-element_type=\"column\">\n<div class=\"elementor-column-wrap elementor-element-populated\">\n<div class=\"elementor-widget-wrap\">\n<div class=\"elementor-element elementor-element-byxkbuz elementor-tabs-view-horizontal elementor-widget elementor-widget-tabs\" data-id=\"byxkbuz\" data-element_type=\"widget\" data-widget_type=\"tabs.default\">\n<div class=\"elementor-widget-container\">\n<div class=\"elementor-tabs\" role=\"tablist\">\n<div class=\"elementor-tabs-content-wrapper\">\n<div id=\"elementor-tab-content-1871\" class=\"elementor-tab-content elementor-clearfix elementor-active\" role=\"tabpanel\" data-tab=\"1\" aria-labelledby=\"elementor-tab-title-1871\">\n<section class=\"elementor-element elementor-element-cjijfif elementor-section-boxed elementor-section-height-default elementor-section-height-default elementor-section elementor-top-section\" data-id=\"cjijfif\" data-element_type=\"section\">\n<div class=\"elementor-container elementor-column-gap-wider\">\n<div class=\"elementor-row\">\n<div class=\"elementor-element elementor-element-kqihfgg elementor-column elementor-col-50 elementor-top-column\" data-id=\"kqihfgg\" data-element_type=\"column\">\n<div class=\"elementor-column-wrap elementor-element-populated\">\n<div class=\"elementor-widget-wrap\">\n<div class=\"elementor-element elementor-element-byxkbuz elementor-tabs-view-horizontal elementor-widget elementor-widget-tabs\" data-id=\"byxkbuz\" data-element_type=\"widget\" data-widget_type=\"tabs.default\">\n<div class=\"elementor-widget-container\">\n<div class=\"elementor-tabs\" role=\"tablist\">\n<div class=\"elementor-tabs-content-wrapper\">\n<div id=\"elementor-tab-content-1871\" class=\"elementor-tab-content elementor-clearfix elementor-active\" role=\"tabpanel\" data-tab=\"1\" aria-labelledby=\"elementor-tab-title-1871\">\n<section class=\"elementor-element elementor-element-qlokjkc elementor-section-boxed elementor-section-height-default elementor-section-height-default elementor-section elementor-top-section\" data-id=\"qlokjkc\" data-element_type=\"section\">\n<div class=\"elementor-container elementor-column-gap-default\">\n<div class=\"elementor-row\">\n<div class=\"elementor-element elementor-element-iwawbax elementor-column elementor-col-100 elementor-top-column\" data-id=\"iwawbax\" data-element_type=\"column\">\n<div class=\"elementor-column-wrap elementor-element-populated\">\n<div class=\"elementor-widget-wrap\">\n<div class=\"elementor-element elementor-element-lzeveob elementor-widget elementor-widget-spacer\" data-id=\"lzeveob\" data-element_type=\"widget\" data-widget_type=\"spacer.default\">\n<div class=\"elementor-widget-container\">\n<div class=\"elementor-spacer\"><\/div>\n<\/div>\n<\/div>\n<\/div>\n<\/div>\n<\/div>\n<\/div>\n<\/div>\n<\/section>\n<p>Dies ist das Hauptplatine des Helvest Flex Systems. Es verwaltet die darauf installierten Module und kann auf dieser Basis viele verschiedene Funktionen ausf\u00fchren.<\/p>\n<p>Die \u201cLayout\u201d &#8211; Module sind mit der Modellbahn verbunden (sie aktivieren Schalter, Signale und Zubeh\u00f6r, erkennen das Vorhandensein von Z\u00fcgen, steuern das Verhalten des Zubeh\u00f6rs).<br \/>\nDie &#8220;net&#8221;-Module kommunizieren mit der Steuerung (z.B. das digitale Steuerger\u00e4t, der PC, der Modellbahn-Steuerbus).<\/p>\n<p>Es akzeptiert bis zu zwei &#8220;Layout&#8221;-Module, auch wenn sie sich voneinander unterscheiden, und ein &#8220;Netz&#8221;-Modul.<\/p>\n<p>Die Module sind &#8220;Plug and Play&#8221;: Die Karte erkennt die installierten Module und passt sich automatisch an.<\/p>\n<\/div>\n<\/div>\n<\/div>\n<\/div>\n<\/div>\n<\/div>\n<\/div>\n<\/div>\n<\/div>\n<\/div>\n<\/section>\n<section class=\"elementor-element elementor-element-qlokjkc elementor-section-boxed elementor-section-height-default elementor-section-height-default elementor-section elementor-top-section\" data-id=\"qlokjkc\" data-element_type=\"section\">\n<div class=\"elementor-container elementor-column-gap-default\">\n<div class=\"elementor-row\">\n<div class=\"elementor-element elementor-element-iwawbax elementor-column elementor-col-100 elementor-top-column\" data-id=\"iwawbax\" data-element_type=\"column\">\n<div class=\"elementor-column-wrap elementor-element-populated\">\n<div class=\"elementor-widget-wrap\">\n<div class=\"elementor-element elementor-element-lzeveob elementor-widget elementor-widget-spacer\" data-id=\"lzeveob\" data-element_type=\"widget\" data-widget_type=\"spacer.default\">\n<div class=\"elementor-widget-container\">\n<div class=\"elementor-spacer\">\n<div class=\"elementor-spacer-inner\"><\/div>\n<\/div>\n<\/div>\n<\/div>\n<\/div>\n<\/div>\n<\/div>\n<\/div>\n<\/div>\n<\/section>\n<\/div>\n<\/div>\n<\/div>\n<\/div>\n<\/div>\n<\/div>\n<\/div>\n<\/div>\n<\/div>\n<\/div>\n<\/section>\n<section class=\"elementor-element elementor-element-qlokjkc elementor-section-boxed elementor-section-height-default elementor-section-height-default elementor-section elementor-top-section\" data-id=\"qlokjkc\" data-element_type=\"section\">\n<div class=\"elementor-container elementor-column-gap-default\">\n<div class=\"elementor-row\">\n<div class=\"elementor-element elementor-element-iwawbax elementor-column elementor-col-100 elementor-top-column\" data-id=\"iwawbax\" data-element_type=\"column\">\n<div class=\"elementor-column-wrap elementor-element-populated\">\n<div class=\"elementor-widget-wrap\">\n<div class=\"elementor-element elementor-element-lzeveob elementor-widget elementor-widget-spacer\" data-id=\"lzeveob\" data-element_type=\"widget\" data-widget_type=\"spacer.default\">\n<div class=\"elementor-widget-container\">\n<div class=\"elementor-spacer\">\n<div class=\"elementor-spacer-inner\"><\/div>\n<\/div>\n<\/div>\n<\/div>\n<\/div>\n<\/div>\n<\/div>\n<\/div>\n<\/div>\n<\/section>\n<p> &hellip; <a href=\"https:\/\/helvest.ch\/eu\/de\/prodotto\/hp100-de\/\">Read More<\/a><\/p>\n","protected":false},"featured_media":2143,"template":"","meta":[],"product_cat":[159],"product_tag":[],"class_list":{"0":"post-736","1":"product","2":"type-product","3":"status-publish","4":"has-post-thumbnail","6":"product_cat-hauptplatinen","8":"first","9":"instock","10":"shipping-taxable","11":"purchasable","12":"product-type-simple"},"_links":{"self":[{"href":"https:\/\/helvest.ch\/eu\/wp-json\/wp\/v2\/product\/736","targetHints":{"allow":["GET"]}}],"collection":[{"href":"https:\/\/helvest.ch\/eu\/wp-json\/wp\/v2\/product"}],"about":[{"href":"https:\/\/helvest.ch\/eu\/wp-json\/wp\/v2\/types\/product"}],"version-history":[{"count":4,"href":"https:\/\/helvest.ch\/eu\/wp-json\/wp\/v2\/product\/736\/revisions"}],"predecessor-version":[{"id":1863,"href":"https:\/\/helvest.ch\/eu\/wp-json\/wp\/v2\/product\/736\/revisions\/1863"}],"wp:featuredmedia":[{"embeddable":true,"href":"https:\/\/helvest.ch\/eu\/wp-json\/wp\/v2\/media\/2143"}],"wp:attachment":[{"href":"https:\/\/helvest.ch\/eu\/wp-json\/wp\/v2\/media?parent=736"}],"wp:term":[{"taxonomy":"product_cat","embeddable":true,"href":"https:\/\/helvest.ch\/eu\/wp-json\/wp\/v2\/product_cat?post=736"},{"taxonomy":"product_tag","embeddable":true,"href":"https:\/\/helvest.ch\/eu\/wp-json\/wp\/v2\/product_tag?post=736"}],"curies":[{"name":"wp","href":"https:\/\/api.w.org\/{rel}","templated":true}]}}