{"id":731,"date":"2019-07-19T13:06:19","date_gmt":"2019-07-19T13:06:19","guid":{"rendered":"https:\/\/helvest.ch\/eu\/?post_type=product&#038;p=731"},"modified":"2026-02-14T17:21:56","modified_gmt":"2026-02-14T17:21:56","slug":"dcc100-de","status":"publish","type":"product","link":"https:\/\/helvest.ch\/eu\/de\/prodotto\/dcc100-de\/","title":{"rendered":"DCC100"},"content":{"rendered":"<style>.fb_iframe_widget span{width:460px !important;} .fb_iframe_widget iframe {margin: 0 !important;}        .fb_edge_comment_widget { display: none !important; }<\/style><div style=\"width:100%; text-align:center\"><div class=\"fb-like\" style=\"width:600px; overflow: hidden !important; \" data-href=\"https:\/\/helvest.ch\/eu\/de\/prodotto\/dcc100-de\/\" data-size=\"small\" data-colorscheme=\"light\" data-width=\"600\" data-layout=\"standard\" data-action=\"like\" data-show-faces=\"true\" data-share=\"true\" kid_directed_site=\"false\"><\/div><\/div>","protected":false},"excerpt":{"rendered":"<p>Es ist ein DCC-Modul zum Empfangen von digitalen Signalen, die diesem Protokoll entsprechen. Seine Zuverl\u00e4ssigkeit und die Einhaltung der Norm werden von der NMRA zertifiziert.<\/p>\n<p>Mit diesem installierten Modul wird das Board praktisch zu einem DCC-Decoder und kommuniziert mit allen Arten von DCC-Digitalger\u00e4ten zur Bedienung von Zubeh\u00f6r und ist \u00fcber eine beliebige Steuerung nach den \u00fcblichen Methoden programmierbar. Dank des Flex-Systems kann der Decoder je nach installierten Layoutmodulen verschiedene Zubeh\u00f6rteile ansteuern.<\/p>\n<p>\u00dcber die CVs sind alle normalen Konfigurationsfunktionen entsprechend den verschiedenen installierten &#8220;Layout&#8221;-Modulen m\u00f6glich.<\/p>\n<p>Im Gegensatz zu vielen auf dem Markt erh\u00e4ltlichen Decodern f\u00fcr Zubeh\u00f6r ist die Best\u00e4tigung der Programmierung und des Auslesens von CVs ohne externen Anschluss m\u00f6glich. &hellip; <a href=\"https:\/\/helvest.ch\/eu\/de\/prodotto\/dcc100-de\/\">Read More<\/a><\/p>\n","protected":false},"featured_media":1373,"template":"","meta":[],"product_cat":[162],"product_tag":[],"class_list":{"0":"post-731","1":"product","2":"type-product","3":"status-publish","4":"has-post-thumbnail","6":"product_cat-net-modul","8":"first","9":"instock","10":"shipping-taxable","11":"purchasable","12":"product-type-simple"},"_links":{"self":[{"href":"https:\/\/helvest.ch\/eu\/wp-json\/wp\/v2\/product\/731","targetHints":{"allow":["GET"]}}],"collection":[{"href":"https:\/\/helvest.ch\/eu\/wp-json\/wp\/v2\/product"}],"about":[{"href":"https:\/\/helvest.ch\/eu\/wp-json\/wp\/v2\/types\/product"}],"version-history":[{"count":5,"href":"https:\/\/helvest.ch\/eu\/wp-json\/wp\/v2\/product\/731\/revisions"}],"predecessor-version":[{"id":2357,"href":"https:\/\/helvest.ch\/eu\/wp-json\/wp\/v2\/product\/731\/revisions\/2357"}],"wp:featuredmedia":[{"embeddable":true,"href":"https:\/\/helvest.ch\/eu\/wp-json\/wp\/v2\/media\/1373"}],"wp:attachment":[{"href":"https:\/\/helvest.ch\/eu\/wp-json\/wp\/v2\/media?parent=731"}],"wp:term":[{"taxonomy":"product_cat","embeddable":true,"href":"https:\/\/helvest.ch\/eu\/wp-json\/wp\/v2\/product_cat?post=731"},{"taxonomy":"product_tag","embeddable":true,"href":"https:\/\/helvest.ch\/eu\/wp-json\/wp\/v2\/product_tag?post=731"}],"curies":[{"name":"wp","href":"https:\/\/api.w.org\/{rel}","templated":true}]}}