{"id":728,"date":"2019-07-19T13:00:15","date_gmt":"2019-07-19T13:00:15","guid":{"rendered":"https:\/\/helvest.ch\/eu\/?post_type=product&#038;p=728"},"modified":"2025-09-15T13:57:08","modified_gmt":"2025-09-15T13:57:08","slug":"upw400-de","status":"publish","type":"product","link":"https:\/\/helvest.ch\/eu\/de\/prodotto\/upw400-de\/","title":{"rendered":"UPW400"},"content":{"rendered":"<style>.fb_iframe_widget span{width:460px !important;} .fb_iframe_widget iframe {margin: 0 !important;}        .fb_edge_comment_widget { display: none !important; }<\/style><div style=\"width:100%; text-align:center\"><div class=\"fb-like\" style=\"width:600px; overflow: hidden !important; \" data-href=\"https:\/\/helvest.ch\/eu\/de\/prodotto\/upw400-de\/\" data-size=\"small\" data-colorscheme=\"light\" data-width=\"600\" data-layout=\"standard\" data-action=\"like\" data-show-faces=\"true\" data-share=\"true\" kid_directed_site=\"false\"><\/div><\/div>","protected":false},"excerpt":{"rendered":"<p>Das UPW400-Modul steuert bis zu vier verpolungssichere Weichenantriebe.<\/p>\n<p>Die Antriebe dieses Typs haben zwei Kabel, in denen die &#8220;+&#8221; und &#8220;-&#8221; Zeichen des elektrischen Stroms ausgetauscht werden k\u00f6nnen. Der Weiche nimmt eine der beiden verschiedenen Positionen ein, je nachdem, welcher der beiden Kabel mit dem &#8220;+&#8221; und welcher mit dem &#8220;-&#8221; versorgt wird.<\/p>\n<p>Im Download-Bereich k\u00f6nnen Sie die Liste der Hauptlaufwerke herunterladen, die in diesem Modus arbeiten.<\/p>\n<p>Die Bet\u00e4tigungszeit kann f\u00fcr jeden einzelnen Ausgang pr\u00e4zise eingestellt werden, auch unterschiedlich.<\/p>\n<p>Er ist gegen Kurzschl\u00fcsse und \u00dcberlastungen gesch\u00fctzt und verf\u00fcgt \u00fcber extrem einfache Anschl\u00fcsse. &hellip; <a href=\"https:\/\/helvest.ch\/eu\/de\/prodotto\/upw400-de\/\">Read More<\/a><\/p>\n","protected":false},"featured_media":1032,"template":"","meta":[],"product_cat":[156],"product_tag":[],"class_list":{"0":"post-728","1":"product","2":"type-product","3":"status-publish","4":"has-post-thumbnail","6":"product_cat-layout-modul","8":"first","9":"instock","10":"shipping-taxable","11":"purchasable","12":"product-type-simple"},"_links":{"self":[{"href":"https:\/\/helvest.ch\/eu\/wp-json\/wp\/v2\/product\/728","targetHints":{"allow":["GET"]}}],"collection":[{"href":"https:\/\/helvest.ch\/eu\/wp-json\/wp\/v2\/product"}],"about":[{"href":"https:\/\/helvest.ch\/eu\/wp-json\/wp\/v2\/types\/product"}],"version-history":[{"count":3,"href":"https:\/\/helvest.ch\/eu\/wp-json\/wp\/v2\/product\/728\/revisions"}],"predecessor-version":[{"id":915,"href":"https:\/\/helvest.ch\/eu\/wp-json\/wp\/v2\/product\/728\/revisions\/915"}],"wp:featuredmedia":[{"embeddable":true,"href":"https:\/\/helvest.ch\/eu\/wp-json\/wp\/v2\/media\/1032"}],"wp:attachment":[{"href":"https:\/\/helvest.ch\/eu\/wp-json\/wp\/v2\/media?parent=728"}],"wp:term":[{"taxonomy":"product_cat","embeddable":true,"href":"https:\/\/helvest.ch\/eu\/wp-json\/wp\/v2\/product_cat?post=728"},{"taxonomy":"product_tag","embeddable":true,"href":"https:\/\/helvest.ch\/eu\/wp-json\/wp\/v2\/product_tag?post=728"}],"curies":[{"name":"wp","href":"https:\/\/api.w.org\/{rel}","templated":true}]}}