{"id":3458,"date":"2025-09-20T12:58:12","date_gmt":"2025-09-20T12:58:12","guid":{"rendered":"https:\/\/helvest.ch\/eu\/?post_type=product&#038;p=3458"},"modified":"2026-02-14T17:36:27","modified_gmt":"2026-02-14T17:36:27","slug":"2x-monostabile-relais-mit-zugerkennung","status":"publish","type":"product","link":"https:\/\/helvest.ch\/eu\/de\/prodotto\/2x-monostabile-relais-mit-zugerkennung\/","title":{"rendered":"GASR10 &#8211; 2x monostabile Relais mit Zugerkennung"},"content":{"rendered":"<style>.fb_iframe_widget span{width:460px !important;} .fb_iframe_widget iframe {margin: 0 !important;}        .fb_edge_comment_widget { display: none !important; }<\/style><div style=\"width:100%; text-align:center\"><div class=\"fb-like\" style=\"width:600px; overflow: hidden !important; \" data-href=\"https:\/\/helvest.ch\/eu\/de\/prodotto\/2x-monostabile-relais-mit-zugerkennung\/\" data-size=\"small\" data-colorscheme=\"light\" data-width=\"600\" data-layout=\"standard\" data-action=\"like\" data-show-faces=\"true\" data-share=\"true\" kid_directed_site=\"false\"><\/div><\/div>","protected":false},"excerpt":{"rendered":"<p data-start=\"113\" data-end=\"354\">Diese Platine erm\u00f6glicht die separate Steuerung der Stromversorgung von zwei Abschnitten sowie die Erkennung der Zugpr\u00e4senz, auch wenn der jeweilige Abschnitt spannungslos ist. Unverzichtbar f\u00fcr die Blockabschnittssteuerung im Analogbetrieb.<\/p>\n<p data-start=\"356\" data-end=\"497\">Zur Erkennung der Zugpr\u00e4senz wird das Modul <strong data-start=\"400\" data-end=\"409\">AB400<\/strong> verwendet.<br data-start=\"420\" data-end=\"423\" \/>Zum Ein- und Ausschalten der Relais wird das Modul <strong data-start=\"474\" data-end=\"483\">ES400<\/strong> eingesetzt.<\/p>\n<p> &hellip; <a href=\"https:\/\/helvest.ch\/eu\/de\/prodotto\/2x-monostabile-relais-mit-zugerkennung\/\">Read More<\/a><\/p>\n","protected":false},"featured_media":3452,"template":"","meta":[],"product_cat":[337],"product_tag":[],"class_list":{"0":"post-3458","1":"product","2":"type-product","3":"status-publish","4":"has-post-thumbnail","6":"product_cat-knoepfe","8":"first","9":"instock","10":"shipping-taxable","11":"purchasable","12":"product-type-simple"},"_links":{"self":[{"href":"https:\/\/helvest.ch\/eu\/wp-json\/wp\/v2\/product\/3458","targetHints":{"allow":["GET"]}}],"collection":[{"href":"https:\/\/helvest.ch\/eu\/wp-json\/wp\/v2\/product"}],"about":[{"href":"https:\/\/helvest.ch\/eu\/wp-json\/wp\/v2\/types\/product"}],"version-history":[{"count":4,"href":"https:\/\/helvest.ch\/eu\/wp-json\/wp\/v2\/product\/3458\/revisions"}],"predecessor-version":[{"id":3464,"href":"https:\/\/helvest.ch\/eu\/wp-json\/wp\/v2\/product\/3458\/revisions\/3464"}],"wp:featuredmedia":[{"embeddable":true,"href":"https:\/\/helvest.ch\/eu\/wp-json\/wp\/v2\/media\/3452"}],"wp:attachment":[{"href":"https:\/\/helvest.ch\/eu\/wp-json\/wp\/v2\/media?parent=3458"}],"wp:term":[{"taxonomy":"product_cat","embeddable":true,"href":"https:\/\/helvest.ch\/eu\/wp-json\/wp\/v2\/product_cat?post=3458"},{"taxonomy":"product_tag","embeddable":true,"href":"https:\/\/helvest.ch\/eu\/wp-json\/wp\/v2\/product_tag?post=3458"}],"curies":[{"name":"wp","href":"https:\/\/api.w.org\/{rel}","templated":true}]}}