{"id":3454,"date":"2025-09-20T12:54:38","date_gmt":"2025-09-20T12:54:38","guid":{"rendered":"https:\/\/helvest.ch\/eu\/?post_type=product&#038;p=3454"},"modified":"2026-02-14T17:36:27","modified_gmt":"2026-02-14T17:36:27","slug":"gasr10-2x-relais-monostables-avec-presence-du-train","status":"publish","type":"product","link":"https:\/\/helvest.ch\/eu\/fr\/prodotto\/gasr10-2x-relais-monostables-avec-presence-du-train\/","title":{"rendered":"GASR10 &#8211; 2x relais monostables avec pr\u00e9sence du train"},"content":{"rendered":"<style>.fb_iframe_widget span{width:460px !important;} .fb_iframe_widget iframe {margin: 0 !important;}        .fb_edge_comment_widget { display: none !important; }<\/style><div style=\"width:100%; text-align:center\"><div class=\"fb-like\" style=\"width:600px; overflow: hidden !important; \" data-href=\"https:\/\/helvest.ch\/eu\/fr\/prodotto\/gasr10-2x-relais-monostables-avec-presence-du-train\/\" data-size=\"small\" data-colorscheme=\"light\" data-width=\"600\" data-layout=\"standard\" data-action=\"like\" data-show-faces=\"true\" data-share=\"true\" kid_directed_site=\"false\"><\/div><\/div>","protected":false},"excerpt":{"rendered":"<p data-start=\"55\" data-end=\"279\">Cette carte permet de g\u00e9rer l\u2019alimentation de deux sections de fa\u00e7on autonome et de d\u00e9tecter la pr\u00e9sence du train m\u00eame lorsque la section est hors tension. Indispensable pour la gestion des cantons en analogique.<\/p>\n<p data-start=\"281\" data-end=\"423\">Pour d\u00e9tecter la pr\u00e9sence du train, on utilise le module <strong data-start=\"338\" data-end=\"347\">AB400<\/strong>.<br data-start=\"348\" data-end=\"351\" \/>Pour activer et d\u00e9sactiver les relais, on utilise le module <strong data-start=\"411\" data-end=\"420\">ES400<\/strong>.<\/p>\n<p> &hellip; <a href=\"https:\/\/helvest.ch\/eu\/fr\/prodotto\/gasr10-2x-relais-monostables-avec-presence-du-train\/\">Read More<\/a><\/p>\n","protected":false},"featured_media":3452,"template":"","meta":[],"product_cat":[339],"product_tag":[],"class_list":{"0":"post-3454","1":"product","2":"type-product","3":"status-publish","4":"has-post-thumbnail","6":"product_cat-boutons","8":"first","9":"instock","10":"shipping-taxable","11":"purchasable","12":"product-type-simple"},"_links":{"self":[{"href":"https:\/\/helvest.ch\/eu\/wp-json\/wp\/v2\/product\/3454","targetHints":{"allow":["GET"]}}],"collection":[{"href":"https:\/\/helvest.ch\/eu\/wp-json\/wp\/v2\/product"}],"about":[{"href":"https:\/\/helvest.ch\/eu\/wp-json\/wp\/v2\/types\/product"}],"version-history":[{"count":2,"href":"https:\/\/helvest.ch\/eu\/wp-json\/wp\/v2\/product\/3454\/revisions"}],"predecessor-version":[{"id":3465,"href":"https:\/\/helvest.ch\/eu\/wp-json\/wp\/v2\/product\/3454\/revisions\/3465"}],"wp:featuredmedia":[{"embeddable":true,"href":"https:\/\/helvest.ch\/eu\/wp-json\/wp\/v2\/media\/3452"}],"wp:attachment":[{"href":"https:\/\/helvest.ch\/eu\/wp-json\/wp\/v2\/media?parent=3454"}],"wp:term":[{"taxonomy":"product_cat","embeddable":true,"href":"https:\/\/helvest.ch\/eu\/wp-json\/wp\/v2\/product_cat?post=3454"},{"taxonomy":"product_tag","embeddable":true,"href":"https:\/\/helvest.ch\/eu\/wp-json\/wp\/v2\/product_tag?post=3454"}],"curies":[{"name":"wp","href":"https:\/\/api.w.org\/{rel}","templated":true}]}}