{"id":3293,"date":"2025-08-09T16:27:50","date_gmt":"2025-08-09T16:27:50","guid":{"rendered":"https:\/\/helvest.ch\/eu\/?post_type=product&#038;p=3293"},"modified":"2026-01-11T10:49:35","modified_gmt":"2026-01-11T10:49:35","slug":"gad10-2-relais-monostables-spdt","status":"publish","type":"product","link":"https:\/\/helvest.ch\/eu\/fr\/prodotto\/gad10-2-relais-monostables-spdt\/","title":{"rendered":"GAD10 &#8211; 2 relais monostables SPDT"},"content":{"rendered":"<style>.fb_iframe_widget span{width:460px !important;} .fb_iframe_widget iframe {margin: 0 !important;}        .fb_edge_comment_widget { display: none !important; }<\/style><div style=\"width:100%; text-align:center\"><div class=\"fb-like\" style=\"width:600px; overflow: hidden !important; \" data-href=\"https:\/\/helvest.ch\/eu\/fr\/prodotto\/gad10-2-relais-monostables-spdt\/\" data-size=\"small\" data-colorscheme=\"light\" data-width=\"600\" data-layout=\"standard\" data-action=\"like\" data-show-faces=\"true\" data-share=\"true\" kid_directed_site=\"false\"><\/div><\/div>","protected":false},"excerpt":{"rendered":"<div class=\"woocommerce-product-details__short-description\">\n<p>Carte avec 2 relais monostables SPDT.<\/p>\n<p>Commandable avec un module ES400, GAW400 ou un contr\u00f4le analogique 12 V.<\/p>\n<p>Convient pour :<\/p>\n<ul>\n<li>Interrompre ou \u00ab commuter \u00bb le courant de traction, par exemple pour les c\u0153urs d\u2019aiguilles.<\/li>\n<li>Interrompre le courant dans les cantons.<\/li>\n<li>Commander des appareils \u00e0 forte consommation, comme des moteurs d\u2019aiguilles ou des voies de d\u00e9saccouplement anciennes, n\u00e9cessitant un contact SPDT (contact \u00e0 la fois \u00ab ouvert \u00bb et \u00ab ferm\u00e9 \u00bb).<\/li>\n<\/ul>\n<p>Des exemples d\u2019utilisation sont progressivement publi\u00e9s dans le <a href=\"https:\/\/helvest.ch\/fr\/journal-helvest\/\" target=\"_blank\" rel=\"noopener\">Helvest Journal.<\/a><\/p>\n<p>Manuel d\u2019utilisation <a href=\"https:\/\/helvest.ch\/downloads\/manual_GAD10.1.0_fr.pdf\" target=\"_blank\" rel=\"noopener\">disponible ici.<\/a><\/p>\n<p>&nbsp;<\/p>\n<\/div>\n<p> &hellip; <a href=\"https:\/\/helvest.ch\/eu\/fr\/prodotto\/gad10-2-relais-monostables-spdt\/\">Read More<\/a><\/p>\n","protected":false},"featured_media":3295,"template":"","meta":[],"product_cat":[339],"product_tag":[],"class_list":{"0":"post-3293","1":"product","2":"type-product","3":"status-publish","4":"has-post-thumbnail","6":"product_cat-boutons","8":"first","9":"instock","10":"shipping-taxable","11":"purchasable","12":"product-type-simple"},"_links":{"self":[{"href":"https:\/\/helvest.ch\/eu\/wp-json\/wp\/v2\/product\/3293","targetHints":{"allow":["GET"]}}],"collection":[{"href":"https:\/\/helvest.ch\/eu\/wp-json\/wp\/v2\/product"}],"about":[{"href":"https:\/\/helvest.ch\/eu\/wp-json\/wp\/v2\/types\/product"}],"version-history":[{"count":1,"href":"https:\/\/helvest.ch\/eu\/wp-json\/wp\/v2\/product\/3293\/revisions"}],"predecessor-version":[{"id":3294,"href":"https:\/\/helvest.ch\/eu\/wp-json\/wp\/v2\/product\/3293\/revisions\/3294"}],"wp:featuredmedia":[{"embeddable":true,"href":"https:\/\/helvest.ch\/eu\/wp-json\/wp\/v2\/media\/3295"}],"wp:attachment":[{"href":"https:\/\/helvest.ch\/eu\/wp-json\/wp\/v2\/media?parent=3293"}],"wp:term":[{"taxonomy":"product_cat","embeddable":true,"href":"https:\/\/helvest.ch\/eu\/wp-json\/wp\/v2\/product_cat?post=3293"},{"taxonomy":"product_tag","embeddable":true,"href":"https:\/\/helvest.ch\/eu\/wp-json\/wp\/v2\/product_tag?post=3293"}],"curies":[{"name":"wp","href":"https:\/\/api.w.org\/{rel}","templated":true}]}}