{"id":3209,"date":"2025-02-18T20:36:23","date_gmt":"2025-02-18T20:36:23","guid":{"rendered":"https:\/\/helvest.ch\/eu\/?post_type=product&#038;p=3209"},"modified":"2025-09-25T11:20:26","modified_gmt":"2025-09-25T11:20:26","slug":"carte-avec-4-x-relais-bistables-8a","status":"publish","type":"product","link":"https:\/\/helvest.ch\/eu\/fr\/prodotto\/carte-avec-4-x-relais-bistables-8a\/","title":{"rendered":"Carte avec 4 x relais bistables  8A"},"content":{"rendered":"<style>.fb_iframe_widget span{width:460px !important;} .fb_iframe_widget iframe {margin: 0 !important;}        .fb_edge_comment_widget { display: none !important; }<\/style><div style=\"width:100%; text-align:center\"><div class=\"fb-like\" style=\"width:600px; overflow: hidden !important; \" data-href=\"https:\/\/helvest.ch\/eu\/fr\/prodotto\/carte-avec-4-x-relais-bistables-8a\/\" data-size=\"small\" data-colorscheme=\"light\" data-width=\"600\" data-layout=\"standard\" data-action=\"like\" data-show-faces=\"true\" data-share=\"true\" kid_directed_site=\"false\"><\/div><\/div>","protected":false},"excerpt":{"rendered":"<p>Carte avec 4 relais bistables SPDT pour alimenter des circuits de voie, des moteurs et l\u2019\u00e9clairage.<\/p>\n<p>La bobine commute avec une tension de 12 V. Elle peut \u00eatre command\u00e9e avec le module Helvest GAW400, en analogique ou avec des d\u00e9codeurs d&#8217;autres fabricants fournissant une sortie compatible.<\/p>\n<p>Les relais peuvent commuter des tensions jusqu&#8217;\u00e0 50 V et des courants jusqu&#8217;\u00e0 16 A, ce qui les rend adapt\u00e9s \u00e0 toutes les applications de mod\u00e9lisme ferroviaire.<\/p>\n<p><a href=\"https:\/\/helvest.ch\/downloads\/GBR40_A5.pdf\" target=\"_blank\" rel=\"noopener\">Vous pouvez t\u00e9l\u00e9charger la notice ici.<\/a> &hellip; <a href=\"https:\/\/helvest.ch\/eu\/fr\/prodotto\/carte-avec-4-x-relais-bistables-8a\/\">Read More<\/a><\/p>\n","protected":false},"featured_media":3203,"template":"","meta":[],"product_cat":[339],"product_tag":[],"class_list":{"0":"post-3209","1":"product","2":"type-product","3":"status-publish","4":"has-post-thumbnail","6":"product_cat-boutons","8":"first","9":"instock","10":"shipping-taxable","11":"purchasable","12":"product-type-simple"},"_links":{"self":[{"href":"https:\/\/helvest.ch\/eu\/wp-json\/wp\/v2\/product\/3209","targetHints":{"allow":["GET"]}}],"collection":[{"href":"https:\/\/helvest.ch\/eu\/wp-json\/wp\/v2\/product"}],"about":[{"href":"https:\/\/helvest.ch\/eu\/wp-json\/wp\/v2\/types\/product"}],"version-history":[{"count":2,"href":"https:\/\/helvest.ch\/eu\/wp-json\/wp\/v2\/product\/3209\/revisions"}],"predecessor-version":[{"id":3384,"href":"https:\/\/helvest.ch\/eu\/wp-json\/wp\/v2\/product\/3209\/revisions\/3384"}],"wp:featuredmedia":[{"embeddable":true,"href":"https:\/\/helvest.ch\/eu\/wp-json\/wp\/v2\/media\/3203"}],"wp:attachment":[{"href":"https:\/\/helvest.ch\/eu\/wp-json\/wp\/v2\/media?parent=3209"}],"wp:term":[{"taxonomy":"product_cat","embeddable":true,"href":"https:\/\/helvest.ch\/eu\/wp-json\/wp\/v2\/product_cat?post=3209"},{"taxonomy":"product_tag","embeddable":true,"href":"https:\/\/helvest.ch\/eu\/wp-json\/wp\/v2\/product_tag?post=3209"}],"curies":[{"name":"wp","href":"https:\/\/api.w.org\/{rel}","templated":true}]}}