{"id":3206,"date":"2025-02-18T20:35:04","date_gmt":"2025-02-18T20:35:04","guid":{"rendered":"https:\/\/helvest.ch\/eu\/?post_type=product&#038;p=3206"},"modified":"2025-09-25T11:20:26","modified_gmt":"2025-09-25T11:20:26","slug":"4-x-8a-bistabile-relais","status":"publish","type":"product","link":"https:\/\/helvest.ch\/eu\/de\/prodotto\/4-x-8a-bistabile-relais\/","title":{"rendered":"4 x 8A bistabile Relais"},"content":{"rendered":"<style>.fb_iframe_widget span{width:460px !important;} .fb_iframe_widget iframe {margin: 0 !important;}        .fb_edge_comment_widget { display: none !important; }<\/style><div style=\"width:100%; text-align:center\"><div class=\"fb-like\" style=\"width:600px; overflow: hidden !important; \" data-href=\"https:\/\/helvest.ch\/eu\/de\/prodotto\/4-x-8a-bistabile-relais\/\" data-size=\"small\" data-colorscheme=\"light\" data-width=\"600\" data-layout=\"standard\" data-action=\"like\" data-show-faces=\"true\" data-share=\"true\" kid_directed_site=\"false\"><\/div><\/div>","protected":false},"excerpt":{"rendered":"<p>Platine mit 4 bistabilen SPDT-Relais zur Stromversorgung von Gleiskreisen, Motoren und Beleuchtung.<\/p>\n<p>Die Spule schaltet mit einer Spannung von 12 V um. Sie kann mit dem Helvest GAW400-Modul, im Analogbetrieb oder mit Decodern anderer Hersteller gesteuert werden, sofern diese das passende Ausgangssignal liefern.<\/p>\n<p>Die Relais k\u00f6nnen Spannungen bis zu 50 V und Str\u00f6me bis zu 16 A schalten und sind daher f\u00fcr jede Modellbahnanwendung geeignet.<\/p>\n<p><a href=\"https:\/\/helvest.ch\/downloads\/GBR40_A5.pdf\" target=\"_blank\" rel=\"noopener\">Hier k\u00f6nnen Sie das Anleitungsblatt herunterladen.<\/a> &hellip; <a href=\"https:\/\/helvest.ch\/eu\/de\/prodotto\/4-x-8a-bistabile-relais\/\">Read More<\/a><\/p>\n","protected":false},"featured_media":3203,"template":"","meta":[],"product_cat":[337],"product_tag":[],"class_list":{"0":"post-3206","1":"product","2":"type-product","3":"status-publish","4":"has-post-thumbnail","6":"product_cat-knoepfe","8":"first","9":"instock","10":"shipping-taxable","11":"purchasable","12":"product-type-simple"},"_links":{"self":[{"href":"https:\/\/helvest.ch\/eu\/wp-json\/wp\/v2\/product\/3206","targetHints":{"allow":["GET"]}}],"collection":[{"href":"https:\/\/helvest.ch\/eu\/wp-json\/wp\/v2\/product"}],"about":[{"href":"https:\/\/helvest.ch\/eu\/wp-json\/wp\/v2\/types\/product"}],"version-history":[{"count":3,"href":"https:\/\/helvest.ch\/eu\/wp-json\/wp\/v2\/product\/3206\/revisions"}],"predecessor-version":[{"id":3385,"href":"https:\/\/helvest.ch\/eu\/wp-json\/wp\/v2\/product\/3206\/revisions\/3385"}],"wp:featuredmedia":[{"embeddable":true,"href":"https:\/\/helvest.ch\/eu\/wp-json\/wp\/v2\/media\/3203"}],"wp:attachment":[{"href":"https:\/\/helvest.ch\/eu\/wp-json\/wp\/v2\/media?parent=3206"}],"wp:term":[{"taxonomy":"product_cat","embeddable":true,"href":"https:\/\/helvest.ch\/eu\/wp-json\/wp\/v2\/product_cat?post=3206"},{"taxonomy":"product_tag","embeddable":true,"href":"https:\/\/helvest.ch\/eu\/wp-json\/wp\/v2\/product_tag?post=3206"}],"curies":[{"name":"wp","href":"https:\/\/api.w.org\/{rel}","templated":true}]}}