{"id":3191,"date":"2025-01-28T12:04:10","date_gmt":"2025-01-28T12:04:10","guid":{"rendered":"https:\/\/helvest.ch\/eu\/?post_type=product&#038;p=3191"},"modified":"2026-04-04T03:33:19","modified_gmt":"2026-04-04T03:33:19","slug":"kit-de-conversion-a-led-pour-signal-marklin-7188","status":"publish","type":"product","link":"https:\/\/helvest.ch\/eu\/fr\/prodotto\/kit-de-conversion-a-led-pour-signal-marklin-7188\/","title":{"rendered":"Kit de conversion \u00e0 LED pour signal M\u00e4rklin\u00ae 7188"},"content":{"rendered":"<style>.fb_iframe_widget span{width:460px !important;} .fb_iframe_widget iframe {margin: 0 !important;}        .fb_edge_comment_widget { display: none !important; }<\/style><div style=\"width:100%; text-align:center\"><div class=\"fb-like\" style=\"width:600px; overflow: hidden !important; \" data-href=\"https:\/\/helvest.ch\/eu\/fr\/prodotto\/kit-de-conversion-a-led-pour-signal-marklin-7188\/\" data-size=\"small\" data-colorscheme=\"light\" data-width=\"600\" data-layout=\"standard\" data-action=\"like\" data-show-faces=\"true\" data-share=\"true\" kid_directed_site=\"false\"><\/div><\/div>","protected":false},"excerpt":{"rendered":"<p>Carte \u00e9lectronique pr\u00eate \u00e0 l&#8217;emploi pour modifier un ancien signal M\u00e4rklin\u00ae 7188 avec des LED. Compatible avec une gestion digitale ou une alimentation analogique en courant continu 12 V. \u00c9limination compl\u00e8te du circuit pr\u00e9c\u00e9dent.<br \/>\nPour plus d&#8217;informations, <a href=\"https:\/\/helvest.ch\/downloads\/SR70.pdf\" target=\"_blank\" rel=\"noopener\">consultez le manuel en cliquant ici.<\/a><\/p>\n<p>La marque M\u00e4rklin, indiqu\u00e9e avec \u00ae, appartient \u00e0 des tiers. &hellip; <a href=\"https:\/\/helvest.ch\/eu\/fr\/prodotto\/kit-de-conversion-a-led-pour-signal-marklin-7188\/\">Read More<\/a><\/p>\n","protected":false},"featured_media":3186,"template":"","meta":[],"product_cat":[339],"product_tag":[],"class_list":{"0":"post-3191","1":"product","2":"type-product","3":"status-publish","4":"has-post-thumbnail","6":"product_cat-boutons","8":"first","9":"onbackorder","10":"shipping-taxable","11":"purchasable","12":"product-type-simple"},"_links":{"self":[{"href":"https:\/\/helvest.ch\/eu\/wp-json\/wp\/v2\/product\/3191","targetHints":{"allow":["GET"]}}],"collection":[{"href":"https:\/\/helvest.ch\/eu\/wp-json\/wp\/v2\/product"}],"about":[{"href":"https:\/\/helvest.ch\/eu\/wp-json\/wp\/v2\/types\/product"}],"version-history":[{"count":1,"href":"https:\/\/helvest.ch\/eu\/wp-json\/wp\/v2\/product\/3191\/revisions"}],"predecessor-version":[{"id":3192,"href":"https:\/\/helvest.ch\/eu\/wp-json\/wp\/v2\/product\/3191\/revisions\/3192"}],"wp:featuredmedia":[{"embeddable":true,"href":"https:\/\/helvest.ch\/eu\/wp-json\/wp\/v2\/media\/3186"}],"wp:attachment":[{"href":"https:\/\/helvest.ch\/eu\/wp-json\/wp\/v2\/media?parent=3191"}],"wp:term":[{"taxonomy":"product_cat","embeddable":true,"href":"https:\/\/helvest.ch\/eu\/wp-json\/wp\/v2\/product_cat?post=3191"},{"taxonomy":"product_tag","embeddable":true,"href":"https:\/\/helvest.ch\/eu\/wp-json\/wp\/v2\/product_tag?post=3191"}],"curies":[{"name":"wp","href":"https:\/\/api.w.org\/{rel}","templated":true}]}}