{"id":3162,"date":"2025-01-05T12:38:32","date_gmt":"2025-01-05T12:38:32","guid":{"rendered":"https:\/\/helvest.ch\/eu\/?post_type=product&#038;p=3162"},"modified":"2025-01-05T12:39:36","modified_gmt":"2025-01-05T12:39:36","slug":"decodeur-complet-dcc-nmra-pour-8-aiguillages-lents-a-trois-cables-alimentation-externe","status":"publish","type":"product","link":"https:\/\/helvest.ch\/eu\/fr\/prodotto\/decodeur-complet-dcc-nmra-pour-8-aiguillages-lents-a-trois-cables-alimentation-externe\/","title":{"rendered":"D\u00e9codeur complet DCC\/NMRA pour 8 aiguillages lents \u201c\u00e0 trois c\u00e2bles\u201d (alimentation externe)"},"content":{"rendered":"<style>.fb_iframe_widget span{width:460px !important;} .fb_iframe_widget iframe {margin: 0 !important;}        .fb_edge_comment_widget { display: none !important; }<\/style><div style=\"width:100%; text-align:center\"><div class=\"fb-like\" style=\"width:600px; overflow: hidden !important; \" data-href=\"https:\/\/helvest.ch\/eu\/fr\/prodotto\/decodeur-complet-dcc-nmra-pour-8-aiguillages-lents-a-trois-cables-alimentation-externe\/\" data-size=\"small\" data-colorscheme=\"light\" data-width=\"600\" data-layout=\"standard\" data-action=\"like\" data-show-faces=\"true\" data-share=\"true\" kid_directed_site=\"false\"><\/div><\/div>","protected":false},"excerpt":{"rendered":"<div class=\"woocommerce-product-details__short-description\">\n<div class=\"woocommerce-product-details__short-description\">\n<div class=\"woocommerce-product-details__short-description\">\n<p>D\u00e9codeur complet pour la commande de jusqu\u2019\u00e0 8 moteurs d\u2019aiguillage \u201cavec 3 c\u00e2bles\u201d. Protocole NMRA-DCC avec certification NMRA, il est compatible avec tous les centres DCC.<\/p>\n<p>Il contr\u00f4le les aiguillages avec 12V DC avec anode commun. Exemples de moteurs : MTB* MP1, MTB* MP5 et autres, en cas de doute, veuillez nous contacter ! Ne convient pas pour les bobines \u00e9lectromagn\u00e9tiques.<\/p>\n<p>La configuration et l\u2019utilisation sont tr\u00e8s simples. Il peut \u00eatre programm\u00e9 sans composants suppl\u00e9mentaires.<\/p>\n<p>Ce d\u00e9codeur doit \u00eatre aliment\u00e9 par une source externe de courant continu ou alternatif (14-20 V).<\/p>\n<p>Si vous pr\u00e9f\u00e9rez des configurations plus complexes (seulement 4 sorties ou combinaison avec d\u2019autres accessoires), vous pouvez acheter les modules individuels dans les sections d\u00e9di\u00e9es du site web. Pour toute question ou information sur ce produit, n\u2019h\u00e9sitez pas \u00e0 nous contacter !<\/p>\n<p>*Marques de tiers, propri\u00e9t\u00e9 de leurs propri\u00e9taires respectifs.<\/p>\n<\/div>\n<\/div>\n<\/div>\n<p> &hellip; <a href=\"https:\/\/helvest.ch\/eu\/fr\/prodotto\/decodeur-complet-dcc-nmra-pour-8-aiguillages-lents-a-trois-cables-alimentation-externe\/\">Read More<\/a><\/p>\n","protected":false},"featured_media":3160,"template":"","meta":[],"product_cat":[365],"product_tag":[],"class_list":{"0":"post-3162","1":"product","2":"type-product","3":"status-publish","4":"has-post-thumbnail","6":"product_cat-completedec-dcc-ext-fr","8":"first","9":"instock","10":"shipping-taxable","11":"purchasable","12":"product-type-simple"},"_links":{"self":[{"href":"https:\/\/helvest.ch\/eu\/wp-json\/wp\/v2\/product\/3162","targetHints":{"allow":["GET"]}}],"collection":[{"href":"https:\/\/helvest.ch\/eu\/wp-json\/wp\/v2\/product"}],"about":[{"href":"https:\/\/helvest.ch\/eu\/wp-json\/wp\/v2\/types\/product"}],"version-history":[{"count":3,"href":"https:\/\/helvest.ch\/eu\/wp-json\/wp\/v2\/product\/3162\/revisions"}],"predecessor-version":[{"id":3165,"href":"https:\/\/helvest.ch\/eu\/wp-json\/wp\/v2\/product\/3162\/revisions\/3165"}],"wp:featuredmedia":[{"embeddable":true,"href":"https:\/\/helvest.ch\/eu\/wp-json\/wp\/v2\/media\/3160"}],"wp:attachment":[{"href":"https:\/\/helvest.ch\/eu\/wp-json\/wp\/v2\/media?parent=3162"}],"wp:term":[{"taxonomy":"product_cat","embeddable":true,"href":"https:\/\/helvest.ch\/eu\/wp-json\/wp\/v2\/product_cat?post=3162"},{"taxonomy":"product_tag","embeddable":true,"href":"https:\/\/helvest.ch\/eu\/wp-json\/wp\/v2\/product_tag?post=3162"}],"curies":[{"name":"wp","href":"https:\/\/api.w.org\/{rel}","templated":true}]}}