{"id":3151,"date":"2025-01-04T10:37:16","date_gmt":"2025-01-04T10:37:16","guid":{"rendered":"https:\/\/helvest.ch\/eu\/?post_type=product&#038;p=3151"},"modified":"2025-01-04T10:37:17","modified_gmt":"2025-01-04T10:37:17","slug":"decodeur-dcc-nmra-complet-pour-8-servomoteurs-alimentation-externe","status":"publish","type":"product","link":"https:\/\/helvest.ch\/eu\/fr\/prodotto\/decodeur-dcc-nmra-complet-pour-8-servomoteurs-alimentation-externe\/","title":{"rendered":"D\u00e9codeur DCC\/NMRA complet pour 8 servomoteurs (alimentation externe)"},"content":{"rendered":"<style>.fb_iframe_widget span{width:460px !important;} .fb_iframe_widget iframe {margin: 0 !important;}        .fb_edge_comment_widget { display: none !important; }<\/style><div style=\"width:100%; text-align:center\"><div class=\"fb-like\" style=\"width:600px; overflow: hidden !important; \" data-href=\"https:\/\/helvest.ch\/eu\/fr\/prodotto\/decodeur-dcc-nmra-complet-pour-8-servomoteurs-alimentation-externe\/\" data-size=\"small\" data-colorscheme=\"light\" data-width=\"600\" data-layout=\"standard\" data-action=\"like\" data-show-faces=\"true\" data-share=\"true\" kid_directed_site=\"false\"><\/div><\/div>","protected":false},"excerpt":{"rendered":"<div class=\"woocommerce-product-details__short-description\">\n<div class=\"woocommerce-product-details__short-description\">\n<p>D\u00e9codeur complet pour piloter jusqu\u2019\u00e0 8 servomoteurs. Protocole DCC certifi\u00e9 NMRA, compatible avec tous les postes de commande DCC.<\/p>\n<p>Il contr\u00f4le tous les types de servomoteurs avec des fiches standard avec un maximum de 500 mA.<\/p>\n<p>La configuration et le fonctionnement sont tr\u00e8s simples. Outre l\u2019adresse, il est possible de programmer les positions des moteurs et la vitesse \u00e0 laquelle ils se d\u00e9placent. La programmation ne n\u00e9cessite pas de composants suppl\u00e9mentaires.<\/p>\n<p>Ce d\u00e9codeur doit \u00eatre aliment\u00e9 par une source externe de courant continu ou alternatif (14-20 V).<\/p>\n<p>Si vous pr\u00e9f\u00e9rez des configurations plus complexes (seulement 4 sorties ou combinaison avec d\u2019autres accessoires), vous pouvez choisir des modules s\u00e9par\u00e9s dans les sections correspondantes du site web. Si vous avez des questions ou des informations sur ce produit, n\u2019h\u00e9sitez pas \u00e0 nous contacter !<\/p>\n<\/div>\n<\/div>\n<p> &hellip; <a href=\"https:\/\/helvest.ch\/eu\/fr\/prodotto\/decodeur-dcc-nmra-complet-pour-8-servomoteurs-alimentation-externe\/\">Read More<\/a><\/p>\n","protected":false},"featured_media":3148,"template":"","meta":[],"product_cat":[365],"product_tag":[],"class_list":{"0":"post-3151","1":"product","2":"type-product","3":"status-publish","4":"has-post-thumbnail","6":"product_cat-completedec-dcc-ext-fr","8":"first","9":"instock","10":"shipping-taxable","11":"purchasable","12":"product-type-simple"},"_links":{"self":[{"href":"https:\/\/helvest.ch\/eu\/wp-json\/wp\/v2\/product\/3151","targetHints":{"allow":["GET"]}}],"collection":[{"href":"https:\/\/helvest.ch\/eu\/wp-json\/wp\/v2\/product"}],"about":[{"href":"https:\/\/helvest.ch\/eu\/wp-json\/wp\/v2\/types\/product"}],"version-history":[{"count":1,"href":"https:\/\/helvest.ch\/eu\/wp-json\/wp\/v2\/product\/3151\/revisions"}],"predecessor-version":[{"id":3155,"href":"https:\/\/helvest.ch\/eu\/wp-json\/wp\/v2\/product\/3151\/revisions\/3155"}],"wp:featuredmedia":[{"embeddable":true,"href":"https:\/\/helvest.ch\/eu\/wp-json\/wp\/v2\/media\/3148"}],"wp:attachment":[{"href":"https:\/\/helvest.ch\/eu\/wp-json\/wp\/v2\/media?parent=3151"}],"wp:term":[{"taxonomy":"product_cat","embeddable":true,"href":"https:\/\/helvest.ch\/eu\/wp-json\/wp\/v2\/product_cat?post=3151"},{"taxonomy":"product_tag","embeddable":true,"href":"https:\/\/helvest.ch\/eu\/wp-json\/wp\/v2\/product_tag?post=3151"}],"curies":[{"name":"wp","href":"https:\/\/api.w.org\/{rel}","templated":true}]}}