{"id":3150,"date":"2025-01-04T10:36:38","date_gmt":"2025-01-04T10:36:38","guid":{"rendered":"https:\/\/helvest.ch\/eu\/?post_type=product&#038;p=3150"},"modified":"2025-01-04T10:36:38","modified_gmt":"2025-01-04T10:36:38","slug":"kompletter-dcc-nmra-decoder-fuer-8-servomotoren-externe-stromversorgung","status":"publish","type":"product","link":"https:\/\/helvest.ch\/eu\/de\/prodotto\/kompletter-dcc-nmra-decoder-fuer-8-servomotoren-externe-stromversorgung\/","title":{"rendered":"Kompletter DCC\/NMRA-Decoder f\u00fcr 8 Servomotoren (Externe Stromversorgung)"},"content":{"rendered":"<style>.fb_iframe_widget span{width:460px !important;} .fb_iframe_widget iframe {margin: 0 !important;}        .fb_edge_comment_widget { display: none !important; }<\/style><div style=\"width:100%; text-align:center\"><div class=\"fb-like\" style=\"width:600px; overflow: hidden !important; \" data-href=\"https:\/\/helvest.ch\/eu\/de\/prodotto\/kompletter-dcc-nmra-decoder-fuer-8-servomotoren-externe-stromversorgung\/\" data-size=\"small\" data-colorscheme=\"light\" data-width=\"600\" data-layout=\"standard\" data-action=\"like\" data-show-faces=\"true\" data-share=\"true\" kid_directed_site=\"false\"><\/div><\/div>","protected":false},"excerpt":{"rendered":"<div class=\"woocommerce-product-details__short-description\">\n<div class=\"woocommerce-product-details__short-description\">\n<p>Kompletter Decoder zum Antrieb von bis zu 8 Servomotoren. DCC NMRA-zertifiziertes Protokoll, kompatibel mit allen DCC-Zentralen.<\/p>\n<p>Er steuert alle Typen von Servomotoren mit Standardstecker mit maximal 500 mA.<\/p>\n<p>Konfiguration und Bedienung sind sehr einfach. Neben der Adresse ist es m\u00f6glich, die Positionen der Motoren und die Geschwindigkeit, mit der sie sich bewegen, zu programmieren. Die Programmierung erfordert keine zus\u00e4tzlichen Komponenten.<\/p>\n<p>Sie werden von einer anderen Energiequelle als die Digitalzentrale versorgt ( stellt sicher, dass die Energie optimal genutzt wird, empfohlen f\u00fcr mittlere und gro\u00dfe Modelleisenbahnen).<\/p>\n<p>Wenn Sie komplexere Konfigurationen bevorzugen (nur 4 Ausg\u00e4nge oder Kombination mit anderem Zubeh\u00f6r), k\u00f6nnen Sie separate Module in den entsprechenden Abschnitten der Website w\u00e4hlen. Wenn Sie Fragen oder Informationen zu diesem Produkt haben, z\u00f6gern Sie bitte nicht, uns zu kontaktieren!<\/p>\n<\/div>\n<\/div>\n<p> &hellip; <a href=\"https:\/\/helvest.ch\/eu\/de\/prodotto\/kompletter-dcc-nmra-decoder-fuer-8-servomotoren-externe-stromversorgung\/\">Read More<\/a><\/p>\n","protected":false},"featured_media":3148,"template":"","meta":[],"product_cat":[363],"product_tag":[],"class_list":{"0":"post-3150","1":"product","2":"type-product","3":"status-publish","4":"has-post-thumbnail","6":"product_cat-completedec-dcc-ext-de","8":"first","9":"instock","10":"shipping-taxable","11":"purchasable","12":"product-type-simple"},"_links":{"self":[{"href":"https:\/\/helvest.ch\/eu\/wp-json\/wp\/v2\/product\/3150","targetHints":{"allow":["GET"]}}],"collection":[{"href":"https:\/\/helvest.ch\/eu\/wp-json\/wp\/v2\/product"}],"about":[{"href":"https:\/\/helvest.ch\/eu\/wp-json\/wp\/v2\/types\/product"}],"version-history":[{"count":1,"href":"https:\/\/helvest.ch\/eu\/wp-json\/wp\/v2\/product\/3150\/revisions"}],"predecessor-version":[{"id":3154,"href":"https:\/\/helvest.ch\/eu\/wp-json\/wp\/v2\/product\/3150\/revisions\/3154"}],"wp:featuredmedia":[{"embeddable":true,"href":"https:\/\/helvest.ch\/eu\/wp-json\/wp\/v2\/media\/3148"}],"wp:attachment":[{"href":"https:\/\/helvest.ch\/eu\/wp-json\/wp\/v2\/media?parent=3150"}],"wp:term":[{"taxonomy":"product_cat","embeddable":true,"href":"https:\/\/helvest.ch\/eu\/wp-json\/wp\/v2\/product_cat?post=3150"},{"taxonomy":"product_tag","embeddable":true,"href":"https:\/\/helvest.ch\/eu\/wp-json\/wp\/v2\/product_tag?post=3150"}],"curies":[{"name":"wp","href":"https:\/\/api.w.org\/{rel}","templated":true}]}}