{"id":3140,"date":"2024-12-22T16:43:17","date_gmt":"2024-12-22T16:43:17","guid":{"rendered":"https:\/\/helvest.ch\/eu\/?post_type=product&#038;p=3140"},"modified":"2025-08-09T15:56:47","modified_gmt":"2025-08-09T15:56:47","slug":"gad10-2x-relais-monostables-spdt","status":"publish","type":"product","link":"https:\/\/helvest.ch\/eu\/fr\/prodotto\/gad10-2x-relais-monostables-spdt\/","title":{"rendered":"GAD10 \u2013 2x relais monostables SPDT (version 2024)"},"content":{"rendered":"<style>.fb_iframe_widget span{width:460px !important;} .fb_iframe_widget iframe {margin: 0 !important;}        .fb_edge_comment_widget { display: none !important; }<\/style><div style=\"width:100%; text-align:center\"><div class=\"fb-like\" style=\"width:600px; overflow: hidden !important; \" data-href=\"https:\/\/helvest.ch\/eu\/fr\/prodotto\/gad10-2x-relais-monostables-spdt\/\" data-size=\"small\" data-colorscheme=\"light\" data-width=\"600\" data-layout=\"standard\" data-action=\"like\" data-show-faces=\"true\" data-share=\"true\" kid_directed_site=\"false\"><\/div><\/div>","protected":false},"excerpt":{"rendered":"<div class=\"woocommerce-product-details__short-description\">\n<div class=\"woocommerce-product-details__short-description\">\n<p>Carte avec 2x relais monostables GAD10. Relais SPDT<\/p>\n<p>Actionnable avec un module GAW400 ou avec un contr\u00f4le analogique en 12 V.<\/p>\n<p>Utile pour commander des dispositifs \u00e0 forte consommation de courant, tels que des aiguillages ou des rails de d\u00e9telage de conception ancienne n\u00e9cessitant un contact SPDT (c\u2019est-\u00e0-dire un contact \u00e0 la fois \u00ab ouvert \u00bb et \u00ab ferm\u00e9 \u00bb).<\/p>\n<p>Notice d\u2019instructions<a href=\"https:\/\/helvest.ch\/downloads\/GAD10_A5.pdf\"> disponible ici.<\/a><\/p>\n<\/div>\n<\/div>\n<p> &hellip; <a href=\"https:\/\/helvest.ch\/eu\/fr\/prodotto\/gad10-2x-relais-monostables-spdt\/\">Read More<\/a><\/p>\n","protected":false},"featured_media":3137,"template":"","meta":[],"product_cat":[339],"product_tag":[],"class_list":{"0":"post-3140","1":"product","2":"type-product","3":"status-publish","4":"has-post-thumbnail","6":"product_cat-boutons","8":"first","9":"instock","10":"sale","11":"shipping-taxable","12":"purchasable","13":"product-type-simple"},"_links":{"self":[{"href":"https:\/\/helvest.ch\/eu\/wp-json\/wp\/v2\/product\/3140","targetHints":{"allow":["GET"]}}],"collection":[{"href":"https:\/\/helvest.ch\/eu\/wp-json\/wp\/v2\/product"}],"about":[{"href":"https:\/\/helvest.ch\/eu\/wp-json\/wp\/v2\/types\/product"}],"version-history":[{"count":2,"href":"https:\/\/helvest.ch\/eu\/wp-json\/wp\/v2\/product\/3140\/revisions"}],"predecessor-version":[{"id":3282,"href":"https:\/\/helvest.ch\/eu\/wp-json\/wp\/v2\/product\/3140\/revisions\/3282"}],"wp:featuredmedia":[{"embeddable":true,"href":"https:\/\/helvest.ch\/eu\/wp-json\/wp\/v2\/media\/3137"}],"wp:attachment":[{"href":"https:\/\/helvest.ch\/eu\/wp-json\/wp\/v2\/media?parent=3140"}],"wp:term":[{"taxonomy":"product_cat","embeddable":true,"href":"https:\/\/helvest.ch\/eu\/wp-json\/wp\/v2\/product_cat?post=3140"},{"taxonomy":"product_tag","embeddable":true,"href":"https:\/\/helvest.ch\/eu\/wp-json\/wp\/v2\/product_tag?post=3140"}],"curies":[{"name":"wp","href":"https:\/\/api.w.org\/{rel}","templated":true}]}}