{"id":3074,"date":"2024-12-06T09:27:56","date_gmt":"2024-12-06T09:27:56","guid":{"rendered":"https:\/\/helvest.ch\/eu\/?post_type=product&#038;p=3074"},"modified":"2024-12-06T09:40:21","modified_gmt":"2024-12-06T09:40:21","slug":"compl-ext-es-fr","status":"publish","type":"product","link":"https:\/\/helvest.ch\/eu\/fr\/prodotto\/compl-ext-es-fr\/","title":{"rendered":"D\u00e9codeur DCC\/NMRA complet avec 16 sorties pour signaux (alimentation externe)"},"content":{"rendered":"<style>.fb_iframe_widget span{width:460px !important;} .fb_iframe_widget iframe {margin: 0 !important;}        .fb_edge_comment_widget { display: none !important; }<\/style><div style=\"width:100%; text-align:center\"><div class=\"fb-like\" style=\"width:600px; overflow: hidden !important; \" data-href=\"https:\/\/helvest.ch\/eu\/fr\/prodotto\/compl-ext-es-fr\/\" data-size=\"small\" data-colorscheme=\"light\" data-width=\"600\" data-layout=\"standard\" data-action=\"like\" data-show-faces=\"true\" data-share=\"true\" kid_directed_site=\"false\"><\/div><\/div>","protected":false},"excerpt":{"rendered":"<div class=\"woocommerce-product-details__short-description\">\n<p>D\u00e9codeur complet pour piloter jusqu\u2019\u00e0 8 signaux \u00e0 deux feux, ou jusqu\u2019\u00e0 4 \u00e0 trois feux. Protocole DCC NMRA avec certification NMRA, il est compatible avec toutes les unit\u00e9s de contr\u00f4le DCC.<\/p>\n<p>Il actionne les lumi\u00e8res en fournissant une tension continue de 12V avec une anode commune et un maximum de 500 mA.<\/p>\n<p>La configuration et l\u2019utilisation sont tr\u00e8s simples. La programmation ne n\u00e9cessite pas d\u2019\u00e9l\u00e9ments suppl\u00e9mentaires.<\/p>\n<\/div>\n<p>Ce d\u00e9codeur doit \u00eatre aliment\u00e9 par une source externe de courant continu ou alternatif (14-20 V).<\/p>\n<p>&nbsp;<\/p>\n<p>Se preferisci configurazioni pi\u00f9 complesse (solo 4 uscite o combinazione con altri accessori) \u00e8 possibile acquistare i moduli separati nelle apposite sezioni del sito. Per qualsiasi domanda o informazione su questo prodotto non esitare a contattarci! &hellip; <a href=\"https:\/\/helvest.ch\/eu\/fr\/prodotto\/compl-ext-es-fr\/\">Read More<\/a><\/p>\n","protected":false},"featured_media":1416,"template":"","meta":[],"product_cat":[365],"product_tag":[],"class_list":{"0":"post-3074","1":"product","2":"type-product","3":"status-publish","4":"has-post-thumbnail","6":"product_cat-completedec-dcc-ext-fr","8":"first","9":"instock","10":"shipping-taxable","11":"purchasable","12":"product-type-simple"},"_links":{"self":[{"href":"https:\/\/helvest.ch\/eu\/wp-json\/wp\/v2\/product\/3074","targetHints":{"allow":["GET"]}}],"collection":[{"href":"https:\/\/helvest.ch\/eu\/wp-json\/wp\/v2\/product"}],"about":[{"href":"https:\/\/helvest.ch\/eu\/wp-json\/wp\/v2\/types\/product"}],"version-history":[{"count":1,"href":"https:\/\/helvest.ch\/eu\/wp-json\/wp\/v2\/product\/3074\/revisions"}],"predecessor-version":[{"id":3077,"href":"https:\/\/helvest.ch\/eu\/wp-json\/wp\/v2\/product\/3074\/revisions\/3077"}],"wp:featuredmedia":[{"embeddable":true,"href":"https:\/\/helvest.ch\/eu\/wp-json\/wp\/v2\/media\/1416"}],"wp:attachment":[{"href":"https:\/\/helvest.ch\/eu\/wp-json\/wp\/v2\/media?parent=3074"}],"wp:term":[{"taxonomy":"product_cat","embeddable":true,"href":"https:\/\/helvest.ch\/eu\/wp-json\/wp\/v2\/product_cat?post=3074"},{"taxonomy":"product_tag","embeddable":true,"href":"https:\/\/helvest.ch\/eu\/wp-json\/wp\/v2\/product_tag?post=3074"}],"curies":[{"name":"wp","href":"https:\/\/api.w.org\/{rel}","templated":true}]}}