{"id":3063,"date":"2024-11-30T09:29:53","date_gmt":"2024-11-30T09:29:53","guid":{"rendered":"https:\/\/helvest.ch\/eu\/?post_type=product&#038;p=3063"},"modified":"2026-02-14T17:20:05","modified_gmt":"2026-02-14T17:20:05","slug":"gar10-2x-monostabile-relais","status":"publish","type":"product","link":"https:\/\/helvest.ch\/eu\/de\/prodotto\/gar10-2x-monostabile-relais\/","title":{"rendered":"GAR10 &#8211; 2x monostabile Relais"},"content":{"rendered":"<style>.fb_iframe_widget span{width:460px !important;} .fb_iframe_widget iframe {margin: 0 !important;}        .fb_edge_comment_widget { display: none !important; }<\/style><div style=\"width:100%; text-align:center\"><div class=\"fb-like\" style=\"width:600px; overflow: hidden !important; \" data-href=\"https:\/\/helvest.ch\/eu\/de\/prodotto\/gar10-2x-monostabile-relais\/\" data-size=\"small\" data-colorscheme=\"light\" data-width=\"600\" data-layout=\"standard\" data-action=\"like\" data-show-faces=\"true\" data-share=\"true\" kid_directed_site=\"false\"><\/div><\/div>","protected":false},"excerpt":{"rendered":"<p><strong>Karte mit 2x monostabilen Relais.<\/strong><\/p>\n<p>Ansteuerbar mit einem GAW400-Modul oder mit einer analogen 12-V-Steuerung.<\/p>\n<p>N\u00fctzlich zum Schalten von Ger\u00e4ten mit hohem Stromverbrauch, wie Weichen oder Entkupplungsgleisen \u00e4lterer Bauart.<\/p>\n<p>Die Bedienungsanleitung<a href=\"https:\/\/helvest.ch\/downloads\/GAR10_A5.pdf\"> ist hier verf\u00fcgbar.<\/a> &hellip; <a href=\"https:\/\/helvest.ch\/eu\/de\/prodotto\/gar10-2x-monostabile-relais\/\">Read More<\/a><\/p>\n","protected":false},"featured_media":3065,"template":"","meta":[],"product_cat":[337],"product_tag":[],"class_list":{"0":"post-3063","1":"product","2":"type-product","3":"status-publish","4":"has-post-thumbnail","6":"product_cat-knoepfe","8":"first","9":"onbackorder","10":"shipping-taxable","11":"purchasable","12":"product-type-simple"},"_links":{"self":[{"href":"https:\/\/helvest.ch\/eu\/wp-json\/wp\/v2\/product\/3063","targetHints":{"allow":["GET"]}}],"collection":[{"href":"https:\/\/helvest.ch\/eu\/wp-json\/wp\/v2\/product"}],"about":[{"href":"https:\/\/helvest.ch\/eu\/wp-json\/wp\/v2\/types\/product"}],"version-history":[{"count":1,"href":"https:\/\/helvest.ch\/eu\/wp-json\/wp\/v2\/product\/3063\/revisions"}],"predecessor-version":[{"id":3064,"href":"https:\/\/helvest.ch\/eu\/wp-json\/wp\/v2\/product\/3063\/revisions\/3064"}],"wp:featuredmedia":[{"embeddable":true,"href":"https:\/\/helvest.ch\/eu\/wp-json\/wp\/v2\/media\/3065"}],"wp:attachment":[{"href":"https:\/\/helvest.ch\/eu\/wp-json\/wp\/v2\/media?parent=3063"}],"wp:term":[{"taxonomy":"product_cat","embeddable":true,"href":"https:\/\/helvest.ch\/eu\/wp-json\/wp\/v2\/product_cat?post=3063"},{"taxonomy":"product_tag","embeddable":true,"href":"https:\/\/helvest.ch\/eu\/wp-json\/wp\/v2\/product_tag?post=3063"}],"curies":[{"name":"wp","href":"https:\/\/api.w.org\/{rel}","templated":true}]}}