{"id":3055,"date":"2024-11-30T09:20:38","date_gmt":"2024-11-30T09:20:38","guid":{"rendered":"https:\/\/helvest.ch\/eu\/?post_type=product&#038;p=3055"},"modified":"2024-11-30T09:23:31","modified_gmt":"2024-11-30T09:23:31","slug":"decodeur-dcc-nmra-complet-pour-8-aiguillages-electromagnetiques-accessoires-alimentation-externe-2","status":"publish","type":"product","link":"https:\/\/helvest.ch\/eu\/de\/prodotto\/decodeur-dcc-nmra-complet-pour-8-aiguillages-electromagnetiques-accessoires-alimentation-externe-2\/","title":{"rendered":"Kompletter DCC\/NMRA-Decoder f\u00fcr 8 elektromagnetische Weichen\/Zubeh\u00f6rteile (Externe Stromversorgung)"},"content":{"rendered":"<style>.fb_iframe_widget span{width:460px !important;} .fb_iframe_widget iframe {margin: 0 !important;}        .fb_edge_comment_widget { display: none !important; }<\/style><div style=\"width:100%; text-align:center\"><div class=\"fb-like\" style=\"width:600px; overflow: hidden !important; \" data-href=\"https:\/\/helvest.ch\/eu\/de\/prodotto\/decodeur-dcc-nmra-complet-pour-8-aiguillages-electromagnetiques-accessoires-alimentation-externe-2\/\" data-size=\"small\" data-colorscheme=\"light\" data-width=\"600\" data-layout=\"standard\" data-action=\"like\" data-show-faces=\"true\" data-share=\"true\" kid_directed_site=\"false\"><\/div><\/div>","protected":false},"excerpt":{"rendered":"<div class=\"woocommerce-product-details__short-description\">\n<p>Kompletter Decoder zum Schalten von bis zu 8 Weichen mit elektromagnetischen Spulen. NMRA-zertifiziertes DCC-Protokoll, kompatibel mit allen DCC-Steuerger\u00e4ten.<\/p>\n<p>Der Spulenantrieb ist die g\u00e4ngigste Methode zum Schalten von Weichen. Mit diesem Decoder k\u00f6nnen Sie die meisten auf dem Markt befindlichen Spulen antreiben, sofern diese f\u00fcr den Digitalbetrieb geeignet sind.<\/p>\n<p>Beispiele von geeigneten Motoren Peco* PL10-W, Roco* Line, M\u00e4rklin* C, Fleischmann* 640000, Piko* A, Kato* Unitrack und andere, im Zweifel schreiben Sie uns!<\/p>\n<p>Konfiguration und Bedienung sind sehr einfach. Die Programmierung erfordert keine zus\u00e4tzlichen Komponenten.<\/p>\n<p>Dieser\u00a0 Decoder wird von einer anderen Energiequelle als die Digitalzentrale versorgt ( stellt sicher, dass die Energie optimal genutzt wird, empfohlen f\u00fcr mittlere und gro\u00dfe Modelleisenbahnen).<\/p>\n<p>Wenn Sie komplexere Konfigurationen bevorzugen (nur 4 Ausg\u00e4nge oder Kombination mit anderem Zubeh\u00f6r), k\u00f6nnen Sie separate Module in den entsprechenden Abschnitten der Website erwerben. F\u00fcr Fragen oder Informationen zu diesem Produkt z\u00f6gern Sie bitte nicht, uns zu kontaktieren!<\/p>\n<p>* Marken von Dritten, die von ihren jeweiligen Eigent\u00fcmern gehalten werden.<\/p>\n<p>La configuration et le fonctionnement sont tr\u00e8s simples. La programmation ne n\u00e9cessite aucun composant suppl\u00e9mentaire.<\/p>\n<\/div>\n<p>Ce d\u00e9codeur doit \u00eatre aliment\u00e9 par une source externe de courant continu ou alternatif (14-20 V).<\/p>\n<div class=\"woocommerce-product-details__short-description\">\n<p>Si vous pr\u00e9f\u00e9rez des configurations plus complexes (4 sorties seulement ou combinaison avec d\u2019autres accessoires), vous pouvez acheter s\u00e9par\u00e9ment les modules dans les sections appropri\u00e9es du site. Pour toute question ou information sur ce produit, n\u2019h\u00e9sitez pas \u00e0 nous contacter !<\/p>\n<p>* Marques d\u00e9pos\u00e9es de tiers, d\u00e9tenues par leurs propri\u00e9taires respectifs.<\/p>\n<\/div>\n<p> &hellip; <a href=\"https:\/\/helvest.ch\/eu\/de\/prodotto\/decodeur-dcc-nmra-complet-pour-8-aiguillages-electromagnetiques-accessoires-alimentation-externe-2\/\">Read More<\/a><\/p>\n","protected":false},"featured_media":3036,"template":"","meta":[],"product_cat":[363],"product_tag":[],"class_list":{"0":"post-3055","1":"product","2":"type-product","3":"status-publish","4":"has-post-thumbnail","6":"product_cat-completedec-dcc-ext-de","8":"first","9":"instock","10":"shipping-taxable","11":"purchasable","12":"product-type-simple"},"_links":{"self":[{"href":"https:\/\/helvest.ch\/eu\/wp-json\/wp\/v2\/product\/3055","targetHints":{"allow":["GET"]}}],"collection":[{"href":"https:\/\/helvest.ch\/eu\/wp-json\/wp\/v2\/product"}],"about":[{"href":"https:\/\/helvest.ch\/eu\/wp-json\/wp\/v2\/types\/product"}],"version-history":[{"count":3,"href":"https:\/\/helvest.ch\/eu\/wp-json\/wp\/v2\/product\/3055\/revisions"}],"predecessor-version":[{"id":3059,"href":"https:\/\/helvest.ch\/eu\/wp-json\/wp\/v2\/product\/3055\/revisions\/3059"}],"wp:featuredmedia":[{"embeddable":true,"href":"https:\/\/helvest.ch\/eu\/wp-json\/wp\/v2\/media\/3036"}],"wp:attachment":[{"href":"https:\/\/helvest.ch\/eu\/wp-json\/wp\/v2\/media?parent=3055"}],"wp:term":[{"taxonomy":"product_cat","embeddable":true,"href":"https:\/\/helvest.ch\/eu\/wp-json\/wp\/v2\/product_cat?post=3055"},{"taxonomy":"product_tag","embeddable":true,"href":"https:\/\/helvest.ch\/eu\/wp-json\/wp\/v2\/product_tag?post=3055"}],"curies":[{"name":"wp","href":"https:\/\/api.w.org\/{rel}","templated":true}]}}