{"id":3053,"date":"2024-11-30T09:19:44","date_gmt":"2024-11-30T09:19:44","guid":{"rendered":"https:\/\/helvest.ch\/eu\/?post_type=product&#038;p=3053"},"modified":"2024-11-30T09:26:11","modified_gmt":"2024-11-30T09:26:11","slug":"decodeur-dcc-nmra-complet-pour-8-aiguillages-electromagnetiques-accessoires-alimentation-externe","status":"publish","type":"product","link":"https:\/\/helvest.ch\/eu\/en\/prodotto\/decodeur-dcc-nmra-complet-pour-8-aiguillages-electromagnetiques-accessoires-alimentation-externe\/","title":{"rendered":"Complete DCC\/NMRA decoder for 8 solenoid turnouts\/accessories (external power)"},"content":{"rendered":"<style>.fb_iframe_widget span{width:460px !important;} .fb_iframe_widget iframe {margin: 0 !important;}        .fb_edge_comment_widget { display: none !important; }<\/style><div style=\"width:100%; text-align:center\"><div class=\"fb-like\" style=\"width:600px; overflow: hidden !important; \" data-href=\"https:\/\/helvest.ch\/eu\/en\/prodotto\/decodeur-dcc-nmra-complet-pour-8-aiguillages-electromagnetiques-accessoires-alimentation-externe\/\" data-size=\"small\" data-colorscheme=\"light\" data-width=\"600\" data-layout=\"standard\" data-action=\"like\" data-show-faces=\"true\" data-share=\"true\" kid_directed_site=\"false\"><\/div><\/div>","protected":false},"excerpt":{"rendered":"<div class=\"woocommerce-product-details__short-description\">\n<p>Complete decoder for switching up to 8 turnouts operated by electromagnetic coils. NMRA certified DCC protocol, compatible with all DCC control units.<\/p>\n<p>Coil operation is the most common method of switching turnouts. With this decoder you can activate most of the coils on the market, provided they are suitable for digital operation.<\/p>\n<p>Examples of compatible motors: Peco* PL10-W, Roco* Line, M\u00e4rklin* C, Fleischmann* 640000, Piko* A, Kato* Unitrack and others, if in doubt write us!<\/p>\n<p>Configuration and operation are very simple. No additional components are required for programming.<\/p>\n<p>La configuration et le fonctionnement sont tr\u00e8s simples. La programmation ne n\u00e9cessite aucun composant suppl\u00e9mentaire.<\/p>\n<\/div>\n<p>Ce d\u00e9codeur doit \u00eatre aliment\u00e9 par une source externe de courant continu ou alternatif (14-20 V).<\/p>\n<div class=\"woocommerce-product-details__short-description\">\n<p>Si vous pr\u00e9f\u00e9rez des configurations plus complexes (4 sorties seulement ou combinaison avec d\u2019autres accessoires), vous pouvez acheter s\u00e9par\u00e9ment les modules dans les sections appropri\u00e9es du site. Pour toute question ou information sur ce produit, n\u2019h\u00e9sitez pas \u00e0 nous contacter !<\/p>\n<p>* Marques d\u00e9pos\u00e9es de tiers, d\u00e9tenues par leurs propri\u00e9taires respectifs.<\/p>\n<\/div>\n<p> &hellip; <a href=\"https:\/\/helvest.ch\/eu\/en\/prodotto\/decodeur-dcc-nmra-complet-pour-8-aiguillages-electromagnetiques-accessoires-alimentation-externe\/\">Read More<\/a><\/p>\n","protected":false},"featured_media":3036,"template":"","meta":[],"product_cat":[367],"product_tag":[],"class_list":{"0":"post-3053","1":"product","2":"type-product","3":"status-publish","4":"has-post-thumbnail","6":"product_cat-completedec-dcc-ext-en","8":"first","9":"instock","10":"shipping-taxable","11":"purchasable","12":"product-type-simple"},"_links":{"self":[{"href":"https:\/\/helvest.ch\/eu\/wp-json\/wp\/v2\/product\/3053","targetHints":{"allow":["GET"]}}],"collection":[{"href":"https:\/\/helvest.ch\/eu\/wp-json\/wp\/v2\/product"}],"about":[{"href":"https:\/\/helvest.ch\/eu\/wp-json\/wp\/v2\/types\/product"}],"version-history":[{"count":3,"href":"https:\/\/helvest.ch\/eu\/wp-json\/wp\/v2\/product\/3053\/revisions"}],"predecessor-version":[{"id":3061,"href":"https:\/\/helvest.ch\/eu\/wp-json\/wp\/v2\/product\/3053\/revisions\/3061"}],"wp:featuredmedia":[{"embeddable":true,"href":"https:\/\/helvest.ch\/eu\/wp-json\/wp\/v2\/media\/3036"}],"wp:attachment":[{"href":"https:\/\/helvest.ch\/eu\/wp-json\/wp\/v2\/media?parent=3053"}],"wp:term":[{"taxonomy":"product_cat","embeddable":true,"href":"https:\/\/helvest.ch\/eu\/wp-json\/wp\/v2\/product_cat?post=3053"},{"taxonomy":"product_tag","embeddable":true,"href":"https:\/\/helvest.ch\/eu\/wp-json\/wp\/v2\/product_tag?post=3053"}],"curies":[{"name":"wp","href":"https:\/\/api.w.org\/{rel}","templated":true}]}}