{"id":3048,"date":"2024-11-30T09:16:08","date_gmt":"2024-11-30T09:16:08","guid":{"rendered":"https:\/\/helvest.ch\/eu\/?post_type=product&#038;p=3048"},"modified":"2024-11-30T09:16:09","modified_gmt":"2024-11-30T09:16:09","slug":"dm100-3","status":"publish","type":"product","link":"https:\/\/helvest.ch\/eu\/fr\/prodotto\/dm100-3\/","title":{"rendered":"DM100"},"content":{"rendered":"<style>.fb_iframe_widget span{width:460px !important;} .fb_iframe_widget iframe {margin: 0 !important;}        .fb_edge_comment_widget { display: none !important; }<\/style><div style=\"width:100%; text-align:center\"><div class=\"fb-like\" style=\"width:600px; overflow: hidden !important; \" data-href=\"https:\/\/helvest.ch\/eu\/fr\/prodotto\/dm100-3\/\" data-size=\"small\" data-colorscheme=\"light\" data-width=\"600\" data-layout=\"standard\" data-action=\"like\" data-show-faces=\"true\" data-share=\"true\" kid_directed_site=\"false\"><\/div><\/div>","protected":false},"excerpt":{"rendered":"<p>Module de connexion entre deux cartes Layout pour r\u00e9aliser des automatismes simples sans n\u00e9cessiter d&#8217;ordinateur ou de centrale digitale. Par exemple, pour commuter jusqu&#8217;\u00e0 quatre signaux, quatre aiguillages ou quatre relais lorsqu&#8217;un train occupe certaines sections de voie.<a href=\"https:\/\/helvest.ch\/fr\/dm100-fr\/\" target=\"_blank\" rel=\"noopener\"> Plus d&#8217;informations sur ce lien.<\/a> &hellip; <a href=\"https:\/\/helvest.ch\/eu\/fr\/prodotto\/dm100-3\/\">Read More<\/a><\/p>\n","protected":false},"featured_media":3052,"template":"","meta":[],"product_cat":[225],"product_tag":[],"class_list":{"0":"post-3048","1":"product","2":"type-product","3":"status-publish","4":"has-post-thumbnail","6":"product_cat-net-fr","8":"first","9":"instock","10":"shipping-taxable","11":"purchasable","12":"product-type-simple"},"_links":{"self":[{"href":"https:\/\/helvest.ch\/eu\/wp-json\/wp\/v2\/product\/3048","targetHints":{"allow":["GET"]}}],"collection":[{"href":"https:\/\/helvest.ch\/eu\/wp-json\/wp\/v2\/product"}],"about":[{"href":"https:\/\/helvest.ch\/eu\/wp-json\/wp\/v2\/types\/product"}],"version-history":[{"count":1,"href":"https:\/\/helvest.ch\/eu\/wp-json\/wp\/v2\/product\/3048\/revisions"}],"predecessor-version":[{"id":3049,"href":"https:\/\/helvest.ch\/eu\/wp-json\/wp\/v2\/product\/3048\/revisions\/3049"}],"wp:featuredmedia":[{"embeddable":true,"href":"https:\/\/helvest.ch\/eu\/wp-json\/wp\/v2\/media\/3052"}],"wp:attachment":[{"href":"https:\/\/helvest.ch\/eu\/wp-json\/wp\/v2\/media?parent=3048"}],"wp:term":[{"taxonomy":"product_cat","embeddable":true,"href":"https:\/\/helvest.ch\/eu\/wp-json\/wp\/v2\/product_cat?post=3048"},{"taxonomy":"product_tag","embeddable":true,"href":"https:\/\/helvest.ch\/eu\/wp-json\/wp\/v2\/product_tag?post=3048"}],"curies":[{"name":"wp","href":"https:\/\/api.w.org\/{rel}","templated":true}]}}