{"id":3038,"date":"2024-11-19T14:55:31","date_gmt":"2024-11-19T14:55:31","guid":{"rendered":"https:\/\/helvest.ch\/eu\/?post_type=product&#038;p=3038"},"modified":"2024-11-19T14:57:05","modified_gmt":"2024-11-19T14:57:05","slug":"dec-eww-ext-fr","status":"publish","type":"product","link":"https:\/\/helvest.ch\/eu\/fr\/prodotto\/dec-eww-ext-fr\/","title":{"rendered":"D\u00e9codeur DCC\/NMRA complet pour 8 aiguillages \u00e9lectromagn\u00e9tiques\/accessoires (alimentation externe)"},"content":{"rendered":"<style>.fb_iframe_widget span{width:460px !important;} .fb_iframe_widget iframe {margin: 0 !important;}        .fb_edge_comment_widget { display: none !important; }<\/style><div style=\"width:100%; text-align:center\"><div class=\"fb-like\" style=\"width:600px; overflow: hidden !important; \" data-href=\"https:\/\/helvest.ch\/eu\/fr\/prodotto\/dec-eww-ext-fr\/\" data-size=\"small\" data-colorscheme=\"light\" data-width=\"600\" data-layout=\"standard\" data-action=\"like\" data-show-faces=\"true\" data-share=\"true\" kid_directed_site=\"false\"><\/div><\/div>","protected":false},"excerpt":{"rendered":"<div class=\"woocommerce-product-details__short-description\">\n<p>D\u00e9codeur complet permettant de commuter jusqu\u2019\u00e0 8 aiguillages actionn\u00e9s par des bobines \u00e9lectromagn\u00e9tiques. Protocole DCC certifi\u00e9 par la NMRA, compatible avec toutes les unit\u00e9s de contr\u00f4le DCC.<\/p>\n<p>Le fonctionnement par bobine est la m\u00e9thode la plus courante pour actionner les aiguillages. Avec ce d\u00e9codeur, vous pouvez activer la plupart des bobines du march\u00e9, \u00e0 condition qu\u2019elles soient adapt\u00e9es au fonctionnement num\u00e9rique.<\/p>\n<p>Exemples de moteurs compatibles: Peco* PL10-W, Roco* Line, M\u00e4rklin* C, Fleischmann* 640000, Piko* A, Kato* Unitrack et autres, en cas de doute \u00e9crivez-nous !<\/p>\n<p>La configuration et le fonctionnement sont tr\u00e8s simples. La programmation ne n\u00e9cessite aucun composant suppl\u00e9mentaire.<\/p>\n<\/div>\n<p>Ce d\u00e9codeur doit \u00eatre aliment\u00e9 par une source externe de courant continu ou alternatif (14-20 V).<\/p>\n<div class=\"woocommerce-product-details__short-description\">\n<p>Si vous pr\u00e9f\u00e9rez des configurations plus complexes (4 sorties seulement ou combinaison avec d\u2019autres accessoires), vous pouvez acheter s\u00e9par\u00e9ment les modules dans les sections appropri\u00e9es du site. Pour toute question ou information sur ce produit, n\u2019h\u00e9sitez pas \u00e0 nous contacter !<\/p>\n<p>* Marques d\u00e9pos\u00e9es de tiers, d\u00e9tenues par leurs propri\u00e9taires respectifs.<\/p>\n<\/div>\n<p> &hellip; <a href=\"https:\/\/helvest.ch\/eu\/fr\/prodotto\/dec-eww-ext-fr\/\">Read More<\/a><\/p>\n","protected":false},"featured_media":3036,"template":"","meta":[],"product_cat":[365],"product_tag":[],"class_list":{"0":"post-3038","1":"product","2":"type-product","3":"status-publish","4":"has-post-thumbnail","6":"product_cat-completedec-dcc-ext-fr","8":"first","9":"instock","10":"shipping-taxable","11":"purchasable","12":"product-type-simple"},"_links":{"self":[{"href":"https:\/\/helvest.ch\/eu\/wp-json\/wp\/v2\/product\/3038","targetHints":{"allow":["GET"]}}],"collection":[{"href":"https:\/\/helvest.ch\/eu\/wp-json\/wp\/v2\/product"}],"about":[{"href":"https:\/\/helvest.ch\/eu\/wp-json\/wp\/v2\/types\/product"}],"version-history":[{"count":1,"href":"https:\/\/helvest.ch\/eu\/wp-json\/wp\/v2\/product\/3038\/revisions"}],"predecessor-version":[{"id":3039,"href":"https:\/\/helvest.ch\/eu\/wp-json\/wp\/v2\/product\/3038\/revisions\/3039"}],"wp:featuredmedia":[{"embeddable":true,"href":"https:\/\/helvest.ch\/eu\/wp-json\/wp\/v2\/media\/3036"}],"wp:attachment":[{"href":"https:\/\/helvest.ch\/eu\/wp-json\/wp\/v2\/media?parent=3038"}],"wp:term":[{"taxonomy":"product_cat","embeddable":true,"href":"https:\/\/helvest.ch\/eu\/wp-json\/wp\/v2\/product_cat?post=3038"},{"taxonomy":"product_tag","embeddable":true,"href":"https:\/\/helvest.ch\/eu\/wp-json\/wp\/v2\/product_tag?post=3038"}],"curies":[{"name":"wp","href":"https:\/\/api.w.org\/{rel}","templated":true}]}}