{"id":2848,"date":"2023-11-01T00:02:07","date_gmt":"2023-11-01T00:02:07","guid":{"rendered":"https:\/\/helvest.ch\/eu\/?post_type=product&#038;p=2848"},"modified":"2026-04-30T16:17:14","modified_gmt":"2026-04-30T16:17:14","slug":"mvc10-2","status":"publish","type":"product","link":"https:\/\/helvest.ch\/eu\/fr\/prodotto\/mvc10-2\/","title":{"rendered":"MVC10"},"content":{"rendered":"<style>.fb_iframe_widget span{width:460px !important;} .fb_iframe_widget iframe {margin: 0 !important;}        .fb_edge_comment_widget { display: none !important; }<\/style><div style=\"width:100%; text-align:center\"><div class=\"fb-like\" style=\"width:600px; overflow: hidden !important; \" data-href=\"https:\/\/helvest.ch\/eu\/fr\/prodotto\/mvc10-2\/\" data-size=\"small\" data-colorscheme=\"light\" data-width=\"600\" data-layout=\"standard\" data-action=\"like\" data-show-faces=\"true\" data-share=\"true\" kid_directed_site=\"false\"><\/div><\/div>","protected":false},"excerpt":{"rendered":"<p>Convertisseur pour connecter le r\u00e9seau MVnet au PC.<\/p>\n<p>Pour la gestion du r\u00e9seau MVnet par ordinateur, il faut l&#8217;application LocHaus, qui peut \u00eatre t\u00e9l\u00e9charg\u00e9e gratuitement sur le site web <a href=\"https:\/\/helvest.ch\/\" target=\"_blank\" rel=\"noopener\">\u00a0helvest.ch<\/a> &hellip; <a href=\"https:\/\/helvest.ch\/eu\/fr\/prodotto\/mvc10-2\/\">Read More<\/a><\/p>\n","protected":false},"featured_media":2842,"template":"","meta":[],"product_cat":[354],"product_tag":[],"class_list":{"0":"post-2848","1":"product","2":"type-product","3":"status-publish","4":"has-post-thumbnail","6":"product_cat-conv-usb-fr","8":"first","9":"instock","10":"shipping-taxable","11":"purchasable","12":"product-type-simple"},"_links":{"self":[{"href":"https:\/\/helvest.ch\/eu\/wp-json\/wp\/v2\/product\/2848","targetHints":{"allow":["GET"]}}],"collection":[{"href":"https:\/\/helvest.ch\/eu\/wp-json\/wp\/v2\/product"}],"about":[{"href":"https:\/\/helvest.ch\/eu\/wp-json\/wp\/v2\/types\/product"}],"version-history":[{"count":2,"href":"https:\/\/helvest.ch\/eu\/wp-json\/wp\/v2\/product\/2848\/revisions"}],"predecessor-version":[{"id":2874,"href":"https:\/\/helvest.ch\/eu\/wp-json\/wp\/v2\/product\/2848\/revisions\/2874"}],"wp:featuredmedia":[{"embeddable":true,"href":"https:\/\/helvest.ch\/eu\/wp-json\/wp\/v2\/media\/2842"}],"wp:attachment":[{"href":"https:\/\/helvest.ch\/eu\/wp-json\/wp\/v2\/media?parent=2848"}],"wp:term":[{"taxonomy":"product_cat","embeddable":true,"href":"https:\/\/helvest.ch\/eu\/wp-json\/wp\/v2\/product_cat?post=2848"},{"taxonomy":"product_tag","embeddable":true,"href":"https:\/\/helvest.ch\/eu\/wp-json\/wp\/v2\/product_tag?post=2848"}],"curies":[{"name":"wp","href":"https:\/\/api.w.org\/{rel}","templated":true}]}}