{"id":2827,"date":"2023-11-30T22:05:46","date_gmt":"2023-11-30T22:05:46","guid":{"rendered":"https:\/\/helvest.ch\/eu\/?post_type=product&#038;p=2827"},"modified":"2025-09-15T13:57:09","modified_gmt":"2025-09-15T13:57:09","slug":"ab400-3","status":"publish","type":"product","link":"https:\/\/helvest.ch\/eu\/fr\/prodotto\/ab400-3\/","title":{"rendered":"AB400"},"content":{"rendered":"<style>.fb_iframe_widget span{width:460px !important;} .fb_iframe_widget iframe {margin: 0 !important;}        .fb_edge_comment_widget { display: none !important; }<\/style><div style=\"width:100%; text-align:center\"><div class=\"fb-like\" style=\"width:600px; overflow: hidden !important; \" data-href=\"https:\/\/helvest.ch\/eu\/fr\/prodotto\/ab400-3\/\" data-size=\"small\" data-colorscheme=\"light\" data-width=\"600\" data-layout=\"standard\" data-action=\"like\" data-show-faces=\"true\" data-share=\"true\" kid_directed_site=\"false\"><\/div><\/div>","protected":false},"excerpt":{"rendered":"<p>Module de r\u00e9tro signalisation permettant de d\u00e9tecter la pr\u00e9sence de trains dans un maximum de quatre sections. Utilise le courant absorb\u00e9 par le d\u00e9codeur, le moteur, le feu de queue ou une r\u00e9sistance. Plus d&#8217;informations <a href=\"https:\/\/helvest.ch\/fr\/localisation-ab400\/\">ici.<\/a><\/p>\n<p>Ce module fonctionne uniquement avec le protocole MVnet. &hellip; <a href=\"https:\/\/helvest.ch\/eu\/fr\/prodotto\/ab400-3\/\">Read More<\/a><\/p>\n","protected":false},"featured_media":2823,"template":"","meta":[],"product_cat":[227],"product_tag":[],"class_list":{"0":"post-2827","1":"product","2":"type-product","3":"status-publish","4":"has-post-thumbnail","6":"product_cat-layout-fr","8":"first","9":"instock","10":"shipping-taxable","11":"purchasable","12":"product-type-simple"},"_links":{"self":[{"href":"https:\/\/helvest.ch\/eu\/wp-json\/wp\/v2\/product\/2827","targetHints":{"allow":["GET"]}}],"collection":[{"href":"https:\/\/helvest.ch\/eu\/wp-json\/wp\/v2\/product"}],"about":[{"href":"https:\/\/helvest.ch\/eu\/wp-json\/wp\/v2\/types\/product"}],"version-history":[{"count":1,"href":"https:\/\/helvest.ch\/eu\/wp-json\/wp\/v2\/product\/2827\/revisions"}],"predecessor-version":[{"id":2828,"href":"https:\/\/helvest.ch\/eu\/wp-json\/wp\/v2\/product\/2827\/revisions\/2828"}],"wp:featuredmedia":[{"embeddable":true,"href":"https:\/\/helvest.ch\/eu\/wp-json\/wp\/v2\/media\/2823"}],"wp:attachment":[{"href":"https:\/\/helvest.ch\/eu\/wp-json\/wp\/v2\/media?parent=2827"}],"wp:term":[{"taxonomy":"product_cat","embeddable":true,"href":"https:\/\/helvest.ch\/eu\/wp-json\/wp\/v2\/product_cat?post=2827"},{"taxonomy":"product_tag","embeddable":true,"href":"https:\/\/helvest.ch\/eu\/wp-json\/wp\/v2\/product_tag?post=2827"}],"curies":[{"name":"wp","href":"https:\/\/api.w.org\/{rel}","templated":true}]}}