{"id":2825,"date":"2023-11-30T22:40:02","date_gmt":"2023-11-30T22:40:02","guid":{"rendered":"https:\/\/helvest.ch\/eu\/?post_type=product&#038;p=2825"},"modified":"2025-09-15T13:57:09","modified_gmt":"2025-09-15T13:57:09","slug":"ab400-2","status":"publish","type":"product","link":"https:\/\/helvest.ch\/eu\/de\/prodotto\/ab400-2\/","title":{"rendered":"AB400"},"content":{"rendered":"<style>.fb_iframe_widget span{width:460px !important;} .fb_iframe_widget iframe {margin: 0 !important;}        .fb_edge_comment_widget { display: none !important; }<\/style><div style=\"width:100%; text-align:center\"><div class=\"fb-like\" style=\"width:600px; overflow: hidden !important; \" data-href=\"https:\/\/helvest.ch\/eu\/de\/prodotto\/ab400-2\/\" data-size=\"small\" data-colorscheme=\"light\" data-width=\"600\" data-layout=\"standard\" data-action=\"like\" data-show-faces=\"true\" data-share=\"true\" kid_directed_site=\"false\"><\/div><\/div>","protected":false},"excerpt":{"rendered":"<p>R\u00fcckmeldemodul zur Erkennung der Anwesenheit von Z\u00fcgen mit bis zu vier Bl\u00f6cken. Verwendet die Stromaufnahme des Decoders, des Motors, des R\u00fccklichts oder des Widerstands. Mehr Informationen <a href=\"https:\/\/helvest.ch\/de\/lokalisierung-ab400\/\">hier.<\/a><\/p>\n<p>Dieses Modul funktioniert nur mit dem MVnet-Protokoll. &hellip; <a href=\"https:\/\/helvest.ch\/eu\/de\/prodotto\/ab400-2\/\">Read More<\/a><\/p>\n","protected":false},"featured_media":2823,"template":"","meta":[],"product_cat":[156],"product_tag":[],"class_list":{"0":"post-2825","1":"product","2":"type-product","3":"status-publish","4":"has-post-thumbnail","6":"product_cat-layout-modul","8":"first","9":"instock","10":"shipping-taxable","11":"purchasable","12":"product-type-simple"},"_links":{"self":[{"href":"https:\/\/helvest.ch\/eu\/wp-json\/wp\/v2\/product\/2825","targetHints":{"allow":["GET"]}}],"collection":[{"href":"https:\/\/helvest.ch\/eu\/wp-json\/wp\/v2\/product"}],"about":[{"href":"https:\/\/helvest.ch\/eu\/wp-json\/wp\/v2\/types\/product"}],"version-history":[{"count":1,"href":"https:\/\/helvest.ch\/eu\/wp-json\/wp\/v2\/product\/2825\/revisions"}],"predecessor-version":[{"id":2826,"href":"https:\/\/helvest.ch\/eu\/wp-json\/wp\/v2\/product\/2825\/revisions\/2826"}],"wp:featuredmedia":[{"embeddable":true,"href":"https:\/\/helvest.ch\/eu\/wp-json\/wp\/v2\/media\/2823"}],"wp:attachment":[{"href":"https:\/\/helvest.ch\/eu\/wp-json\/wp\/v2\/media?parent=2825"}],"wp:term":[{"taxonomy":"product_cat","embeddable":true,"href":"https:\/\/helvest.ch\/eu\/wp-json\/wp\/v2\/product_cat?post=2825"},{"taxonomy":"product_tag","embeddable":true,"href":"https:\/\/helvest.ch\/eu\/wp-json\/wp\/v2\/product_tag?post=2825"}],"curies":[{"name":"wp","href":"https:\/\/api.w.org\/{rel}","templated":true}]}}