{"id":2770,"date":"2023-06-21T14:27:20","date_gmt":"2023-06-21T14:27:20","guid":{"rendered":"https:\/\/helvest.ch\/eu\/?post_type=product&#038;p=2770"},"modified":"2026-02-14T17:38:47","modified_gmt":"2026-02-14T17:38:47","slug":"dcc100-e","status":"publish","type":"product","link":"https:\/\/helvest.ch\/eu\/fr\/prodotto\/dcc100-e\/","title":{"rendered":"DCC100-E"},"content":{"rendered":"<style>.fb_iframe_widget span{width:460px !important;} .fb_iframe_widget iframe {margin: 0 !important;}        .fb_edge_comment_widget { display: none !important; }<\/style><div style=\"width:100%; text-align:center\"><div class=\"fb-like\" style=\"width:600px; overflow: hidden !important; \" data-href=\"https:\/\/helvest.ch\/eu\/fr\/prodotto\/dcc100-e\/\" data-size=\"small\" data-colorscheme=\"light\" data-width=\"600\" data-layout=\"standard\" data-action=\"like\" data-show-faces=\"true\" data-share=\"true\" kid_directed_site=\"false\"><\/div><\/div>","protected":false},"excerpt":{"rendered":"<div id=\"elementor-tab-content-121\" class=\"elementor-tab-content elementor-clearfix elementor-active\" role=\"tabpanel\" data-tab=\"1\" aria-labelledby=\"elementor-tab-title-121\">\n<p>Le DCC100-E est une carte DCC avec alimentation s\u00e9par\u00e9e. Si vous utilisez ce module, vous pouvez alimenter la carte m\u00e8re du HP100 avec n&#8217;importe quelle alimentation (par exemple 16 V CA \u00e0 partir de n&#8217;importe quel transformateur), et connecter le DCC uniquement \u00e0 cette carte. C&#8217;est la solution recommand\u00e9e pour les grands r\u00e9seaux : le d\u00e9codeur ne tire pas d&#8217;\u00e9nergie de la centrale, il ne fait que lire les instructions qu&#8217;il re\u00e7oit.<\/p>\n<p>Une fois ce module install\u00e9, la carte devient un d\u00e9codeur DCC et communique avec tous les types de dispositifs DCC num\u00e9riques pour faire fonctionner les accessoires, et peut \u00eatre programm\u00e9e par n\u2019importe quelle unit\u00e9 de contr\u00f4le de la mani\u00e8re habituelle. Gr\u00e2ce au syst\u00e8me flex, le d\u00e9codeur peut piloter diff\u00e9rents accessoires en fonction des modules d\u2019am\u00e9nagement install\u00e9s.<\/p>\n<p>Les CV permettent d\u2019effectuer toutes les fonctions de configuration normales selon les diff\u00e9rents modules de \u00ab layout \u00bb install\u00e9s. La confirmation de la programmation et la lecture du CV sont possibles sans avoir \u00e0 connecter d\u2019autres \u00e9l\u00e9ments.<\/p>\n<p>Si vous avez besoin de plus d&#8217;informations, vous pouvez consulter<a href=\"https:\/\/helvest.ch\/fr\/tutoriel-sur-le-choix-des-produits\/\"> un tutoriel pour vous aider \u00e0 choisir les produits<\/a>, avec une liste des dispositifs actionn\u00e9s. Si vous avez des questions, <a href=\"https:\/\/helvest.ch\/fr\/contactez-nous\/\" target=\"_blank\" rel=\"noopener\">vous pouvez bien s\u00fbr nous \u00e9crire<\/a>. Vous trouverez <a href=\"https:\/\/helvest.ch\/fr\/deux-possibilites-dalimentation-pour-les-decodeurs-daccessoires\/\" target=\"_blank\" rel=\"noopener\">de plus amples informations sur l&#8217;alimentation des d\u00e9codeurs dans cet article<\/a>.<\/p>\n<\/div>\n<p> &hellip; <a href=\"https:\/\/helvest.ch\/eu\/fr\/prodotto\/dcc100-e\/\">Read More<\/a><\/p>\n","protected":false},"featured_media":2347,"template":"","meta":[],"product_cat":[225],"product_tag":[],"class_list":{"0":"post-2770","1":"product","2":"type-product","3":"status-publish","4":"has-post-thumbnail","6":"product_cat-net-fr","8":"first","9":"instock","10":"shipping-taxable","11":"purchasable","12":"product-type-simple"},"_links":{"self":[{"href":"https:\/\/helvest.ch\/eu\/wp-json\/wp\/v2\/product\/2770","targetHints":{"allow":["GET"]}}],"collection":[{"href":"https:\/\/helvest.ch\/eu\/wp-json\/wp\/v2\/product"}],"about":[{"href":"https:\/\/helvest.ch\/eu\/wp-json\/wp\/v2\/types\/product"}],"version-history":[{"count":1,"href":"https:\/\/helvest.ch\/eu\/wp-json\/wp\/v2\/product\/2770\/revisions"}],"predecessor-version":[{"id":2771,"href":"https:\/\/helvest.ch\/eu\/wp-json\/wp\/v2\/product\/2770\/revisions\/2771"}],"wp:featuredmedia":[{"embeddable":true,"href":"https:\/\/helvest.ch\/eu\/wp-json\/wp\/v2\/media\/2347"}],"wp:attachment":[{"href":"https:\/\/helvest.ch\/eu\/wp-json\/wp\/v2\/media?parent=2770"}],"wp:term":[{"taxonomy":"product_cat","embeddable":true,"href":"https:\/\/helvest.ch\/eu\/wp-json\/wp\/v2\/product_cat?post=2770"},{"taxonomy":"product_tag","embeddable":true,"href":"https:\/\/helvest.ch\/eu\/wp-json\/wp\/v2\/product_tag?post=2770"}],"curies":[{"name":"wp","href":"https:\/\/api.w.org\/{rel}","templated":true}]}}