{"id":2748,"date":"2023-05-12T17:04:25","date_gmt":"2023-05-12T17:04:25","guid":{"rendered":"https:\/\/helvest.ch\/eu\/?post_type=product&#038;p=2748"},"modified":"2025-09-15T13:57:08","modified_gmt":"2025-09-15T13:57:08","slug":"kb800-l-2","status":"publish","type":"product","link":"https:\/\/helvest.ch\/eu\/de\/prodotto\/kb800-l-2\/","title":{"rendered":"KB800-L"},"content":{"rendered":"<style>.fb_iframe_widget span{width:460px !important;} .fb_iframe_widget iframe {margin: 0 !important;}        .fb_edge_comment_widget { display: none !important; }<\/style><div style=\"width:100%; text-align:center\"><div class=\"fb-like\" style=\"width:600px; overflow: hidden !important; \" data-href=\"https:\/\/helvest.ch\/eu\/de\/prodotto\/kb800-l-2\/\" data-size=\"small\" data-colorscheme=\"light\" data-width=\"600\" data-layout=\"standard\" data-action=\"like\" data-show-faces=\"true\" data-share=\"true\" kid_directed_site=\"false\"><\/div><\/div>","protected":false},"excerpt":{"rendered":"<div class=\"woocommerce-product-details__short-description\">\n<p>Modul zum Anschluss von bis zu 8 Kn\u00f6pfen zur Kombination mit einem anderen \u201cLayout\u201d-Modul, mit Anschluss f\u00fcr LEDs, die die Position des Zubeh\u00f6rs anzeigen.<br \/>\nMit den Tasten k\u00f6nnen Sie Zubeh\u00f6rteile schalten, die mit dem anderen \u201cLayout\u201d-Modul desselben HP100 verbunden sind: So k\u00f6nnen Sie Ihr Zubeh\u00f6r entweder \u00fcber DCC oder direkt \u00fcber die Tasten steuern.<\/p>\n<p>Die LEDs leuchten je nach der dem Zubeh\u00f6r zugewiesenen Position auf, unabh\u00e4ngig davon, ob die Steuerung \u00fcber die Drucktasten oder das DCC erfolgt.<\/p>\n<p>Wenn Sie weitere Informationen ben\u00f6tigen, k\u00f6nnen Sie einen <a href=\"https:\/\/helvest.ch\/de\/produkt-anleitung\/\">\u00dcberblick \u00fcber die Produktauswahl<\/a> mit einer Liste der angetriebenen Antriebe erhalten, die <a href=\"https:\/\/helvest.ch\/downloads\/manual_KB800_1.0-L_de.pdf\">vollst\u00e4ndige Anleitung<\/a> herunterladen oder<a href=\"https:\/\/helvest.ch\/de\/kontakt\/\"> uns schreiben<\/a>.<\/p>\n<\/div>\n<p> &hellip; <a href=\"https:\/\/helvest.ch\/eu\/de\/prodotto\/kb800-l-2\/\">Read More<\/a><\/p>\n","protected":false},"featured_media":2746,"template":"","meta":[],"product_cat":[156],"product_tag":[],"class_list":{"0":"post-2748","1":"product","2":"type-product","3":"status-publish","4":"has-post-thumbnail","6":"product_cat-layout-modul","8":"first","9":"instock","10":"shipping-taxable","11":"purchasable","12":"product-type-simple"},"_links":{"self":[{"href":"https:\/\/helvest.ch\/eu\/wp-json\/wp\/v2\/product\/2748","targetHints":{"allow":["GET"]}}],"collection":[{"href":"https:\/\/helvest.ch\/eu\/wp-json\/wp\/v2\/product"}],"about":[{"href":"https:\/\/helvest.ch\/eu\/wp-json\/wp\/v2\/types\/product"}],"version-history":[{"count":1,"href":"https:\/\/helvest.ch\/eu\/wp-json\/wp\/v2\/product\/2748\/revisions"}],"predecessor-version":[{"id":2749,"href":"https:\/\/helvest.ch\/eu\/wp-json\/wp\/v2\/product\/2748\/revisions\/2749"}],"wp:featuredmedia":[{"embeddable":true,"href":"https:\/\/helvest.ch\/eu\/wp-json\/wp\/v2\/media\/2746"}],"wp:attachment":[{"href":"https:\/\/helvest.ch\/eu\/wp-json\/wp\/v2\/media?parent=2748"}],"wp:term":[{"taxonomy":"product_cat","embeddable":true,"href":"https:\/\/helvest.ch\/eu\/wp-json\/wp\/v2\/product_cat?post=2748"},{"taxonomy":"product_tag","embeddable":true,"href":"https:\/\/helvest.ch\/eu\/wp-json\/wp\/v2\/product_tag?post=2748"}],"curies":[{"name":"wp","href":"https:\/\/api.w.org\/{rel}","templated":true}]}}