{"id":2595,"date":"2022-06-18T19:38:29","date_gmt":"2022-06-18T19:38:29","guid":{"rendered":"https:\/\/helvest.ch\/eu\/?post_type=product&#038;p=2595"},"modified":"2024-12-10T16:50:45","modified_gmt":"2024-12-10T16:50:45","slug":"bt10-w-bianco-3","status":"publish","type":"product","link":"https:\/\/helvest.ch\/eu\/de\/prodotto\/bt10-w-bianco-3\/","title":{"rendered":"BT10-W (Wei\u00df)"},"content":{"rendered":"<style>.fb_iframe_widget span{width:460px !important;} .fb_iframe_widget iframe {margin: 0 !important;}        .fb_edge_comment_widget { display: none !important; }<\/style><div style=\"width:100%; text-align:center\"><div class=\"fb-like\" style=\"width:600px; overflow: hidden !important; \" data-href=\"https:\/\/helvest.ch\/eu\/de\/prodotto\/bt10-w-bianco-3\/\" data-size=\"small\" data-colorscheme=\"light\" data-width=\"600\" data-layout=\"standard\" data-action=\"like\" data-show-faces=\"true\" data-share=\"true\" kid_directed_site=\"false\"><\/div><\/div>","protected":false},"excerpt":{"rendered":"<p>Paket mit zwei LED-hinterleuchteten Tasten. Durch Dr\u00fccken der Taste k\u00f6nnen Zubeh\u00f6rteile wie Signale oder Weichen aktiviert werden, die Beleuchtung kann den Status des Zubeh\u00f6rs anzeigen.<br \/>\nEr ist f\u00fcr das Helvest KB800-Modul geeignet, kann aber auch analog verwendet werden.<br \/>\nDie LED funktioniert mit einer Spannung zwischen 12 und 20V DC.<\/p>\n<p>Wenn Sie weitere Informationen ben\u00f6tigen, k\u00f6nnen Sie die<a href=\"https:\/\/helvest.ch\/downloads\/ManualBT10_1.0_de\" target=\"_blank\" rel=\"noopener\"> Bedienungsanleitungen<\/a> einsehen oder <a href=\"https:\/\/helvest.ch\/eu\/de\/kontakt\/\" target=\"_blank\" rel=\"noopener\">uns schreiben.<\/a> &hellip; <a href=\"https:\/\/helvest.ch\/eu\/de\/prodotto\/bt10-w-bianco-3\/\">Read More<\/a><\/p>\n","protected":false},"featured_media":2593,"template":"","meta":[],"product_cat":[337],"product_tag":[],"class_list":{"0":"post-2595","1":"product","2":"type-product","3":"status-publish","4":"has-post-thumbnail","6":"product_cat-knoepfe","8":"first","9":"instock","10":"sale","11":"shipping-taxable","12":"purchasable","13":"product-type-simple"},"_links":{"self":[{"href":"https:\/\/helvest.ch\/eu\/wp-json\/wp\/v2\/product\/2595","targetHints":{"allow":["GET"]}}],"collection":[{"href":"https:\/\/helvest.ch\/eu\/wp-json\/wp\/v2\/product"}],"about":[{"href":"https:\/\/helvest.ch\/eu\/wp-json\/wp\/v2\/types\/product"}],"version-history":[{"count":2,"href":"https:\/\/helvest.ch\/eu\/wp-json\/wp\/v2\/product\/2595\/revisions"}],"predecessor-version":[{"id":2602,"href":"https:\/\/helvest.ch\/eu\/wp-json\/wp\/v2\/product\/2595\/revisions\/2602"}],"wp:featuredmedia":[{"embeddable":true,"href":"https:\/\/helvest.ch\/eu\/wp-json\/wp\/v2\/media\/2593"}],"wp:attachment":[{"href":"https:\/\/helvest.ch\/eu\/wp-json\/wp\/v2\/media?parent=2595"}],"wp:term":[{"taxonomy":"product_cat","embeddable":true,"href":"https:\/\/helvest.ch\/eu\/wp-json\/wp\/v2\/product_cat?post=2595"},{"taxonomy":"product_tag","embeddable":true,"href":"https:\/\/helvest.ch\/eu\/wp-json\/wp\/v2\/product_tag?post=2595"}],"curies":[{"name":"wp","href":"https:\/\/api.w.org\/{rel}","templated":true}]}}