{"id":2573,"date":"2022-06-18T17:19:56","date_gmt":"2022-06-18T17:19:56","guid":{"rendered":"https:\/\/helvest.ch\/eu\/?post_type=product&#038;p=2573"},"modified":"2022-06-18T18:06:23","modified_gmt":"2022-06-18T18:06:23","slug":"bt10-y-giallo-2","status":"publish","type":"product","link":"https:\/\/helvest.ch\/eu\/fr\/prodotto\/bt10-y-giallo-2\/","title":{"rendered":"BT10-Y (Jaune)"},"content":{"rendered":"<style>.fb_iframe_widget span{width:460px !important;} .fb_iframe_widget iframe {margin: 0 !important;}        .fb_edge_comment_widget { display: none !important; }<\/style><div style=\"width:100%; text-align:center\"><div class=\"fb-like\" style=\"width:600px; overflow: hidden !important; \" data-href=\"https:\/\/helvest.ch\/eu\/fr\/prodotto\/bt10-y-giallo-2\/\" data-size=\"small\" data-colorscheme=\"light\" data-width=\"600\" data-layout=\"standard\" data-action=\"like\" data-show-faces=\"true\" data-share=\"true\" kid_directed_site=\"false\"><\/div><\/div>","protected":false},"excerpt":{"rendered":"<p>Paquet avec deux boutons r\u00e9tro-\u00e9clair\u00e9s par LED. En appuyant sur le bouton, on peut actionner des accessoires tels que des signaux ou des aiguillages, l&#8217;\u00e9clairage pouvant indiquer l&#8217;\u00e9tat de l&#8217;accessoire.<br \/>\nIl est adapt\u00e9 au module Helvest KB800, mais peut \u00e9galement \u00eatre utilis\u00e9 en analogique.<br \/>\nLa LED fonctionne avec une tension comprise entre 12 et 20V DC.<\/p>\n<p>Si vous avez besoin de plus d&#8217;informations, vous pouvez <a href=\"https:\/\/helvest.ch\/downloads\/ManualBT10_1.0_fr\" target=\"_blank\" rel=\"noopener\">consulter les manuels d&#8217;instructions<\/a> ou <a href=\"https:\/\/helvest.ch\/eu\/fr\/contactez-nous\/\" target=\"_blank\" rel=\"noopener\">nous \u00e9crire<\/a>. &hellip; <a href=\"https:\/\/helvest.ch\/eu\/fr\/prodotto\/bt10-y-giallo-2\/\">Read More<\/a><\/p>\n","protected":false},"featured_media":2564,"template":"","meta":[],"product_cat":[339],"product_tag":[],"class_list":{"0":"post-2573","1":"product","2":"type-product","3":"status-publish","4":"has-post-thumbnail","6":"product_cat-boutons","8":"first","9":"instock","10":"sale","11":"shipping-taxable","12":"purchasable","13":"product-type-simple"},"_links":{"self":[{"href":"https:\/\/helvest.ch\/eu\/wp-json\/wp\/v2\/product\/2573","targetHints":{"allow":["GET"]}}],"collection":[{"href":"https:\/\/helvest.ch\/eu\/wp-json\/wp\/v2\/product"}],"about":[{"href":"https:\/\/helvest.ch\/eu\/wp-json\/wp\/v2\/types\/product"}],"version-history":[{"count":2,"href":"https:\/\/helvest.ch\/eu\/wp-json\/wp\/v2\/product\/2573\/revisions"}],"predecessor-version":[{"id":2578,"href":"https:\/\/helvest.ch\/eu\/wp-json\/wp\/v2\/product\/2573\/revisions\/2578"}],"wp:featuredmedia":[{"embeddable":true,"href":"https:\/\/helvest.ch\/eu\/wp-json\/wp\/v2\/media\/2564"}],"wp:attachment":[{"href":"https:\/\/helvest.ch\/eu\/wp-json\/wp\/v2\/media?parent=2573"}],"wp:term":[{"taxonomy":"product_cat","embeddable":true,"href":"https:\/\/helvest.ch\/eu\/wp-json\/wp\/v2\/product_cat?post=2573"},{"taxonomy":"product_tag","embeddable":true,"href":"https:\/\/helvest.ch\/eu\/wp-json\/wp\/v2\/product_tag?post=2573"}],"curies":[{"name":"wp","href":"https:\/\/api.w.org\/{rel}","templated":true}]}}