{"id":2572,"date":"2022-06-18T17:17:55","date_gmt":"2022-06-18T17:17:55","guid":{"rendered":"https:\/\/helvest.ch\/eu\/?post_type=product&#038;p=2572"},"modified":"2022-06-18T18:04:54","modified_gmt":"2022-06-18T18:04:54","slug":"bt10-y-gelb","status":"publish","type":"product","link":"https:\/\/helvest.ch\/eu\/de\/prodotto\/bt10-y-gelb\/","title":{"rendered":"BT10-Y (Gelb)"},"content":{"rendered":"<style>.fb_iframe_widget span{width:460px !important;} .fb_iframe_widget iframe {margin: 0 !important;}        .fb_edge_comment_widget { display: none !important; }<\/style><div style=\"width:100%; text-align:center\"><div class=\"fb-like\" style=\"width:600px; overflow: hidden !important; \" data-href=\"https:\/\/helvest.ch\/eu\/de\/prodotto\/bt10-y-gelb\/\" data-size=\"small\" data-colorscheme=\"light\" data-width=\"600\" data-layout=\"standard\" data-action=\"like\" data-show-faces=\"true\" data-share=\"true\" kid_directed_site=\"false\"><\/div><\/div>","protected":false},"excerpt":{"rendered":"<p>Paket mit zwei LED-hinterleuchteten Tasten. Durch Dr\u00fccken der Taste k\u00f6nnen Zubeh\u00f6rteile wie Signale oder Weichen aktiviert werden, die Beleuchtung kann den Status des Zubeh\u00f6rs anzeigen.<br \/>\nEr ist f\u00fcr das Helvest KB800-Modul geeignet, kann aber auch analog verwendet werden.<br \/>\nDie LED funktioniert mit einer Spannung zwischen 12 und 20V DC.<\/p>\n<p>Wenn Sie weitere Informationen ben\u00f6tigen, k\u00f6nnen Sie die<a href=\"https:\/\/helvest.ch\/downloads\/ManualBT10_1.0_de\" target=\"_blank\" rel=\"noopener\"> Bedienungsanleitungen<\/a> einsehen oder <a href=\"https:\/\/helvest.ch\/eu\/de\/kontakt\/\" target=\"_blank\" rel=\"noopener\">uns schreiben.<\/a> &hellip; <a href=\"https:\/\/helvest.ch\/eu\/de\/prodotto\/bt10-y-gelb\/\">Read More<\/a><\/p>\n","protected":false},"featured_media":2564,"template":"","meta":[],"product_cat":[337],"product_tag":[],"class_list":{"0":"post-2572","1":"product","2":"type-product","3":"status-publish","4":"has-post-thumbnail","6":"product_cat-knoepfe","8":"first","9":"instock","10":"sale","11":"shipping-taxable","12":"purchasable","13":"product-type-simple"},"_links":{"self":[{"href":"https:\/\/helvest.ch\/eu\/wp-json\/wp\/v2\/product\/2572","targetHints":{"allow":["GET"]}}],"collection":[{"href":"https:\/\/helvest.ch\/eu\/wp-json\/wp\/v2\/product"}],"about":[{"href":"https:\/\/helvest.ch\/eu\/wp-json\/wp\/v2\/types\/product"}],"version-history":[{"count":1,"href":"https:\/\/helvest.ch\/eu\/wp-json\/wp\/v2\/product\/2572\/revisions"}],"predecessor-version":[{"id":2575,"href":"https:\/\/helvest.ch\/eu\/wp-json\/wp\/v2\/product\/2572\/revisions\/2575"}],"wp:featuredmedia":[{"embeddable":true,"href":"https:\/\/helvest.ch\/eu\/wp-json\/wp\/v2\/media\/2564"}],"wp:attachment":[{"href":"https:\/\/helvest.ch\/eu\/wp-json\/wp\/v2\/media?parent=2572"}],"wp:term":[{"taxonomy":"product_cat","embeddable":true,"href":"https:\/\/helvest.ch\/eu\/wp-json\/wp\/v2\/product_cat?post=2572"},{"taxonomy":"product_tag","embeddable":true,"href":"https:\/\/helvest.ch\/eu\/wp-json\/wp\/v2\/product_tag?post=2572"}],"curies":[{"name":"wp","href":"https:\/\/api.w.org\/{rel}","templated":true}]}}