{"id":2527,"date":"2022-05-30T18:17:04","date_gmt":"2022-05-30T18:17:04","guid":{"rendered":"https:\/\/helvest.ch\/eu\/?post_type=product&#038;p=2527"},"modified":"2025-09-25T11:22:08","modified_gmt":"2025-09-25T11:22:08","slug":"kompletter-dcc-nmra-decoder-fuer-8-elektromagnetische-weichen-zubehoerteile","status":"publish","type":"product","link":"https:\/\/helvest.ch\/eu\/de\/prodotto\/kompletter-dcc-nmra-decoder-fuer-8-elektromagnetische-weichen-zubehoerteile\/","title":{"rendered":"Kompletter DCC\/NMRA-Decoder f\u00fcr 8 elektromagnetische Weichen\/Zubeh\u00f6rteile"},"content":{"rendered":"<style>.fb_iframe_widget span{width:460px !important;} .fb_iframe_widget iframe {margin: 0 !important;}        .fb_edge_comment_widget { display: none !important; }<\/style><div style=\"width:100%; text-align:center\"><div class=\"fb-like\" style=\"width:600px; overflow: hidden !important; \" data-href=\"https:\/\/helvest.ch\/eu\/de\/prodotto\/kompletter-dcc-nmra-decoder-fuer-8-elektromagnetische-weichen-zubehoerteile\/\" data-size=\"small\" data-colorscheme=\"light\" data-width=\"600\" data-layout=\"standard\" data-action=\"like\" data-show-faces=\"true\" data-share=\"true\" kid_directed_site=\"false\"><\/div><\/div>","protected":false},"excerpt":{"rendered":"<div class=\"woocommerce-product-details__short-description\">\n<p>Kompletter Decoder zum Schalten von bis zu 8 Weichen mit elektromagnetischen Spulen. NMRA-zertifiziertes DCC-Protokoll, kompatibel mit allen DCC-Steuerger\u00e4ten.<\/p>\n<p>Der Spulenantrieb ist die g\u00e4ngigste Methode zum Schalten von Weichen. Mit diesem Decoder k\u00f6nnen Sie die meisten auf dem Markt befindlichen Spulen antreiben, sofern diese f\u00fcr den Digitalbetrieb geeignet sind.<\/p>\n<p>Beispiele von geeigneten Motoren Peco* PL10-W, Roco* Line, M\u00e4rklin* C, Fleischmann* 640000, Piko* A, Kato* Unitrack und andere, im Zweifel schreiben Sie uns!<\/p>\n<p>Konfiguration und Bedienung sind sehr einfach. Die Programmierung erfordert keine zus\u00e4tzlichen Komponenten.<\/p>\n<p>Wenn Sie komplexere Konfigurationen bevorzugen (nur 4 Ausg\u00e4nge oder Kombination mit anderem Zubeh\u00f6r), k\u00f6nnen Sie separate Module in den entsprechenden Abschnitten der Website erwerben. F\u00fcr Fragen oder Informationen zu diesem Produkt z\u00f6gern Sie bitte nicht, uns zu kontaktieren!<\/p>\n<p>* Marken von Dritten, die von ihren jeweiligen Eigent\u00fcmern gehalten werden.<\/p>\n<\/div>\n<p> &hellip; <a href=\"https:\/\/helvest.ch\/eu\/de\/prodotto\/kompletter-dcc-nmra-decoder-fuer-8-elektromagnetische-weichen-zubehoerteile\/\">Read More<\/a><\/p>\n","protected":false},"featured_media":2525,"template":"","meta":[],"product_cat":[211],"product_tag":[],"class_list":{"0":"post-2527","1":"product","2":"type-product","3":"status-publish","4":"has-post-thumbnail","6":"product_cat-completedec-de","8":"first","9":"instock","10":"shipping-taxable","11":"purchasable","12":"product-type-simple"},"_links":{"self":[{"href":"https:\/\/helvest.ch\/eu\/wp-json\/wp\/v2\/product\/2527","targetHints":{"allow":["GET"]}}],"collection":[{"href":"https:\/\/helvest.ch\/eu\/wp-json\/wp\/v2\/product"}],"about":[{"href":"https:\/\/helvest.ch\/eu\/wp-json\/wp\/v2\/types\/product"}],"version-history":[{"count":1,"href":"https:\/\/helvest.ch\/eu\/wp-json\/wp\/v2\/product\/2527\/revisions"}],"predecessor-version":[{"id":2528,"href":"https:\/\/helvest.ch\/eu\/wp-json\/wp\/v2\/product\/2527\/revisions\/2528"}],"wp:featuredmedia":[{"embeddable":true,"href":"https:\/\/helvest.ch\/eu\/wp-json\/wp\/v2\/media\/2525"}],"wp:attachment":[{"href":"https:\/\/helvest.ch\/eu\/wp-json\/wp\/v2\/media?parent=2527"}],"wp:term":[{"taxonomy":"product_cat","embeddable":true,"href":"https:\/\/helvest.ch\/eu\/wp-json\/wp\/v2\/product_cat?post=2527"},{"taxonomy":"product_tag","embeddable":true,"href":"https:\/\/helvest.ch\/eu\/wp-json\/wp\/v2\/product_tag?post=2527"}],"curies":[{"name":"wp","href":"https:\/\/api.w.org\/{rel}","templated":true}]}}