{"id":2523,"date":"2022-05-30T17:38:16","date_gmt":"2022-05-30T17:38:16","guid":{"rendered":"https:\/\/helvest.ch\/eu\/?post_type=product&#038;p=2523"},"modified":"2025-09-25T11:22:08","modified_gmt":"2025-09-25T11:22:08","slug":"decoder-dcc-nmra-completo-per-8-scambi-accessori-elettromagnetici","status":"publish","type":"product","link":"https:\/\/helvest.ch\/eu\/prodotto\/decoder-dcc-nmra-completo-per-8-scambi-accessori-elettromagnetici\/","title":{"rendered":"Decoder DCC\/NMRA completo per 8 scambi\/accessori elettromagnetici"},"content":{"rendered":"<style>.fb_iframe_widget span{width:460px !important;} .fb_iframe_widget iframe {margin: 0 !important;}        .fb_edge_comment_widget { display: none !important; }<\/style><div style=\"width:100%; text-align:center\"><div class=\"fb-like\" style=\"width:600px; overflow: hidden !important; \" data-href=\"https:\/\/helvest.ch\/eu\/prodotto\/decoder-dcc-nmra-completo-per-8-scambi-accessori-elettromagnetici\/\" data-size=\"small\" data-colorscheme=\"light\" data-width=\"600\" data-layout=\"standard\" data-action=\"like\" data-show-faces=\"true\" data-share=\"true\" kid_directed_site=\"false\"><\/div><\/div>","protected":false},"excerpt":{"rendered":"<div class=\"woocommerce-product-details__short-description\">\n<p>Decoder completo per pilotare fino a 8 scambi azionati da bobine elettromagnetiche. Protocollo DCC NMRA con certificazione NMRA, \u00e8 compatibile con tutte le centraline DCC.<\/p>\n<p>L&#8217;azionamento a bobina \u00e8 il metodo pi\u00f9 diffuso per muovere gli scambi. Con questo decoder puoi azionare la maggior parte delle bobine in commercio, purch\u00e9 adatte per il funzionamento digitale.<\/p>\n<p>Esempi di motori azionabili: Peco* PL10-W, Roco* Line, M\u00e4rklin* C, Fleischmann* 640000, Piko* A, Kato*\u00a0 Unitrack e altri, nel dubbio scrivici!<\/p>\n<p>La configurazione e l\u2019uso sono semplicissimi. La programmazione non richiede l\u2019uso di componenti aggiuntivi.<\/p>\n<p>Se preferisci configurazioni pi\u00f9 complesse (solo 4 uscite o combinazione con altri accessori) \u00e8 possibile acquistare i moduli separati nelle apposite sezioni del sito. Per qualsiasi domanda o informazione su questo prodotto non esitare a contattarci!<\/p>\n<p>* Marchi di terze parti, detenuti dai rispettivi proprietari.<\/p>\n<\/div>\n<p> &hellip; <a href=\"https:\/\/helvest.ch\/eu\/prodotto\/decoder-dcc-nmra-completo-per-8-scambi-accessori-elettromagnetici\/\">Read More<\/a><\/p>\n","protected":false},"featured_media":2525,"template":"","meta":[],"product_cat":[203],"product_tag":[],"class_list":{"0":"post-2523","1":"product","2":"type-product","3":"status-publish","4":"has-post-thumbnail","6":"product_cat-completedec-ita","8":"first","9":"instock","10":"shipping-taxable","11":"purchasable","12":"product-type-simple"},"_links":{"self":[{"href":"https:\/\/helvest.ch\/eu\/wp-json\/wp\/v2\/product\/2523","targetHints":{"allow":["GET"]}}],"collection":[{"href":"https:\/\/helvest.ch\/eu\/wp-json\/wp\/v2\/product"}],"about":[{"href":"https:\/\/helvest.ch\/eu\/wp-json\/wp\/v2\/types\/product"}],"version-history":[{"count":2,"href":"https:\/\/helvest.ch\/eu\/wp-json\/wp\/v2\/product\/2523\/revisions"}],"predecessor-version":[{"id":2766,"href":"https:\/\/helvest.ch\/eu\/wp-json\/wp\/v2\/product\/2523\/revisions\/2766"}],"wp:featuredmedia":[{"embeddable":true,"href":"https:\/\/helvest.ch\/eu\/wp-json\/wp\/v2\/media\/2525"}],"wp:attachment":[{"href":"https:\/\/helvest.ch\/eu\/wp-json\/wp\/v2\/media?parent=2523"}],"wp:term":[{"taxonomy":"product_cat","embeddable":true,"href":"https:\/\/helvest.ch\/eu\/wp-json\/wp\/v2\/product_cat?post=2523"},{"taxonomy":"product_tag","embeddable":true,"href":"https:\/\/helvest.ch\/eu\/wp-json\/wp\/v2\/product_tag?post=2523"}],"curies":[{"name":"wp","href":"https:\/\/api.w.org\/{rel}","templated":true}]}}