{"id":2366,"date":"2022-03-15T09:45:21","date_gmt":"2022-03-15T09:45:21","guid":{"rendered":"https:\/\/helvest.ch\/eu\/?post_type=product&#038;p=2366"},"modified":"2026-02-14T17:38:47","modified_gmt":"2026-02-14T17:38:47","slug":"dcc100-e-4","status":"publish","type":"product","link":"https:\/\/helvest.ch\/eu\/de\/prodotto\/dcc100-e-4\/","title":{"rendered":"DCC100-E"},"content":{"rendered":"<style>.fb_iframe_widget span{width:460px !important;} .fb_iframe_widget iframe {margin: 0 !important;}        .fb_edge_comment_widget { display: none !important; }<\/style><div style=\"width:100%; text-align:center\"><div class=\"fb-like\" style=\"width:600px; overflow: hidden !important; \" data-href=\"https:\/\/helvest.ch\/eu\/de\/prodotto\/dcc100-e-4\/\" data-size=\"small\" data-colorscheme=\"light\" data-width=\"600\" data-layout=\"standard\" data-action=\"like\" data-show-faces=\"true\" data-share=\"true\" kid_directed_site=\"false\"><\/div><\/div>","protected":false},"excerpt":{"rendered":"<div id=\"elementor-tab-content-121\" class=\"elementor-tab-content elementor-clearfix elementor-active\" role=\"tabpanel\" data-tab=\"1\" aria-labelledby=\"elementor-tab-title-121\">\n<p>Das DCC100-E ist eine DCC-Karte mit separater Stromversorgung. Wenn Sie dieses Modul verwenden, k\u00f6nnen Sie die HP100-Hauptplatine mit einem beliebigen Stromversorgungsger\u00e4t (z.B. 16 V AC von einem beliebigen Transformator) versorgen und die DCC nur an diese Platine anschlie\u00dfen. Dies ist die empfohlene L\u00f6sung f\u00fcr gro\u00dfe Anlagen: Der Decoder bezieht keinen Strom von der Zentrale, er liest nur die Anweisungen, die er erh\u00e4lt.<\/p>\n<p>Mit diesem installierten Modul wird das Board praktisch zu einem DCC-Decoder und kommuniziert mit allen Arten von DCC-Digitalger\u00e4ten zur Bedienung von Zubeh\u00f6r und ist \u00fcber eine beliebige Steuerung nach den \u00fcblichen Methoden programmierbar. Dank des Flex-Systems kann der Decoder je nach installierten Layoutmodulen verschiedene Zubeh\u00f6rteile ansteuern.<\/p>\n<p>\u00dcber die CVs sind alle normalen Konfigurationsfunktionen entsprechend den verschiedenen installierten \u201eLayout\u201c-Modulen m\u00f6glichDie Best\u00e4tigung der Programmierung und des Auslesens von CVs ist m\u00f6glich\u00a0 ohne externen Anschluss.<\/p>\n<p>Wenn Sie weitere Informationen ben\u00f6tigen, k\u00f6nnen Sie eine <a href=\"https:\/\/helvest.ch\/de\/produkt-anleitung\/\" target=\"_blank\" rel=\"noopener noreferrer\">Anleitung f\u00fcr die Auswahl der Produkte<\/a> mit einer Liste der angetriebenen Laufwerke konsultieren. Wenn Sie Fragen haben, k\u00f6nnen Sie <a href=\"https:\/\/helvest.ch\/de\/kontakt\/\">uns schreiben<\/a>. Weitere Informationen \u00fcber die Stromversorgung von Decodern <a href=\"https:\/\/helvest.ch\/de\/zwei-moeglichkeiten-zur-stromversorgung-von-zubehoerdecodern\/\" target=\"_blank\" rel=\"noopener noreferrer\">finden Sie in diesem Artikel.<\/a><\/p>\n<\/div>\n<p> &hellip; <a href=\"https:\/\/helvest.ch\/eu\/de\/prodotto\/dcc100-e-4\/\">Read More<\/a><\/p>\n","protected":false},"featured_media":2347,"template":"","meta":[],"product_cat":[162],"product_tag":[],"class_list":{"0":"post-2366","1":"product","2":"type-product","3":"status-publish","4":"has-post-thumbnail","6":"product_cat-net-modul","8":"first","9":"instock","10":"shipping-taxable","11":"purchasable","12":"product-type-simple"},"_links":{"self":[{"href":"https:\/\/helvest.ch\/eu\/wp-json\/wp\/v2\/product\/2366","targetHints":{"allow":["GET"]}}],"collection":[{"href":"https:\/\/helvest.ch\/eu\/wp-json\/wp\/v2\/product"}],"about":[{"href":"https:\/\/helvest.ch\/eu\/wp-json\/wp\/v2\/types\/product"}],"version-history":[{"count":4,"href":"https:\/\/helvest.ch\/eu\/wp-json\/wp\/v2\/product\/2366\/revisions"}],"predecessor-version":[{"id":2370,"href":"https:\/\/helvest.ch\/eu\/wp-json\/wp\/v2\/product\/2366\/revisions\/2370"}],"wp:featuredmedia":[{"embeddable":true,"href":"https:\/\/helvest.ch\/eu\/wp-json\/wp\/v2\/media\/2347"}],"wp:attachment":[{"href":"https:\/\/helvest.ch\/eu\/wp-json\/wp\/v2\/media?parent=2366"}],"wp:term":[{"taxonomy":"product_cat","embeddable":true,"href":"https:\/\/helvest.ch\/eu\/wp-json\/wp\/v2\/product_cat?post=2366"},{"taxonomy":"product_tag","embeddable":true,"href":"https:\/\/helvest.ch\/eu\/wp-json\/wp\/v2\/product_tag?post=2366"}],"curies":[{"name":"wp","href":"https:\/\/api.w.org\/{rel}","templated":true}]}}