{"id":2346,"date":"2022-03-08T18:23:39","date_gmt":"2022-03-08T18:23:39","guid":{"rendered":"https:\/\/helvest.ch\/eu\/?post_type=product&#038;p=2346"},"modified":"2026-02-14T17:38:47","modified_gmt":"2026-02-14T17:38:47","slug":"dcc100e","status":"publish","type":"product","link":"https:\/\/helvest.ch\/eu\/prodotto\/dcc100e\/","title":{"rendered":"DCC100-E"},"content":{"rendered":"<style>.fb_iframe_widget span{width:460px !important;} .fb_iframe_widget iframe {margin: 0 !important;}        .fb_edge_comment_widget { display: none !important; }<\/style><div style=\"width:100%; text-align:center\"><div class=\"fb-like\" style=\"width:600px; overflow: hidden !important; \" data-href=\"https:\/\/helvest.ch\/eu\/prodotto\/dcc100e\/\" data-size=\"small\" data-colorscheme=\"light\" data-width=\"600\" data-layout=\"standard\" data-action=\"like\" data-show-faces=\"true\" data-share=\"true\" kid_directed_site=\"false\"><\/div><\/div>","protected":false},"excerpt":{"rendered":"<div id=\"elementor-tab-content-121\" class=\"elementor-tab-content elementor-clearfix elementor-active\" role=\"tabpanel\" data-tab=\"1\" aria-labelledby=\"elementor-tab-title-121\">\n<p>La DCC100-E \u00e8 una scheda DCC con alimentazione separata. Se usate questo modulo, potete alimentare la scheda madre HP100 con qualsiasi alimentazione (per esempio con 16 V in AC provenienti da un altro trasformatore), e connettere il DCC solo a questa scheda. \u00c8 la soluzione consigliata per grandi plastici: il decoder non assorbe potenza dalla centralina, legge solo le istruzioni DCC.<\/p>\n<p>Con questo modulo installato, la scheda diventa a tutti gli effetti un decoder DCC e comunica con tutte le tipologie di dispositivi digitali DCC per azionare accessori, ed \u00e8 programmabile tramite qualsiasi centralina secondo le modalit\u00e0 usuali. Grazie al sistema flex il decoder pu\u00f2 pilotare diversi accessori a seconda dei moduli layout installati.<\/p>\n<p>Tramite le CV sono possibili tutte le normali funzioni di configurazione in base ai diversi moduli \u201clayout\u201d installati.<\/p>\n<p>La conferma della programmazione e la lettura delle CV sono possibili senza alcun collegamento esterno.<\/p>\n<p>Se ti servono altre informazioni, puoi consultare una <a href=\"https:\/\/helvest.ch\/eu\/scelta-prodotti\/\">guida per la scelta dei prodotti e con la lista degli azionamenti pilotati<\/a> oppure <a href=\"https:\/\/helvest.ch\/contact_it\/\">scriverci<\/a>. Maggiori chiarimenti su come alimentare i decoder sono disponibili <a href=\"https:\/\/helvest.ch\/alimentare-decaccessori\/\">in questo articolo<\/a>.<\/p>\n<\/div>\n<p> &hellip; <a href=\"https:\/\/helvest.ch\/eu\/prodotto\/dcc100e\/\">Read More<\/a><\/p>\n","protected":false},"featured_media":2347,"template":"","meta":[],"product_cat":[115],"product_tag":[],"class_list":{"0":"post-2346","1":"product","2":"type-product","3":"status-publish","4":"has-post-thumbnail","6":"product_cat-net-modules","8":"first","9":"instock","10":"shipping-taxable","11":"purchasable","12":"product-type-simple"},"_links":{"self":[{"href":"https:\/\/helvest.ch\/eu\/wp-json\/wp\/v2\/product\/2346","targetHints":{"allow":["GET"]}}],"collection":[{"href":"https:\/\/helvest.ch\/eu\/wp-json\/wp\/v2\/product"}],"about":[{"href":"https:\/\/helvest.ch\/eu\/wp-json\/wp\/v2\/types\/product"}],"version-history":[{"count":4,"href":"https:\/\/helvest.ch\/eu\/wp-json\/wp\/v2\/product\/2346\/revisions"}],"predecessor-version":[{"id":2349,"href":"https:\/\/helvest.ch\/eu\/wp-json\/wp\/v2\/product\/2346\/revisions\/2349"}],"wp:featuredmedia":[{"embeddable":true,"href":"https:\/\/helvest.ch\/eu\/wp-json\/wp\/v2\/media\/2347"}],"wp:attachment":[{"href":"https:\/\/helvest.ch\/eu\/wp-json\/wp\/v2\/media?parent=2346"}],"wp:term":[{"taxonomy":"product_cat","embeddable":true,"href":"https:\/\/helvest.ch\/eu\/wp-json\/wp\/v2\/product_cat?post=2346"},{"taxonomy":"product_tag","embeddable":true,"href":"https:\/\/helvest.ch\/eu\/wp-json\/wp\/v2\/product_tag?post=2346"}],"curies":[{"name":"wp","href":"https:\/\/api.w.org\/{rel}","templated":true}]}}