{"id":2332,"date":"2022-03-02T21:31:16","date_gmt":"2022-03-02T21:31:16","guid":{"rendered":"https:\/\/helvest.ch\/eu\/?post_type=product&#038;p=2332"},"modified":"2025-09-25T11:21:18","modified_gmt":"2025-09-25T11:21:18","slug":"emw400-3","status":"publish","type":"product","link":"https:\/\/helvest.ch\/eu\/fr\/prodotto\/emw400-3\/","title":{"rendered":"EMW400"},"content":{"rendered":"<style>.fb_iframe_widget span{width:460px !important;} .fb_iframe_widget iframe {margin: 0 !important;}        .fb_edge_comment_widget { display: none !important; }<\/style><div style=\"width:100%; text-align:center\"><div class=\"fb-like\" style=\"width:600px; overflow: hidden !important; \" data-href=\"https:\/\/helvest.ch\/eu\/fr\/prodotto\/emw400-3\/\" data-size=\"small\" data-colorscheme=\"light\" data-width=\"600\" data-layout=\"standard\" data-action=\"like\" data-show-faces=\"true\" data-share=\"true\" kid_directed_site=\"false\"><\/div><\/div>","protected":false},"excerpt":{"rendered":"<p>Le module EMW400 contr\u00f4le jusqu&#8217;\u00e0 quatre bobines \u00e9lectromagn\u00e9tiques d&#8217;aiguillage . Les bobines sont le type de moteur le plus courant pour les aiguillages, et ce module contr\u00f4le presque tous les types et toutes les marques de bobines, \u00e0 condition qu&#8217;elles soient compatibles avec un fonctionnement num\u00e9rique.<\/p>\n<p>Il est prot\u00e9g\u00e9 contre les courts-circuits et les surcharges et ses connexions sont extr\u00eamement simples.<\/p>\n<p>Si vous avez besoin de plus d&#8217;informations, vous pouvez consulter un guide de s\u00e9lection de produits<a href=\"https:\/\/helvest.ch\/fr\/tutoriel-sur-le-choix-des-produits\/\"> avec une liste de dispositifs pilot\u00e9s<\/a> ou <a href=\"https:\/\/helvest.ch\/fr\/contactez-nous\/\">nous \u00e9crire<\/a>. &hellip; <a href=\"https:\/\/helvest.ch\/eu\/fr\/prodotto\/emw400-3\/\">Read More<\/a><\/p>\n","protected":false},"featured_media":2326,"template":"","meta":[],"product_cat":[227],"product_tag":[],"class_list":{"0":"post-2332","1":"product","2":"type-product","3":"status-publish","4":"has-post-thumbnail","6":"product_cat-layout-fr","8":"first","9":"instock","10":"shipping-taxable","11":"purchasable","12":"product-type-simple"},"_links":{"self":[{"href":"https:\/\/helvest.ch\/eu\/wp-json\/wp\/v2\/product\/2332","targetHints":{"allow":["GET"]}}],"collection":[{"href":"https:\/\/helvest.ch\/eu\/wp-json\/wp\/v2\/product"}],"about":[{"href":"https:\/\/helvest.ch\/eu\/wp-json\/wp\/v2\/types\/product"}],"version-history":[{"count":1,"href":"https:\/\/helvest.ch\/eu\/wp-json\/wp\/v2\/product\/2332\/revisions"}],"predecessor-version":[{"id":2336,"href":"https:\/\/helvest.ch\/eu\/wp-json\/wp\/v2\/product\/2332\/revisions\/2336"}],"wp:featuredmedia":[{"embeddable":true,"href":"https:\/\/helvest.ch\/eu\/wp-json\/wp\/v2\/media\/2326"}],"wp:attachment":[{"href":"https:\/\/helvest.ch\/eu\/wp-json\/wp\/v2\/media?parent=2332"}],"wp:term":[{"taxonomy":"product_cat","embeddable":true,"href":"https:\/\/helvest.ch\/eu\/wp-json\/wp\/v2\/product_cat?post=2332"},{"taxonomy":"product_tag","embeddable":true,"href":"https:\/\/helvest.ch\/eu\/wp-json\/wp\/v2\/product_tag?post=2332"}],"curies":[{"name":"wp","href":"https:\/\/api.w.org\/{rel}","templated":true}]}}