{"id":2331,"date":"2022-03-02T21:24:51","date_gmt":"2022-03-02T21:24:51","guid":{"rendered":"https:\/\/helvest.ch\/eu\/?post_type=product&#038;p=2331"},"modified":"2025-09-25T11:21:18","modified_gmt":"2025-09-25T11:21:18","slug":"emw400-2","status":"publish","type":"product","link":"https:\/\/helvest.ch\/eu\/de\/prodotto\/emw400-2\/","title":{"rendered":"EMW400"},"content":{"rendered":"<style>.fb_iframe_widget span{width:460px !important;} .fb_iframe_widget iframe {margin: 0 !important;}        .fb_edge_comment_widget { display: none !important; }<\/style><div style=\"width:100%; text-align:center\"><div class=\"fb-like\" style=\"width:600px; overflow: hidden !important; \" data-href=\"https:\/\/helvest.ch\/eu\/de\/prodotto\/emw400-2\/\" data-size=\"small\" data-colorscheme=\"light\" data-width=\"600\" data-layout=\"standard\" data-action=\"like\" data-show-faces=\"true\" data-share=\"true\" kid_directed_site=\"false\"><\/div><\/div>","protected":false},"excerpt":{"rendered":"<p>Das Modul EMW400 steuert bis zu vier elektromagnetische Weichenspulen. Spulen sind die h\u00e4ufigste Antriebsart f\u00fcr Weichen, und dieses Modul steuert fast alle Arten und Marken von Spulen, sofern sie f\u00fcr den digitalen Betrieb geeignet sind.<\/p>\n<p>Es ist gegen Kurzschluss und \u00dcberlast gesch\u00fctzt und hat extrem einfache Anschl\u00fcsse.<\/p>\n<p>Wenn Sie weitere Informationen ben\u00f6tigen, k\u00f6nnen Sie einen Auswahlhilfe mit einer <a href=\"https:\/\/helvest.ch\/de\/produkt-anleitung\/\">Liste der getesteten Antriebe konsultieren<\/a> oder uns oder <a href=\"https:\/\/helvest.ch\/de\/kontakt\/\">uns schreiben.<\/a> &hellip; <a href=\"https:\/\/helvest.ch\/eu\/de\/prodotto\/emw400-2\/\">Read More<\/a><\/p>\n","protected":false},"featured_media":2326,"template":"","meta":[],"product_cat":[156],"product_tag":[],"class_list":{"0":"post-2331","1":"product","2":"type-product","3":"status-publish","4":"has-post-thumbnail","6":"product_cat-layout-modul","8":"first","9":"instock","10":"shipping-taxable","11":"purchasable","12":"product-type-simple"},"_links":{"self":[{"href":"https:\/\/helvest.ch\/eu\/wp-json\/wp\/v2\/product\/2331","targetHints":{"allow":["GET"]}}],"collection":[{"href":"https:\/\/helvest.ch\/eu\/wp-json\/wp\/v2\/product"}],"about":[{"href":"https:\/\/helvest.ch\/eu\/wp-json\/wp\/v2\/types\/product"}],"version-history":[{"count":2,"href":"https:\/\/helvest.ch\/eu\/wp-json\/wp\/v2\/product\/2331\/revisions"}],"predecessor-version":[{"id":2335,"href":"https:\/\/helvest.ch\/eu\/wp-json\/wp\/v2\/product\/2331\/revisions\/2335"}],"wp:featuredmedia":[{"embeddable":true,"href":"https:\/\/helvest.ch\/eu\/wp-json\/wp\/v2\/media\/2326"}],"wp:attachment":[{"href":"https:\/\/helvest.ch\/eu\/wp-json\/wp\/v2\/media?parent=2331"}],"wp:term":[{"taxonomy":"product_cat","embeddable":true,"href":"https:\/\/helvest.ch\/eu\/wp-json\/wp\/v2\/product_cat?post=2331"},{"taxonomy":"product_tag","embeddable":true,"href":"https:\/\/helvest.ch\/eu\/wp-json\/wp\/v2\/product_tag?post=2331"}],"curies":[{"name":"wp","href":"https:\/\/api.w.org\/{rel}","templated":true}]}}