{"id":2310,"date":"2022-01-29T21:03:23","date_gmt":"2022-01-29T21:03:23","guid":{"rendered":"https:\/\/helvest.ch\/eu\/?post_type=product&#038;p=2310"},"modified":"2025-12-02T00:17:13","modified_gmt":"2025-12-02T00:17:13","slug":"set-mit-8-servomotoren-decoder","status":"publish","type":"product","link":"https:\/\/helvest.ch\/eu\/de\/prodotto\/set-mit-8-servomotoren-decoder\/","title":{"rendered":"Set mit 8 Servomotoren + Decoder"},"content":{"rendered":"<style>.fb_iframe_widget span{width:460px !important;} .fb_iframe_widget iframe {margin: 0 !important;}        .fb_edge_comment_widget { display: none !important; }<\/style><div style=\"width:100%; text-align:center\"><div class=\"fb-like\" style=\"width:600px; overflow: hidden !important; \" data-href=\"https:\/\/helvest.ch\/eu\/de\/prodotto\/set-mit-8-servomotoren-decoder\/\" data-size=\"small\" data-colorscheme=\"light\" data-width=\"600\" data-layout=\"standard\" data-action=\"like\" data-show-faces=\"true\" data-share=\"true\" kid_directed_site=\"false\"><\/div><\/div>","protected":false},"excerpt":{"rendered":"<p>Preiswertes Set bestehend aus:<\/p>\n<p>acht Servomotoren FS90 + Zubeh\u00f6r<br \/>\nHP100 &#8211; Hauptplatine<br \/>\nDCC100-E<br \/>\nzwei SM400-Modulen<\/p>\n<p>zum Aufbau eines kompletten DCC-Decodersystems + 8 Servomotoren f\u00fcr Modellbahnzubeh\u00f6r.<\/p>\n<p>Dieser Set l\u00f6st die Zweifel vieler Modellbahner bez\u00fcglich der Kombination von Servomotoren und Decodern: es verbindet die Vorteile des Helvest Flex-Systems (maximale Qualit\u00e4t und Zuverl\u00e4ssigkeit der Anwendung, einfache Programmierung, maximale Flexibilit\u00e4t) mit der Zweckm\u00e4\u00dfigkeit der Servomotoren.<\/p>\n<p>Der Decoder ist sehr zuverl\u00e4ssig, einfach zu bedienen und zu programmieren, wie alle Helvest-Produkte.<\/p>\n<p>Die Servomotoren sind f\u00fcr jeden Ma\u00dfstab geeignet (von 1 bis Z).<\/p>\n<p>F\u00fcr Fragen oder Informationen \u00fcber dieses Produkt z\u00f6gern Sie bitte nicht, uns zu kontaktieren! &hellip; <a href=\"https:\/\/helvest.ch\/eu\/de\/prodotto\/set-mit-8-servomotoren-decoder\/\">Read More<\/a><\/p>\n","protected":false},"featured_media":2300,"template":"","meta":[],"product_cat":[299],"product_tag":[],"class_list":{"0":"post-2310","1":"product","2":"type-product","3":"status-publish","4":"has-post-thumbnail","6":"product_cat-sets-antriebe","8":"first","9":"instock","10":"shipping-taxable","11":"purchasable","12":"product-type-simple"},"_links":{"self":[{"href":"https:\/\/helvest.ch\/eu\/wp-json\/wp\/v2\/product\/2310","targetHints":{"allow":["GET"]}}],"collection":[{"href":"https:\/\/helvest.ch\/eu\/wp-json\/wp\/v2\/product"}],"about":[{"href":"https:\/\/helvest.ch\/eu\/wp-json\/wp\/v2\/types\/product"}],"version-history":[{"count":2,"href":"https:\/\/helvest.ch\/eu\/wp-json\/wp\/v2\/product\/2310\/revisions"}],"predecessor-version":[{"id":3226,"href":"https:\/\/helvest.ch\/eu\/wp-json\/wp\/v2\/product\/2310\/revisions\/3226"}],"wp:featuredmedia":[{"embeddable":true,"href":"https:\/\/helvest.ch\/eu\/wp-json\/wp\/v2\/media\/2300"}],"wp:attachment":[{"href":"https:\/\/helvest.ch\/eu\/wp-json\/wp\/v2\/media?parent=2310"}],"wp:term":[{"taxonomy":"product_cat","embeddable":true,"href":"https:\/\/helvest.ch\/eu\/wp-json\/wp\/v2\/product_cat?post=2310"},{"taxonomy":"product_tag","embeddable":true,"href":"https:\/\/helvest.ch\/eu\/wp-json\/wp\/v2\/product_tag?post=2310"}],"curies":[{"name":"wp","href":"https:\/\/api.w.org\/{rel}","templated":true}]}}