{"id":2308,"date":"2022-01-29T18:24:02","date_gmt":"2022-01-29T18:24:02","guid":{"rendered":"https:\/\/helvest.ch\/eu\/?post_type=product&#038;p=2308"},"modified":"2025-12-02T00:17:13","modified_gmt":"2025-12-02T00:17:13","slug":"coffret-de-8-servomoteurs-decodeur","status":"publish","type":"product","link":"https:\/\/helvest.ch\/eu\/fr\/prodotto\/coffret-de-8-servomoteurs-decodeur\/","title":{"rendered":"Coffret de 8 servomoteurs + d\u00e9codeur"},"content":{"rendered":"<style>.fb_iframe_widget span{width:460px !important;} .fb_iframe_widget iframe {margin: 0 !important;}        .fb_edge_comment_widget { display: none !important; }<\/style><div style=\"width:100%; text-align:center\"><div class=\"fb-like\" style=\"width:600px; overflow: hidden !important; \" data-href=\"https:\/\/helvest.ch\/eu\/fr\/prodotto\/coffret-de-8-servomoteurs-decodeur\/\" data-size=\"small\" data-colorscheme=\"light\" data-width=\"600\" data-layout=\"standard\" data-action=\"like\" data-show-faces=\"true\" data-share=\"true\" kid_directed_site=\"false\"><\/div><\/div>","protected":false},"excerpt":{"rendered":"<p>Coffret tr\u00e8s avantageux compos\u00e9 de :<\/p>\n<p>huit servomoteurs FS90 + accessoires de montage<br \/>\nCarte m\u00e8re HP100<br \/>\nDCC100-E<br \/>\ndeux modules SM400<\/p>\n<p>pour assembler un syst\u00e8me complet de d\u00e9codeurs DCC + 8 servomoteurs pour accessoires de mod\u00e9lisme ferroviaire.<\/p>\n<p>Ce kit r\u00e9sout les doutes de nombreux mod\u00e9listes quant aux combinaisons entre servomoteurs et d\u00e9codeurs : il r\u00e9unit les avantages du syst\u00e8me Helvest Flex (qualit\u00e9 et fiabilit\u00e9 d&#8217;utilisation maximales, facilit\u00e9 de programmation, flexibilit\u00e9 maximale) et la fonctionnalit\u00e9 des servomoteurs.<\/p>\n<p>Le d\u00e9codeur est extr\u00eamement fiable, facile \u00e0 utiliser et \u00e0 programmer, comme tous les produits Helvest.<\/p>\n<p>Les servomoteurs sont adapt\u00e9s \u00e0 toutes les \u00e9chelles (de 1 \u00e0 Z).<\/p>\n<p>Pour toute question ou information sur ce produit, n&#8217;h\u00e9sitez pas \u00e0 nous contacter ! &hellip; <a href=\"https:\/\/helvest.ch\/eu\/fr\/prodotto\/coffret-de-8-servomoteurs-decodeur\/\">Read More<\/a><\/p>\n","protected":false},"featured_media":2300,"template":"","meta":[],"product_cat":[303],"product_tag":[],"class_list":{"0":"post-2308","1":"product","2":"type-product","3":"status-publish","4":"has-post-thumbnail","6":"product_cat-coffrets-moteurs","8":"first","9":"instock","10":"shipping-taxable","11":"purchasable","12":"product-type-simple"},"_links":{"self":[{"href":"https:\/\/helvest.ch\/eu\/wp-json\/wp\/v2\/product\/2308","targetHints":{"allow":["GET"]}}],"collection":[{"href":"https:\/\/helvest.ch\/eu\/wp-json\/wp\/v2\/product"}],"about":[{"href":"https:\/\/helvest.ch\/eu\/wp-json\/wp\/v2\/types\/product"}],"version-history":[{"count":2,"href":"https:\/\/helvest.ch\/eu\/wp-json\/wp\/v2\/product\/2308\/revisions"}],"predecessor-version":[{"id":3227,"href":"https:\/\/helvest.ch\/eu\/wp-json\/wp\/v2\/product\/2308\/revisions\/3227"}],"wp:featuredmedia":[{"embeddable":true,"href":"https:\/\/helvest.ch\/eu\/wp-json\/wp\/v2\/media\/2300"}],"wp:attachment":[{"href":"https:\/\/helvest.ch\/eu\/wp-json\/wp\/v2\/media?parent=2308"}],"wp:term":[{"taxonomy":"product_cat","embeddable":true,"href":"https:\/\/helvest.ch\/eu\/wp-json\/wp\/v2\/product_cat?post=2308"},{"taxonomy":"product_tag","embeddable":true,"href":"https:\/\/helvest.ch\/eu\/wp-json\/wp\/v2\/product_tag?post=2308"}],"curies":[{"name":"wp","href":"https:\/\/api.w.org\/{rel}","templated":true}]}}