{"id":2299,"date":"2022-01-28T13:57:39","date_gmt":"2022-01-28T13:57:39","guid":{"rendered":"https:\/\/helvest.ch\/eu\/?post_type=product&#038;p=2299"},"modified":"2025-12-02T00:17:12","modified_gmt":"2025-12-02T00:17:12","slug":"set-8-servomotori-decoder","status":"publish","type":"product","link":"https:\/\/helvest.ch\/eu\/prodotto\/set-8-servomotori-decoder\/","title":{"rendered":"Set 8 servomotori + decoder"},"content":{"rendered":"<style>.fb_iframe_widget span{width:460px !important;} .fb_iframe_widget iframe {margin: 0 !important;}        .fb_edge_comment_widget { display: none !important; }<\/style><div style=\"width:100%; text-align:center\"><div class=\"fb-like\" style=\"width:600px; overflow: hidden !important; \" data-href=\"https:\/\/helvest.ch\/eu\/prodotto\/set-8-servomotori-decoder\/\" data-size=\"small\" data-colorscheme=\"light\" data-width=\"600\" data-layout=\"standard\" data-action=\"like\" data-show-faces=\"true\" data-share=\"true\" kid_directed_site=\"false\"><\/div><\/div>","protected":false},"excerpt":{"rendered":"<div class=\"woocommerce-product-details__short-description\">\n<p>Conveniente set composto da:<\/p>\n<ul>\n<li>otto servomotori FS90<\/li>\n<li>scheda madre HP100<\/li>\n<li>DCC100-E<\/li>\n<li>due moduli SM400<\/li>\n<\/ul>\n<p>in modo da formare un sistema completo di decoder DCC + 8 servomotori per accessori fermodellistici.<\/p>\n<p>Questo kit risolve i dubbi di molti fermodellisti sulle combinazioni tra servomotori e decoder: con questo si abbinano i vantaggi del sistema Helvest Flex (massima qualit\u00e0 e affidabilit\u00e0 d\u2019uso, facilit\u00e0 di programmazione, massima flessibilit\u00e0) e la praticit\u00e0 dei servomotori.<\/p>\n<p>Il decoder \u00e8 estremamente affidabile, facile da usare e da programmare, come tutti i prodotti Helvest.<\/p>\n<p>I servomotori sono adatti a qualsiasi scala (dalla 1 alla Z).<\/p>\n<p>Per qualsiasi domanda o informazione su questo prodotto non esitare a contattarci!<\/p>\n<\/div>\n<p> &hellip; <a href=\"https:\/\/helvest.ch\/eu\/prodotto\/set-8-servomotori-decoder\/\">Read More<\/a><\/p>\n","protected":false},"featured_media":2300,"template":"","meta":[],"product_cat":[297],"product_tag":[],"class_list":{"0":"post-2299","1":"product","2":"type-product","3":"status-publish","4":"has-post-thumbnail","6":"product_cat-kit-motori","8":"first","9":"instock","10":"shipping-taxable","11":"purchasable","12":"product-type-simple"},"_links":{"self":[{"href":"https:\/\/helvest.ch\/eu\/wp-json\/wp\/v2\/product\/2299","targetHints":{"allow":["GET"]}}],"collection":[{"href":"https:\/\/helvest.ch\/eu\/wp-json\/wp\/v2\/product"}],"about":[{"href":"https:\/\/helvest.ch\/eu\/wp-json\/wp\/v2\/types\/product"}],"version-history":[{"count":3,"href":"https:\/\/helvest.ch\/eu\/wp-json\/wp\/v2\/product\/2299\/revisions"}],"predecessor-version":[{"id":3244,"href":"https:\/\/helvest.ch\/eu\/wp-json\/wp\/v2\/product\/2299\/revisions\/3244"}],"wp:featuredmedia":[{"embeddable":true,"href":"https:\/\/helvest.ch\/eu\/wp-json\/wp\/v2\/media\/2300"}],"wp:attachment":[{"href":"https:\/\/helvest.ch\/eu\/wp-json\/wp\/v2\/media?parent=2299"}],"wp:term":[{"taxonomy":"product_cat","embeddable":true,"href":"https:\/\/helvest.ch\/eu\/wp-json\/wp\/v2\/product_cat?post=2299"},{"taxonomy":"product_tag","embeddable":true,"href":"https:\/\/helvest.ch\/eu\/wp-json\/wp\/v2\/product_tag?post=2299"}],"curies":[{"name":"wp","href":"https:\/\/api.w.org\/{rel}","templated":true}]}}