{"id":2290,"date":"2022-01-28T09:53:00","date_gmt":"2022-01-28T09:53:00","guid":{"rendered":"https:\/\/helvest.ch\/eu\/?post_type=product&#038;p=2290"},"modified":"2025-04-01T08:10:02","modified_gmt":"2025-04-01T08:10:02","slug":"servomoteur-fs90","status":"publish","type":"product","link":"https:\/\/helvest.ch\/eu\/fr\/prodotto\/servomoteur-fs90\/","title":{"rendered":"Servomoteur FS90"},"content":{"rendered":"<style>.fb_iframe_widget span{width:460px !important;} .fb_iframe_widget iframe {margin: 0 !important;}        .fb_edge_comment_widget { display: none !important; }<\/style><div style=\"width:100%; text-align:center\"><div class=\"fb-like\" style=\"width:600px; overflow: hidden !important; \" data-href=\"https:\/\/helvest.ch\/eu\/fr\/prodotto\/servomoteur-fs90\/\" data-size=\"small\" data-colorscheme=\"light\" data-width=\"600\" data-layout=\"standard\" data-action=\"like\" data-show-faces=\"true\" data-share=\"true\" kid_directed_site=\"false\"><\/div><\/div>","protected":false},"excerpt":{"rendered":"<p>Servomoteur pour mod\u00e9lisme FS90. Convient pour les aiguillages, les barri\u00e8res de passage \u00e0 niveau, etc.<br \/>\nBon ajustement de la pr\u00e9cision des mouvements et des positions de d\u00e9but et de fin.<br \/>\nPeut \u00eatre contr\u00f4l\u00e9 num\u00e9riquement <a href=\"https:\/\/helvest.ch\/eu\/fr\/prodotto\/sm400-3\/\">avec le module SM400<\/a> ou avec <a href=\"https:\/\/helvest.ch\/eu\/fr\/prodotto\/kompletter-dcc-nmra-decoder-fur-8-servomotoren\/\">nos d\u00e9codeurs servo<\/a>.<\/p>\n<p>Caract\u00e9ristiques techniques : servomoteur analogique, mouvement de 120\u00b0, vitesse de commutation maximale d\u00e9clar\u00e9e 0,24 s.<br \/>\nDimensions : 23,2 x 12,5 x 22 mm.<\/p>\n<p>Livr\u00e9 avec accessoires et vis.<\/p>\n<p>&nbsp;<\/p>\n<p>&nbsp;<\/p>\n<p>&nbsp; &hellip; <a href=\"https:\/\/helvest.ch\/eu\/fr\/prodotto\/servomoteur-fs90\/\">Read More<\/a><\/p>\n","protected":false},"featured_media":2283,"template":"","meta":[],"product_cat":[303],"product_tag":[],"class_list":{"0":"post-2290","1":"product","2":"type-product","3":"status-publish","4":"has-post-thumbnail","6":"product_cat-coffrets-moteurs","8":"first","9":"instock","10":"shipping-taxable","11":"purchasable","12":"product-type-simple"},"_links":{"self":[{"href":"https:\/\/helvest.ch\/eu\/wp-json\/wp\/v2\/product\/2290","targetHints":{"allow":["GET"]}}],"collection":[{"href":"https:\/\/helvest.ch\/eu\/wp-json\/wp\/v2\/product"}],"about":[{"href":"https:\/\/helvest.ch\/eu\/wp-json\/wp\/v2\/types\/product"}],"version-history":[{"count":4,"href":"https:\/\/helvest.ch\/eu\/wp-json\/wp\/v2\/product\/2290\/revisions"}],"predecessor-version":[{"id":2297,"href":"https:\/\/helvest.ch\/eu\/wp-json\/wp\/v2\/product\/2290\/revisions\/2297"}],"wp:featuredmedia":[{"embeddable":true,"href":"https:\/\/helvest.ch\/eu\/wp-json\/wp\/v2\/media\/2283"}],"wp:attachment":[{"href":"https:\/\/helvest.ch\/eu\/wp-json\/wp\/v2\/media?parent=2290"}],"wp:term":[{"taxonomy":"product_cat","embeddable":true,"href":"https:\/\/helvest.ch\/eu\/wp-json\/wp\/v2\/product_cat?post=2290"},{"taxonomy":"product_tag","embeddable":true,"href":"https:\/\/helvest.ch\/eu\/wp-json\/wp\/v2\/product_tag?post=2290"}],"curies":[{"name":"wp","href":"https:\/\/api.w.org\/{rel}","templated":true}]}}