{"id":2218,"date":"2021-12-12T11:42:13","date_gmt":"2021-12-12T11:42:13","guid":{"rendered":"https:\/\/helvest.ch\/eu\/?post_type=product&#038;p=2218"},"modified":"2026-03-16T20:31:31","modified_gmt":"2026-03-16T20:31:31","slug":"kb800-3","status":"publish","type":"product","link":"https:\/\/helvest.ch\/eu\/fr\/prodotto\/kb800-3\/","title":{"rendered":"KB800"},"content":{"rendered":"<style>.fb_iframe_widget span{width:460px !important;} .fb_iframe_widget iframe {margin: 0 !important;}        .fb_edge_comment_widget { display: none !important; }<\/style><div style=\"width:100%; text-align:center\"><div class=\"fb-like\" style=\"width:600px; overflow: hidden !important; \" data-href=\"https:\/\/helvest.ch\/eu\/fr\/prodotto\/kb800-3\/\" data-size=\"small\" data-colorscheme=\"light\" data-width=\"600\" data-layout=\"standard\" data-action=\"like\" data-show-faces=\"true\" data-share=\"true\" kid_directed_site=\"false\"><\/div><\/div>","protected":false},"excerpt":{"rendered":"<div class=\"woocommerce-product-details__short-description\">\n<div class=\"woocommerce-product-details__short-description\">\n<p>Module pour connecter jusqu\u2019\u00e0 8 boutons, qui doit \u00eatre combin\u00e9 avec un autre module \u201cLayout\u201d.<br \/>\nCes boutons permettent de commander les accessoires connect\u00e9s \u00e0 l\u2019autre module \u201cLayout\u201d du m\u00eame HP100 : ainsi vous pouvez contr\u00f4ler vos accessoires soit par DCC, soit directement par les boutons.<\/p>\n<p>Si vous avez besoin de plus d\u2019informations, vous pouvez <a href=\"https:\/\/helvest.ch\/eu\/fr\/tutoriel-sur-le-choix-des-produits\/\">consulter un guide de s\u00e9lection des produits<\/a> avec une liste des moteurs entra\u00een\u00e9s, <a href=\"https:\/\/helvest.ch\/downloads\/manual_KB800_1.0_fr.pdf\">t\u00e9l\u00e9charger les instructions compl\u00e8tes<\/a> ou <a href=\"https:\/\/helvest.ch\/fr\/contactez-nous\/\">nous \u00e9crire<\/a>.<\/p>\n<\/div>\n<\/div>\n<p> &hellip; <a href=\"https:\/\/helvest.ch\/eu\/fr\/prodotto\/kb800-3\/\">Read More<\/a><\/p>\n","protected":false},"featured_media":2214,"template":"","meta":[],"product_cat":[227],"product_tag":[],"class_list":{"0":"post-2218","1":"product","2":"type-product","3":"status-publish","4":"has-post-thumbnail","6":"product_cat-layout-fr","8":"first","9":"instock","10":"shipping-taxable","11":"purchasable","12":"product-type-simple"},"_links":{"self":[{"href":"https:\/\/helvest.ch\/eu\/wp-json\/wp\/v2\/product\/2218","targetHints":{"allow":["GET"]}}],"collection":[{"href":"https:\/\/helvest.ch\/eu\/wp-json\/wp\/v2\/product"}],"about":[{"href":"https:\/\/helvest.ch\/eu\/wp-json\/wp\/v2\/types\/product"}],"version-history":[{"count":1,"href":"https:\/\/helvest.ch\/eu\/wp-json\/wp\/v2\/product\/2218\/revisions"}],"predecessor-version":[{"id":2221,"href":"https:\/\/helvest.ch\/eu\/wp-json\/wp\/v2\/product\/2218\/revisions\/2221"}],"wp:featuredmedia":[{"embeddable":true,"href":"https:\/\/helvest.ch\/eu\/wp-json\/wp\/v2\/media\/2214"}],"wp:attachment":[{"href":"https:\/\/helvest.ch\/eu\/wp-json\/wp\/v2\/media?parent=2218"}],"wp:term":[{"taxonomy":"product_cat","embeddable":true,"href":"https:\/\/helvest.ch\/eu\/wp-json\/wp\/v2\/product_cat?post=2218"},{"taxonomy":"product_tag","embeddable":true,"href":"https:\/\/helvest.ch\/eu\/wp-json\/wp\/v2\/product_tag?post=2218"}],"curies":[{"name":"wp","href":"https:\/\/api.w.org\/{rel}","templated":true}]}}