{"id":2217,"date":"2021-12-12T11:41:46","date_gmt":"2021-12-12T11:41:46","guid":{"rendered":"https:\/\/helvest.ch\/eu\/?post_type=product&#038;p=2217"},"modified":"2026-03-16T20:31:31","modified_gmt":"2026-03-16T20:31:31","slug":"kb800-2","status":"publish","type":"product","link":"https:\/\/helvest.ch\/eu\/de\/prodotto\/kb800-2\/","title":{"rendered":"KB800"},"content":{"rendered":"<style>.fb_iframe_widget span{width:460px !important;} .fb_iframe_widget iframe {margin: 0 !important;}        .fb_edge_comment_widget { display: none !important; }<\/style><div style=\"width:100%; text-align:center\"><div class=\"fb-like\" style=\"width:600px; overflow: hidden !important; \" data-href=\"https:\/\/helvest.ch\/eu\/de\/prodotto\/kb800-2\/\" data-size=\"small\" data-colorscheme=\"light\" data-width=\"600\" data-layout=\"standard\" data-action=\"like\" data-show-faces=\"true\" data-share=\"true\" kid_directed_site=\"false\"><\/div><\/div>","protected":false},"excerpt":{"rendered":"<div class=\"woocommerce-product-details__short-description\">\n<div class=\"woocommerce-product-details__short-description\">\n<p>Modul zum Anschluss von bis zu 8 Kn\u00f6pfen, das mit einem anderen \u201cLayout\u201d-Modul kombiniert werden muss.<br \/>\nMit diesen Tasten k\u00f6nnen Sie die Zubeh\u00f6rteile, die an das andere \u201cLayout\u201d-Modul desselben HP100 angeschlossen sind, steuern: Somit k\u00f6nnen Sie Ihr Zubeh\u00f6r entweder \u00fcber DCC oder direkt \u00fcber Tasten steuern.<\/p>\n<p>Wenn Sie weitere Informationen ben\u00f6tigen, k\u00f6nnen Sie einen <a href=\"https:\/\/helvest.ch\/de\/produkt-anleitung\/\">\u00dcberblick \u00fcber die Produktauswahl<\/a> mit einer Liste der angetriebenen Antriebe erhalten, die <a href=\"https:\/\/helvest.ch\/downloads\/manual_KB800_1.0_de.pdf\">vollst\u00e4ndige Anleitung<\/a> herunterladen oder<a href=\"https:\/\/helvest.ch\/de\/kontakt\/\"> uns schreiben<\/a>.<\/p>\n<\/div>\n<\/div>\n<p> &hellip; <a href=\"https:\/\/helvest.ch\/eu\/de\/prodotto\/kb800-2\/\">Read More<\/a><\/p>\n","protected":false},"featured_media":2214,"template":"","meta":[],"product_cat":[156],"product_tag":[],"class_list":{"0":"post-2217","1":"product","2":"type-product","3":"status-publish","4":"has-post-thumbnail","6":"product_cat-layout-modul","8":"first","9":"instock","10":"shipping-taxable","11":"purchasable","12":"product-type-simple"},"_links":{"self":[{"href":"https:\/\/helvest.ch\/eu\/wp-json\/wp\/v2\/product\/2217","targetHints":{"allow":["GET"]}}],"collection":[{"href":"https:\/\/helvest.ch\/eu\/wp-json\/wp\/v2\/product"}],"about":[{"href":"https:\/\/helvest.ch\/eu\/wp-json\/wp\/v2\/types\/product"}],"version-history":[{"count":1,"href":"https:\/\/helvest.ch\/eu\/wp-json\/wp\/v2\/product\/2217\/revisions"}],"predecessor-version":[{"id":2220,"href":"https:\/\/helvest.ch\/eu\/wp-json\/wp\/v2\/product\/2217\/revisions\/2220"}],"wp:featuredmedia":[{"embeddable":true,"href":"https:\/\/helvest.ch\/eu\/wp-json\/wp\/v2\/media\/2214"}],"wp:attachment":[{"href":"https:\/\/helvest.ch\/eu\/wp-json\/wp\/v2\/media?parent=2217"}],"wp:term":[{"taxonomy":"product_cat","embeddable":true,"href":"https:\/\/helvest.ch\/eu\/wp-json\/wp\/v2\/product_cat?post=2217"},{"taxonomy":"product_tag","embeddable":true,"href":"https:\/\/helvest.ch\/eu\/wp-json\/wp\/v2\/product_tag?post=2217"}],"curies":[{"name":"wp","href":"https:\/\/api.w.org\/{rel}","templated":true}]}}