{"id":2183,"date":"2021-11-01T17:48:37","date_gmt":"2021-11-01T17:48:37","guid":{"rendered":"https:\/\/helvest.ch\/eu\/?post_type=product&#038;p=2183"},"modified":"2023-12-02T03:45:05","modified_gmt":"2023-12-02T03:45:05","slug":"kompletter-dcc-nmra-decoder-fuer-8-servomotoren","status":"publish","type":"product","link":"https:\/\/helvest.ch\/eu\/de\/prodotto\/kompletter-dcc-nmra-decoder-fuer-8-servomotoren\/","title":{"rendered":"Kompletter DCC\/NMRA-Decoder f\u00fcr 8 Servomotoren"},"content":{"rendered":"<style>.fb_iframe_widget span{width:460px !important;} .fb_iframe_widget iframe {margin: 0 !important;}        .fb_edge_comment_widget { display: none !important; }<\/style><div style=\"width:100%; text-align:center\"><div class=\"fb-like\" style=\"width:600px; overflow: hidden !important; \" data-href=\"https:\/\/helvest.ch\/eu\/de\/prodotto\/kompletter-dcc-nmra-decoder-fuer-8-servomotoren\/\" data-size=\"small\" data-colorscheme=\"light\" data-width=\"600\" data-layout=\"standard\" data-action=\"like\" data-show-faces=\"true\" data-share=\"true\" kid_directed_site=\"false\"><\/div><\/div>","protected":false},"excerpt":{"rendered":"<p>Kompletter Decoder zum Antrieb von bis zu 8 Servomotoren. DCC NMRA-zertifiziertes Protokoll, kompatibel mit allen DCC-Zentralen.<\/p>\n<p>Er steuert alle Typen von Servomotoren mit Standardstecker mit maximal 500 mA.<\/p>\n<p>Konfiguration und Bedienung sind sehr einfach. Neben der Adresse ist es m\u00f6glich, die Positionen der Motoren und die Geschwindigkeit, mit der sie sich bewegen, zu programmieren. Die Programmierung erfordert keine zus\u00e4tzlichen Komponenten.<\/p>\n<p>Wenn Sie komplexere Konfigurationen bevorzugen (nur 4 Ausg\u00e4nge oder Kombination mit anderem Zubeh\u00f6r), k\u00f6nnen Sie separate Module in den entsprechenden Abschnitten der Website w\u00e4hlen. Wenn Sie Fragen oder Informationen zu diesem Produkt haben, z\u00f6gern Sie bitte nicht, uns zu kontaktieren! &hellip; <a href=\"https:\/\/helvest.ch\/eu\/de\/prodotto\/kompletter-dcc-nmra-decoder-fuer-8-servomotoren\/\">Read More<\/a><\/p>\n","protected":false},"featured_media":2172,"template":"","meta":[],"product_cat":[211],"product_tag":[],"class_list":{"0":"post-2183","1":"product","2":"type-product","3":"status-publish","4":"has-post-thumbnail","6":"product_cat-completedec-de","8":"first","9":"instock","10":"shipping-taxable","11":"purchasable","12":"product-type-simple"},"_links":{"self":[{"href":"https:\/\/helvest.ch\/eu\/wp-json\/wp\/v2\/product\/2183","targetHints":{"allow":["GET"]}}],"collection":[{"href":"https:\/\/helvest.ch\/eu\/wp-json\/wp\/v2\/product"}],"about":[{"href":"https:\/\/helvest.ch\/eu\/wp-json\/wp\/v2\/types\/product"}],"version-history":[{"count":1,"href":"https:\/\/helvest.ch\/eu\/wp-json\/wp\/v2\/product\/2183\/revisions"}],"predecessor-version":[{"id":2185,"href":"https:\/\/helvest.ch\/eu\/wp-json\/wp\/v2\/product\/2183\/revisions\/2185"}],"wp:featuredmedia":[{"embeddable":true,"href":"https:\/\/helvest.ch\/eu\/wp-json\/wp\/v2\/media\/2172"}],"wp:attachment":[{"href":"https:\/\/helvest.ch\/eu\/wp-json\/wp\/v2\/media?parent=2183"}],"wp:term":[{"taxonomy":"product_cat","embeddable":true,"href":"https:\/\/helvest.ch\/eu\/wp-json\/wp\/v2\/product_cat?post=2183"},{"taxonomy":"product_tag","embeddable":true,"href":"https:\/\/helvest.ch\/eu\/wp-json\/wp\/v2\/product_tag?post=2183"}],"curies":[{"name":"wp","href":"https:\/\/api.w.org\/{rel}","templated":true}]}}