{"id":2167,"date":"2021-11-01T15:40:15","date_gmt":"2021-11-01T15:40:15","guid":{"rendered":"https:\/\/helvest.ch\/eu\/?post_type=product&#038;p=2167"},"modified":"2026-01-11T10:59:29","modified_gmt":"2026-01-11T10:59:29","slug":"sm400-3","status":"publish","type":"product","link":"https:\/\/helvest.ch\/eu\/fr\/prodotto\/sm400-3\/","title":{"rendered":"SM400"},"content":{"rendered":"<style>.fb_iframe_widget span{width:460px !important;} .fb_iframe_widget iframe {margin: 0 !important;}        .fb_edge_comment_widget { display: none !important; }<\/style><div style=\"width:100%; text-align:center\"><div class=\"fb-like\" style=\"width:600px; overflow: hidden !important; \" data-href=\"https:\/\/helvest.ch\/eu\/fr\/prodotto\/sm400-3\/\" data-size=\"small\" data-colorscheme=\"light\" data-width=\"600\" data-layout=\"standard\" data-action=\"like\" data-show-faces=\"true\" data-share=\"true\" kid_directed_site=\"false\"><\/div><\/div>","protected":false},"excerpt":{"rendered":"<div class=\"woocommerce-product-details__short-description\">\n<div id=\"elementor-tab-content-01\" class=\"elementor-tab-content elementor-clearfix elementor-active\" role=\"tabpanel\" data-tab=\"1\" aria-labelledby=\"elementor-tab-title-01\">\n<p>SM400 contr\u00f4le jusqu&#8217;\u00e0 quatre servomoteurs de trains miniatures.<\/p>\n<p>La connexion est simple, gr\u00e2ce \u00e0 des connecteurs standardis\u00e9s.<\/p>\n<p>Le module est automatiquement reconnu par le HP100 et est pr\u00eat \u00e0 \u00eatre utilis\u00e9. La position de d\u00e9part et d&#8217;arriv\u00e9e du moteur, la vitesse de commutation et l&#8217;adresse DCC peuvent \u00eatre r\u00e9gl\u00e9es avec pr\u00e9cision \u00e0 l&#8217;aide des CV.<\/p>\n<p>Il est prot\u00e9g\u00e9 contre les courts-circuits et les surcharges par un capteur int\u00e9gr\u00e9 qui emp\u00eache toute contrainte excessive sur le moteur.<\/p>\n<p>Si vous avez besoin de plus d&#8217;informations, vous pouvez <a href=\"https:\/\/helvest.ch\/eu\/fr\/tutoriel-sur-le-choix-des-produits\/\">consulter un guide de s\u00e9lection des produits<\/a> avec une liste des moteurs entra\u00een\u00e9s, <a href=\"https:\/\/helvest.ch\/downloads\/manualSM400_1.0.1_fr.pdf\">t\u00e9l\u00e9charger les instructions compl\u00e8tes<\/a> ou <a href=\"https:\/\/helvest.ch\/fr\/contactez-nous\/\">nous \u00e9crire<\/a>.<br \/>\n<em>Certaines pages de description du nouveau produit sont en cours de mise \u00e0 jour. Pour toute information, contactez-nous!<br \/>\n<\/em><\/p>\n<\/div>\n<\/div>\n<p> &hellip; <a href=\"https:\/\/helvest.ch\/eu\/fr\/prodotto\/sm400-3\/\">Read More<\/a><\/p>\n","protected":false},"featured_media":2164,"template":"","meta":[],"product_cat":[227],"product_tag":[],"class_list":{"0":"post-2167","1":"product","2":"type-product","3":"status-publish","4":"has-post-thumbnail","6":"product_cat-layout-fr","8":"first","9":"instock","10":"shipping-taxable","11":"purchasable","12":"product-type-simple"},"_links":{"self":[{"href":"https:\/\/helvest.ch\/eu\/wp-json\/wp\/v2\/product\/2167","targetHints":{"allow":["GET"]}}],"collection":[{"href":"https:\/\/helvest.ch\/eu\/wp-json\/wp\/v2\/product"}],"about":[{"href":"https:\/\/helvest.ch\/eu\/wp-json\/wp\/v2\/types\/product"}],"version-history":[{"count":2,"href":"https:\/\/helvest.ch\/eu\/wp-json\/wp\/v2\/product\/2167\/revisions"}],"predecessor-version":[{"id":2772,"href":"https:\/\/helvest.ch\/eu\/wp-json\/wp\/v2\/product\/2167\/revisions\/2772"}],"wp:featuredmedia":[{"embeddable":true,"href":"https:\/\/helvest.ch\/eu\/wp-json\/wp\/v2\/media\/2164"}],"wp:attachment":[{"href":"https:\/\/helvest.ch\/eu\/wp-json\/wp\/v2\/media?parent=2167"}],"wp:term":[{"taxonomy":"product_cat","embeddable":true,"href":"https:\/\/helvest.ch\/eu\/wp-json\/wp\/v2\/product_cat?post=2167"},{"taxonomy":"product_tag","embeddable":true,"href":"https:\/\/helvest.ch\/eu\/wp-json\/wp\/v2\/product_tag?post=2167"}],"curies":[{"name":"wp","href":"https:\/\/api.w.org\/{rel}","templated":true}]}}