{"id":2166,"date":"2021-11-01T15:30:02","date_gmt":"2021-11-01T15:30:02","guid":{"rendered":"https:\/\/helvest.ch\/eu\/?post_type=product&#038;p=2166"},"modified":"2026-01-11T10:59:29","modified_gmt":"2026-01-11T10:59:29","slug":"sm400-2","status":"publish","type":"product","link":"https:\/\/helvest.ch\/eu\/de\/prodotto\/sm400-2\/","title":{"rendered":"SM400"},"content":{"rendered":"<style>.fb_iframe_widget span{width:460px !important;} .fb_iframe_widget iframe {margin: 0 !important;}        .fb_edge_comment_widget { display: none !important; }<\/style><div style=\"width:100%; text-align:center\"><div class=\"fb-like\" style=\"width:600px; overflow: hidden !important; \" data-href=\"https:\/\/helvest.ch\/eu\/de\/prodotto\/sm400-2\/\" data-size=\"small\" data-colorscheme=\"light\" data-width=\"600\" data-layout=\"standard\" data-action=\"like\" data-show-faces=\"true\" data-share=\"true\" kid_directed_site=\"false\"><\/div><\/div>","protected":false},"excerpt":{"rendered":"<div class=\"woocommerce-product-details__short-description\">\n<div id=\"elementor-tab-content-01\" class=\"elementor-tab-content elementor-clearfix elementor-active\" role=\"tabpanel\" data-tab=\"1\" aria-labelledby=\"elementor-tab-title-01\">\n<p>M400 steuert bis zu vier Modellbahn-Servomotoren.<\/p>\n<p>Der Anschluss ist dank der standardisierten Steckverbinder problemlos.<\/p>\n<p>Das Modul wird vom HP100 automatisch erkannt und ist einsatzbereit. Mit Hilfe der CVs k\u00f6nnen die Start- und Endposition des Motors, die Schaltgeschwindigkeit und die DCC-Adresse genau eingestellt werden.<\/p>\n<p>Er ist durch einen integrierten Sensor, der eine \u00fcberm\u00e4\u00dfige Motorbelastung verhindert, gegen Kurzschluss und \u00dcberlast gesch\u00fctzt.<\/p>\n<p>Wenn Sie weitere Informationen ben\u00f6tigen, k\u00f6nnen Sie einen <a href=\"https:\/\/helvest.ch\/de\/produkt-anleitung\/\">\u00dcberblick \u00fcber die Produktauswahl<\/a> mit einer Liste der angetriebenen Antriebe erhalten, die <a href=\"https:\/\/helvest.ch\/downloads\/manualSM400_1.0.1_de.pdf\">vollst\u00e4ndige Anleitung<\/a> herunterladen oder<a href=\"https:\/\/helvest.ch\/de\/kontakt\/\"> uns schreiben<\/a>.<\/p>\n<\/div>\n<div class=\"elementor-tab-content elementor-clearfix elementor-active\" role=\"tabpanel\" data-tab=\"1\" aria-labelledby=\"elementor-tab-title-01\">\n<p><em>Einige Beschreibungsseiten f\u00fcr das neue Produkt werden derzeit aktualisiert. F\u00fcr weitere Informationen schreiben Sie uns bitte!<\/em><\/p>\n<\/div>\n<\/div>\n<p> &hellip; <a href=\"https:\/\/helvest.ch\/eu\/de\/prodotto\/sm400-2\/\">Read More<\/a><\/p>\n","protected":false},"featured_media":2164,"template":"","meta":[],"product_cat":[156],"product_tag":[],"class_list":{"0":"post-2166","1":"product","2":"type-product","3":"status-publish","4":"has-post-thumbnail","6":"product_cat-layout-modul","8":"first","9":"instock","10":"shipping-taxable","11":"purchasable","12":"product-type-simple"},"_links":{"self":[{"href":"https:\/\/helvest.ch\/eu\/wp-json\/wp\/v2\/product\/2166","targetHints":{"allow":["GET"]}}],"collection":[{"href":"https:\/\/helvest.ch\/eu\/wp-json\/wp\/v2\/product"}],"about":[{"href":"https:\/\/helvest.ch\/eu\/wp-json\/wp\/v2\/types\/product"}],"version-history":[{"count":2,"href":"https:\/\/helvest.ch\/eu\/wp-json\/wp\/v2\/product\/2166\/revisions"}],"predecessor-version":[{"id":2169,"href":"https:\/\/helvest.ch\/eu\/wp-json\/wp\/v2\/product\/2166\/revisions\/2169"}],"wp:featuredmedia":[{"embeddable":true,"href":"https:\/\/helvest.ch\/eu\/wp-json\/wp\/v2\/media\/2164"}],"wp:attachment":[{"href":"https:\/\/helvest.ch\/eu\/wp-json\/wp\/v2\/media?parent=2166"}],"wp:term":[{"taxonomy":"product_cat","embeddable":true,"href":"https:\/\/helvest.ch\/eu\/wp-json\/wp\/v2\/product_cat?post=2166"},{"taxonomy":"product_tag","embeddable":true,"href":"https:\/\/helvest.ch\/eu\/wp-json\/wp\/v2\/product_tag?post=2166"}],"curies":[{"name":"wp","href":"https:\/\/api.w.org\/{rel}","templated":true}]}}