{"id":1657,"date":"2020-09-28T16:32:38","date_gmt":"2020-09-28T16:32:38","guid":{"rendered":"https:\/\/helvest.ch\/eu\/?post_type=product&#038;p=1657"},"modified":"2026-02-14T17:21:56","modified_gmt":"2026-02-14T17:21:56","slug":"dcc100-2","status":"publish","type":"product","link":"https:\/\/helvest.ch\/eu\/fr\/prodotto\/dcc100-2\/","title":{"rendered":"DCC100"},"content":{"rendered":"<style>.fb_iframe_widget span{width:460px !important;} .fb_iframe_widget iframe {margin: 0 !important;}        .fb_edge_comment_widget { display: none !important; }<\/style><div style=\"width:100%; text-align:center\"><div class=\"fb-like\" style=\"width:600px; overflow: hidden !important; \" data-href=\"https:\/\/helvest.ch\/eu\/fr\/prodotto\/dcc100-2\/\" data-size=\"small\" data-colorscheme=\"light\" data-width=\"600\" data-layout=\"standard\" data-action=\"like\" data-show-faces=\"true\" data-share=\"true\" kid_directed_site=\"false\"><\/div><\/div>","protected":false},"excerpt":{"rendered":"<div id=\"elementor-tab-content-121\" class=\"elementor-tab-content elementor-clearfix elementor-active\" role=\"tabpanel\" data-tab=\"1\" aria-labelledby=\"elementor-tab-title-121\">\n<p>Le module DCC re\u00e7oit les signaux num\u00e9riques correspondant \u00e0 ce protocole. Sa fiabilit\u00e9 et sa conformit\u00e9 \u00e0 la norme sont certifi\u00e9es par la NMRA.<\/p>\n<p>Une fois ce module install\u00e9, la carte devient un d\u00e9codeur DCC et communique avec tous les types de dispositifs DCC num\u00e9riques pour faire fonctionner les accessoires, et peut \u00eatre programm\u00e9e par n&#8217;importe quelle unit\u00e9 de contr\u00f4le de la mani\u00e8re habituelle. Gr\u00e2ce au syst\u00e8me flex, le d\u00e9codeur peut piloter diff\u00e9rents accessoires en fonction des modules d&#8217;am\u00e9nagement install\u00e9s.<\/p>\n<p>Les CV permettent d&#8217;effectuer toutes les fonctions de configuration normales selon les diff\u00e9rents modules de &#8220;layout&#8221; install\u00e9s.<\/p>\n<p>La confirmation de la programmation et la lecture du CV sont possibles sans avoir \u00e0 connecter d&#8217;autres \u00e9l\u00e9ments.<\/p>\n<p>&nbsp;<\/p>\n<\/div>\n<p> &hellip; <a href=\"https:\/\/helvest.ch\/eu\/fr\/prodotto\/dcc100-2\/\">Read More<\/a><\/p>\n","protected":false},"featured_media":1373,"template":"","meta":[],"product_cat":[225],"product_tag":[],"class_list":{"0":"post-1657","1":"product","2":"type-product","3":"status-publish","4":"has-post-thumbnail","6":"product_cat-net-fr","8":"first","9":"instock","10":"shipping-taxable","11":"purchasable","12":"product-type-simple"},"_links":{"self":[{"href":"https:\/\/helvest.ch\/eu\/wp-json\/wp\/v2\/product\/1657","targetHints":{"allow":["GET"]}}],"collection":[{"href":"https:\/\/helvest.ch\/eu\/wp-json\/wp\/v2\/product"}],"about":[{"href":"https:\/\/helvest.ch\/eu\/wp-json\/wp\/v2\/types\/product"}],"version-history":[{"count":1,"href":"https:\/\/helvest.ch\/eu\/wp-json\/wp\/v2\/product\/1657\/revisions"}],"predecessor-version":[{"id":1658,"href":"https:\/\/helvest.ch\/eu\/wp-json\/wp\/v2\/product\/1657\/revisions\/1658"}],"wp:featuredmedia":[{"embeddable":true,"href":"https:\/\/helvest.ch\/eu\/wp-json\/wp\/v2\/media\/1373"}],"wp:attachment":[{"href":"https:\/\/helvest.ch\/eu\/wp-json\/wp\/v2\/media?parent=1657"}],"wp:term":[{"taxonomy":"product_cat","embeddable":true,"href":"https:\/\/helvest.ch\/eu\/wp-json\/wp\/v2\/product_cat?post=1657"},{"taxonomy":"product_tag","embeddable":true,"href":"https:\/\/helvest.ch\/eu\/wp-json\/wp\/v2\/product_tag?post=1657"}],"curies":[{"name":"wp","href":"https:\/\/api.w.org\/{rel}","templated":true}]}}