{"id":1655,"date":"2020-09-28T15:59:04","date_gmt":"2020-09-28T15:59:04","guid":{"rendered":"https:\/\/helvest.ch\/eu\/?post_type=product&#038;p=1655"},"modified":"2026-02-14T17:21:38","modified_gmt":"2026-02-14T17:21:38","slug":"hp100","status":"publish","type":"product","link":"https:\/\/helvest.ch\/eu\/fr\/prodotto\/hp100\/","title":{"rendered":"HP100"},"content":{"rendered":"<section class=\"elementor-element elementor-element-cjijfif elementor-section-boxed elementor-section-height-default elementor-section-height-default elementor-section elementor-top-section\" data-id=\"cjijfif\" data-element_type=\"section\">\n<div class=\"elementor-container elementor-column-gap-wider\">\n<div class=\"elementor-row\">\n<div class=\"elementor-element elementor-element-kqihfgg elementor-column elementor-col-50 elementor-top-column\" data-id=\"kqihfgg\" data-element_type=\"column\">\n<div class=\"elementor-column-wrap elementor-element-populated\">\n<div class=\"elementor-widget-wrap\">\n<div class=\"elementor-element elementor-element-byxkbuz elementor-tabs-view-horizontal elementor-widget elementor-widget-tabs\" data-id=\"byxkbuz\" data-element_type=\"widget\" data-widget_type=\"tabs.default\">\n<div class=\"elementor-widget-container\">\n<div class=\"elementor-tabs\" role=\"tablist\">\n<div class=\"elementor-tabs-content-wrapper\">\n<div id=\"elementor-tab-content-1871\" class=\"elementor-tab-content elementor-clearfix elementor-active\" role=\"tabpanel\" data-tab=\"1\" aria-labelledby=\"elementor-tab-title-1871\">\n<section class=\"elementor-element elementor-element-qlokjkc elementor-section-boxed elementor-section-height-default elementor-section-height-default elementor-section elementor-top-section\" data-id=\"qlokjkc\" data-element_type=\"section\">\n<div class=\"elementor-container elementor-column-gap-default\">\n<div class=\"elementor-row\">\n<div class=\"elementor-element elementor-element-iwawbax elementor-column elementor-col-100 elementor-top-column\" data-id=\"iwawbax\" data-element_type=\"column\">\n<div class=\"elementor-column-wrap elementor-element-populated\">\n<div class=\"elementor-widget-wrap\">\n<div class=\"elementor-element elementor-element-lzeveob elementor-widget elementor-widget-spacer\" data-id=\"lzeveob\" data-element_type=\"widget\" data-widget_type=\"spacer.default\">\n<div class=\"elementor-widget-container\">\n<div class=\"elementor-spacer\"><\/div>\n<\/div>\n<\/div>\n<\/div>\n<\/div>\n<\/div>\n<\/div>\n<\/div>\n<\/section>\n<p>&nbsp;<\/p>\n<\/div>\n<\/div>\n<\/div>\n<\/div>\n<\/div>\n<\/div>\n<\/div>\n<\/div>\n<\/div>\n<\/div>\n<\/section>\n<section class=\"elementor-element elementor-element-qlokjkc elementor-section-boxed elementor-section-height-default elementor-section-height-default elementor-section elementor-top-section\" data-id=\"qlokjkc\" data-element_type=\"section\">\n<div class=\"elementor-container elementor-column-gap-default\">\n<div class=\"elementor-row\">\n<div class=\"elementor-element elementor-element-iwawbax elementor-column elementor-col-100 elementor-top-column\" data-id=\"iwawbax\" data-element_type=\"column\">\n<div class=\"elementor-column-wrap elementor-element-populated\">\n<div class=\"elementor-widget-wrap\">\n<div class=\"elementor-element elementor-element-lzeveob elementor-widget elementor-widget-spacer\" data-id=\"lzeveob\" data-element_type=\"widget\" data-widget_type=\"spacer.default\">\n<div class=\"elementor-widget-container\">\n<div class=\"elementor-spacer\">\n<div class=\"elementor-spacer-inner\"><\/div>\n<\/div>\n<\/div>\n<\/div>\n<\/div>\n<\/div>\n<\/div>\n<\/div>\n<\/div>\n<\/section>\n","protected":false},"excerpt":{"rendered":"<p>Il s&#8217;agit de la carte m\u00e8re du syst\u00e8me Helvest Flex. Elle g\u00e8re les modules qui y sont install\u00e9s et, sur cette base, elle peut ex\u00e9cuter de nombreuses fonctions diff\u00e9rentes.<\/p>\n<p>Les modules &#8220;Layout&#8221; sont en interface avec le r\u00e9seau (ils actionnent les aiguillages, les signaux et les accessoires, d\u00e9tectent la pr\u00e9sence des trains, contr\u00f4lent le comportement des accessoires).<br \/>\nLes modules de type &#8220;net&#8221; communiquent avec le syst\u00e8me de commande (comme l&#8217;unit\u00e9 de commande num\u00e9rique, le PC, le bus de commande du r\u00e9seau).<\/p>\n<p>Elle accepte jusqu&#8217;\u00e0 deux modules de type &#8220;layout&#8221; aussi diff\u00e9rents l&#8217;un de l&#8217;autre, et un module de type &#8220;net&#8221;.<\/p>\n<p>Les modules sont &#8220;plug and play&#8221; : la carte reconna\u00eet ceux qui sont install\u00e9s et s&#8217;adapte automatiquement. &hellip; <a href=\"https:\/\/helvest.ch\/eu\/fr\/prodotto\/hp100\/\">Read More<\/a><\/p>\n","protected":false},"featured_media":2143,"template":"","meta":[],"product_cat":[229],"product_tag":[],"class_list":{"0":"post-1655","1":"product","2":"type-product","3":"status-publish","4":"has-post-thumbnail","6":"product_cat-hp-fr","8":"first","9":"instock","10":"shipping-taxable","11":"purchasable","12":"product-type-simple"},"_links":{"self":[{"href":"https:\/\/helvest.ch\/eu\/wp-json\/wp\/v2\/product\/1655","targetHints":{"allow":["GET"]}}],"collection":[{"href":"https:\/\/helvest.ch\/eu\/wp-json\/wp\/v2\/product"}],"about":[{"href":"https:\/\/helvest.ch\/eu\/wp-json\/wp\/v2\/types\/product"}],"version-history":[{"count":1,"href":"https:\/\/helvest.ch\/eu\/wp-json\/wp\/v2\/product\/1655\/revisions"}],"predecessor-version":[{"id":1656,"href":"https:\/\/helvest.ch\/eu\/wp-json\/wp\/v2\/product\/1655\/revisions\/1656"}],"wp:featuredmedia":[{"embeddable":true,"href":"https:\/\/helvest.ch\/eu\/wp-json\/wp\/v2\/media\/2143"}],"wp:attachment":[{"href":"https:\/\/helvest.ch\/eu\/wp-json\/wp\/v2\/media?parent=1655"}],"wp:term":[{"taxonomy":"product_cat","embeddable":true,"href":"https:\/\/helvest.ch\/eu\/wp-json\/wp\/v2\/product_cat?post=1655"},{"taxonomy":"product_tag","embeddable":true,"href":"https:\/\/helvest.ch\/eu\/wp-json\/wp\/v2\/product_tag?post=1655"}],"curies":[{"name":"wp","href":"https:\/\/api.w.org\/{rel}","templated":true}]}}