{"id":1653,"date":"2020-09-28T15:51:52","date_gmt":"2020-09-28T15:51:52","guid":{"rendered":"https:\/\/helvest.ch\/eu\/?post_type=product&#038;p=1653"},"modified":"2025-09-15T13:57:08","modified_gmt":"2025-09-15T13:57:08","slug":"upw400-2","status":"publish","type":"product","link":"https:\/\/helvest.ch\/eu\/fr\/prodotto\/upw400-2\/","title":{"rendered":"UPW400"},"content":{"rendered":"<style>.fb_iframe_widget span{width:460px !important;} .fb_iframe_widget iframe {margin: 0 !important;}        .fb_edge_comment_widget { display: none !important; }<\/style><div style=\"width:100%; text-align:center\"><div class=\"fb-like\" style=\"width:600px; overflow: hidden !important; \" data-href=\"https:\/\/helvest.ch\/eu\/fr\/prodotto\/upw400-2\/\" data-size=\"small\" data-colorscheme=\"light\" data-width=\"600\" data-layout=\"standard\" data-action=\"like\" data-show-faces=\"true\" data-share=\"true\" kid_directed_site=\"false\"><\/div><\/div>","protected":false},"excerpt":{"rendered":"<div id=\"elementor-tab-content-01\" class=\"elementor-tab-content elementor-clearfix elementor-active\" role=\"tabpanel\" data-tab=\"1\" aria-labelledby=\"elementor-tab-title-01\">\n<p>Le module UPW400 contr\u00f4le jusqu&#8217;\u00e0 quatre moteurs pour aigiulle \u00e0 inversion de polarit\u00e9.<\/p>\n<p>Les moteurs de ce type ont deux fils, dans lesquels les signes &#8220;+&#8221; et &#8220;-&#8221; du courant \u00e9lectrique peuvent s&#8217;\u00e9changer. L&#8217;aiguille prend l&#8217;une des deux positions diff\u00e9rentes selon que l&#8217;un des deux fils est aliment\u00e9 par le &#8220;+&#8221; et l&#8217;autre par le &#8220;-&#8220;.<\/p>\n<p>Le temps d&#8217;activation peut \u00eatre ajust\u00e9 avec pr\u00e9cision. Un temps diff\u00e9renci\u00e9 peut \u00eatre fix\u00e9 pour chaque sortie.<\/p>\n<p>Il est prot\u00e9g\u00e9 contre les courts-circuits et les surcharges et dispose de connexions extr\u00eamement simples.<\/p>\n<\/div>\n<p> &hellip; <a href=\"https:\/\/helvest.ch\/eu\/fr\/prodotto\/upw400-2\/\">Read More<\/a><\/p>\n","protected":false},"featured_media":1032,"template":"","meta":[],"product_cat":[227],"product_tag":[],"class_list":{"0":"post-1653","1":"product","2":"type-product","3":"status-publish","4":"has-post-thumbnail","6":"product_cat-layout-fr","8":"first","9":"instock","10":"shipping-taxable","11":"purchasable","12":"product-type-simple"},"_links":{"self":[{"href":"https:\/\/helvest.ch\/eu\/wp-json\/wp\/v2\/product\/1653","targetHints":{"allow":["GET"]}}],"collection":[{"href":"https:\/\/helvest.ch\/eu\/wp-json\/wp\/v2\/product"}],"about":[{"href":"https:\/\/helvest.ch\/eu\/wp-json\/wp\/v2\/types\/product"}],"version-history":[{"count":1,"href":"https:\/\/helvest.ch\/eu\/wp-json\/wp\/v2\/product\/1653\/revisions"}],"predecessor-version":[{"id":1654,"href":"https:\/\/helvest.ch\/eu\/wp-json\/wp\/v2\/product\/1653\/revisions\/1654"}],"wp:featuredmedia":[{"embeddable":true,"href":"https:\/\/helvest.ch\/eu\/wp-json\/wp\/v2\/media\/1032"}],"wp:attachment":[{"href":"https:\/\/helvest.ch\/eu\/wp-json\/wp\/v2\/media?parent=1653"}],"wp:term":[{"taxonomy":"product_cat","embeddable":true,"href":"https:\/\/helvest.ch\/eu\/wp-json\/wp\/v2\/product_cat?post=1653"},{"taxonomy":"product_tag","embeddable":true,"href":"https:\/\/helvest.ch\/eu\/wp-json\/wp\/v2\/product_tag?post=1653"}],"curies":[{"name":"wp","href":"https:\/\/api.w.org\/{rel}","templated":true}]}}