{"id":1651,"date":"2020-09-28T15:46:51","date_gmt":"2020-09-28T15:46:51","guid":{"rendered":"https:\/\/helvest.ch\/eu\/?post_type=product&#038;p=1651"},"modified":"2026-01-17T16:37:42","modified_gmt":"2026-01-17T16:37:42","slug":"es400","status":"publish","type":"product","link":"https:\/\/helvest.ch\/eu\/fr\/prodotto\/es400\/","title":{"rendered":"ES400"},"content":{"rendered":"<style>.fb_iframe_widget span{width:460px !important;} .fb_iframe_widget iframe {margin: 0 !important;}        .fb_edge_comment_widget { display: none !important; }<\/style><div style=\"width:100%; text-align:center\"><div class=\"fb-like\" style=\"width:600px; overflow: hidden !important; \" data-href=\"https:\/\/helvest.ch\/eu\/fr\/prodotto\/es400\/\" data-size=\"small\" data-colorscheme=\"light\" data-width=\"600\" data-layout=\"standard\" data-action=\"like\" data-show-faces=\"true\" data-share=\"true\" kid_directed_site=\"false\"><\/div><\/div>","protected":false},"excerpt":{"rendered":"<p>ES 400 est un module \u00e9conomique pour actionner des signaux, des lumi\u00e8res, des petits moteurs et des accessoires similaires.<\/p>\n<p>Permet de faire fonctionner jusqu&#8217;\u00e0 4 signaux lorsque deux feux sont allum\u00e9s en alternance, ou 4 feux simples ou autres accessoires.<br \/>\nIl est prot\u00e9g\u00e9 contre les courts-circuits et les surcharges et dispose de connexions extr\u00eamement simples. &hellip; <a href=\"https:\/\/helvest.ch\/eu\/fr\/prodotto\/es400\/\">Read More<\/a><\/p>\n","protected":false},"featured_media":877,"template":"","meta":[],"product_cat":[227],"product_tag":[],"class_list":{"0":"post-1651","1":"product","2":"type-product","3":"status-publish","4":"has-post-thumbnail","6":"product_cat-layout-fr","8":"first","9":"instock","10":"shipping-taxable","11":"purchasable","12":"product-type-simple"},"_links":{"self":[{"href":"https:\/\/helvest.ch\/eu\/wp-json\/wp\/v2\/product\/1651","targetHints":{"allow":["GET"]}}],"collection":[{"href":"https:\/\/helvest.ch\/eu\/wp-json\/wp\/v2\/product"}],"about":[{"href":"https:\/\/helvest.ch\/eu\/wp-json\/wp\/v2\/types\/product"}],"version-history":[{"count":2,"href":"https:\/\/helvest.ch\/eu\/wp-json\/wp\/v2\/product\/1651\/revisions"}],"predecessor-version":[{"id":3394,"href":"https:\/\/helvest.ch\/eu\/wp-json\/wp\/v2\/product\/1651\/revisions\/3394"}],"wp:featuredmedia":[{"embeddable":true,"href":"https:\/\/helvest.ch\/eu\/wp-json\/wp\/v2\/media\/877"}],"wp:attachment":[{"href":"https:\/\/helvest.ch\/eu\/wp-json\/wp\/v2\/media?parent=1651"}],"wp:term":[{"taxonomy":"product_cat","embeddable":true,"href":"https:\/\/helvest.ch\/eu\/wp-json\/wp\/v2\/product_cat?post=1651"},{"taxonomy":"product_tag","embeddable":true,"href":"https:\/\/helvest.ch\/eu\/wp-json\/wp\/v2\/product_tag?post=1651"}],"curies":[{"name":"wp","href":"https:\/\/api.w.org\/{rel}","templated":true}]}}