{"id":1649,"date":"2020-09-27T09:24:18","date_gmt":"2020-09-27T09:24:18","guid":{"rendered":"https:\/\/helvest.ch\/eu\/?post_type=product&#038;p=1649"},"modified":"2025-09-25T11:23:40","modified_gmt":"2025-09-25T11:23:40","slug":"gaw400","status":"publish","type":"product","link":"https:\/\/helvest.ch\/eu\/fr\/prodotto\/gaw400\/","title":{"rendered":"GAW400"},"content":{"rendered":"<style>.fb_iframe_widget span{width:460px !important;} .fb_iframe_widget iframe {margin: 0 !important;}        .fb_edge_comment_widget { display: none !important; }<\/style><div style=\"width:100%; text-align:center\"><div class=\"fb-like\" style=\"width:600px; overflow: hidden !important; \" data-href=\"https:\/\/helvest.ch\/eu\/fr\/prodotto\/gaw400\/\" data-size=\"small\" data-colorscheme=\"light\" data-width=\"600\" data-layout=\"standard\" data-action=\"like\" data-show-faces=\"true\" data-share=\"true\" kid_directed_site=\"false\"><\/div><\/div>","protected":false},"excerpt":{"rendered":"<p>Le module GAW400 contr\u00f4le jusqu&#8217;\u00e0 quatre moteurs d&#8217;aiguillage \u00e0 fonctionnement lent avec anodes communs.<\/p>\n<p>Les appareils de ce type ont trois fils : le p\u00f4le positif du courant (+), commun \u00e0 tous les moteurs, et deux fils diff\u00e9rents pour le p\u00f4le n\u00e9gatif. (-). L&#8217;aiguillage prend l&#8217;une des deux positions diff\u00e9rentes selon le fil qui est effectivement connect\u00e9. Le module ne convient pas aux bobines \u00e9lectromagn\u00e9tiques qui fonctionnent avec un courant alternatif.<\/p>\n<p>Le temps de commutation peut \u00eatre r\u00e9gl\u00e9 avec pr\u00e9cision, m\u00eame avec des valeurs diff\u00e9rentes pour chaque sortie.<\/p>\n<p>Il est prot\u00e9g\u00e9 contre les courts-circuits et les surcharges et dispose de connexions extr\u00eamement simples.<\/p>\n<p>EAN: 7649996416025 &hellip; <a href=\"https:\/\/helvest.ch\/eu\/fr\/prodotto\/gaw400\/\">Read More<\/a><\/p>\n","protected":false},"featured_media":1031,"template":"","meta":[],"product_cat":[227],"product_tag":[],"class_list":{"0":"post-1649","1":"product","2":"type-product","3":"status-publish","4":"has-post-thumbnail","6":"product_cat-layout-fr","8":"first","9":"instock","10":"shipping-taxable","11":"purchasable","12":"product-type-simple"},"_links":{"self":[{"href":"https:\/\/helvest.ch\/eu\/wp-json\/wp\/v2\/product\/1649","targetHints":{"allow":["GET"]}}],"collection":[{"href":"https:\/\/helvest.ch\/eu\/wp-json\/wp\/v2\/product"}],"about":[{"href":"https:\/\/helvest.ch\/eu\/wp-json\/wp\/v2\/types\/product"}],"version-history":[{"count":3,"href":"https:\/\/helvest.ch\/eu\/wp-json\/wp\/v2\/product\/1649\/revisions"}],"predecessor-version":[{"id":3393,"href":"https:\/\/helvest.ch\/eu\/wp-json\/wp\/v2\/product\/1649\/revisions\/3393"}],"wp:featuredmedia":[{"embeddable":true,"href":"https:\/\/helvest.ch\/eu\/wp-json\/wp\/v2\/media\/1031"}],"wp:attachment":[{"href":"https:\/\/helvest.ch\/eu\/wp-json\/wp\/v2\/media?parent=1649"}],"wp:term":[{"taxonomy":"product_cat","embeddable":true,"href":"https:\/\/helvest.ch\/eu\/wp-json\/wp\/v2\/product_cat?post=1649"},{"taxonomy":"product_tag","embeddable":true,"href":"https:\/\/helvest.ch\/eu\/wp-json\/wp\/v2\/product_tag?post=1649"}],"curies":[{"name":"wp","href":"https:\/\/api.w.org\/{rel}","templated":true}]}}