{"id":1647,"date":"2020-09-27T09:02:39","date_gmt":"2020-09-27T09:02:39","guid":{"rendered":"https:\/\/helvest.ch\/eu\/?post_type=product&#038;p=1647"},"modified":"2024-12-13T10:40:57","modified_gmt":"2024-12-13T10:40:57","slug":"decodeur-dcc-nmra-complet-avec-16-sorties-pour-signaux","status":"publish","type":"product","link":"https:\/\/helvest.ch\/eu\/fr\/prodotto\/decodeur-dcc-nmra-complet-avec-16-sorties-pour-signaux\/","title":{"rendered":"D\u00e9codeur DCC\/NMRA complet avec 16 sorties pour signaux"},"content":{"rendered":"<style>.fb_iframe_widget span{width:460px !important;} .fb_iframe_widget iframe {margin: 0 !important;}        .fb_edge_comment_widget { display: none !important; }<\/style><div style=\"width:100%; text-align:center\"><div class=\"fb-like\" style=\"width:600px; overflow: hidden !important; \" data-href=\"https:\/\/helvest.ch\/eu\/fr\/prodotto\/decodeur-dcc-nmra-complet-avec-16-sorties-pour-signaux\/\" data-size=\"small\" data-colorscheme=\"light\" data-width=\"600\" data-layout=\"standard\" data-action=\"like\" data-show-faces=\"true\" data-share=\"true\" kid_directed_site=\"false\"><\/div><\/div>","protected":false},"excerpt":{"rendered":"<p>D\u00e9codeur complet pour piloter jusqu&#8217;\u00e0 8 signaux \u00e0 deux feux, ou jusqu&#8217;\u00e0 4 \u00e0 trois feux. Protocole DCC NMRA avec certification NMRA, il est compatible avec toutes les unit\u00e9s de contr\u00f4le DCC.<\/p>\n<p>Il actionne les lumi\u00e8res en fournissant une tension continue de 12V avec une anode commune et un maximum de 500 mA.<\/p>\n<p>La configuration et l&#8217;utilisation sont tr\u00e8s simples. La programmation ne n\u00e9cessite pas d&#8217;\u00e9l\u00e9ments suppl\u00e9mentaires.<\/p>\n<p>Si vous pr\u00e9f\u00e9rez des configurations plus complexes (seulement 4 sorties ou combinaison avec d&#8217;autres accessoires), vous pouvez acheter les modules s\u00e9par\u00e9s dans les sections appropri\u00e9es du site. Pour toute question ou information sur ce produit, n&#8217;h\u00e9sitez pas \u00e0 nous contacter! &hellip; <a href=\"https:\/\/helvest.ch\/eu\/fr\/prodotto\/decodeur-dcc-nmra-complet-avec-16-sorties-pour-signaux\/\">Read More<\/a><\/p>\n","protected":false},"featured_media":1416,"template":"","meta":[],"product_cat":[222],"product_tag":[],"class_list":{"0":"post-1647","1":"product","2":"type-product","3":"status-publish","4":"has-post-thumbnail","6":"product_cat-completedec-de-fr","8":"first","9":"instock","10":"shipping-taxable","11":"purchasable","12":"product-type-simple"},"_links":{"self":[{"href":"https:\/\/helvest.ch\/eu\/wp-json\/wp\/v2\/product\/1647","targetHints":{"allow":["GET"]}}],"collection":[{"href":"https:\/\/helvest.ch\/eu\/wp-json\/wp\/v2\/product"}],"about":[{"href":"https:\/\/helvest.ch\/eu\/wp-json\/wp\/v2\/types\/product"}],"version-history":[{"count":1,"href":"https:\/\/helvest.ch\/eu\/wp-json\/wp\/v2\/product\/1647\/revisions"}],"predecessor-version":[{"id":1648,"href":"https:\/\/helvest.ch\/eu\/wp-json\/wp\/v2\/product\/1647\/revisions\/1648"}],"wp:featuredmedia":[{"embeddable":true,"href":"https:\/\/helvest.ch\/eu\/wp-json\/wp\/v2\/media\/1416"}],"wp:attachment":[{"href":"https:\/\/helvest.ch\/eu\/wp-json\/wp\/v2\/media?parent=1647"}],"wp:term":[{"taxonomy":"product_cat","embeddable":true,"href":"https:\/\/helvest.ch\/eu\/wp-json\/wp\/v2\/product_cat?post=1647"},{"taxonomy":"product_tag","embeddable":true,"href":"https:\/\/helvest.ch\/eu\/wp-json\/wp\/v2\/product_tag?post=1647"}],"curies":[{"name":"wp","href":"https:\/\/api.w.org\/{rel}","templated":true}]}}