{"id":1628,"date":"2020-09-22T20:22:30","date_gmt":"2020-09-22T20:22:30","guid":{"rendered":"https:\/\/helvest.ch\/eu\/?post_type=product&#038;p=1628"},"modified":"2025-01-17T18:47:59","modified_gmt":"2025-01-17T18:47:59","slug":"decodeur-complet-16x-dcc-nmra-pour-les-aiguillages-a-deux-cables","status":"publish","type":"product","link":"https:\/\/helvest.ch\/eu\/fr\/prodotto\/decodeur-complet-16x-dcc-nmra-pour-les-aiguillages-a-deux-cables\/","title":{"rendered":"D\u00e9codeur complet DCC\/NMRA pour 8 aiguillages &#8220;\u00e0 deux c\u00e2bles&#8221;."},"content":{"rendered":"<style>.fb_iframe_widget span{width:460px !important;} .fb_iframe_widget iframe {margin: 0 !important;}        .fb_edge_comment_widget { display: none !important; }<\/style><div style=\"width:100%; text-align:center\"><div class=\"fb-like\" style=\"width:600px; overflow: hidden !important; \" data-href=\"https:\/\/helvest.ch\/eu\/fr\/prodotto\/decodeur-complet-16x-dcc-nmra-pour-les-aiguillages-a-deux-cables\/\" data-size=\"small\" data-colorscheme=\"light\" data-width=\"600\" data-layout=\"standard\" data-action=\"like\" data-show-faces=\"true\" data-share=\"true\" kid_directed_site=\"false\"><\/div><\/div>","protected":false},"excerpt":{"rendered":"<p>D\u00e9codeur complet pour la commande de jusqu&#8217;\u00e0 8 moteurs d&#8217;aiguillage &#8220;avec 2 c\u00e2bles&#8221;. Protocole NMRA-DCC avec certification NMRA, il est compatible avec tous les centres DCC.<\/p>\n<p>Il contr\u00f4le les aiguillages avec 12V DC en inversant la polarit\u00e9. Exemples de moteurs : Conrad*, Tortoise*, Fulgurex*, Cobalt* et autres, en cas de doute, veuillez nous contacter !<\/p>\n<p>La configuration et l&#8217;utilisation sont tr\u00e8s simples. Il peut \u00eatre programm\u00e9 sans composants suppl\u00e9mentaires.<\/p>\n<p>Si vous pr\u00e9f\u00e9rez des configurations plus complexes (seulement 4 sorties ou combinaison avec d&#8217;autres accessoires), vous pouvez acheter les modules individuels dans les sections d\u00e9di\u00e9es du site web. Pour toute question ou information sur ce produit, n&#8217;h\u00e9sitez pas \u00e0 nous contacter !<\/p>\n<p>*Marques de tiers, propri\u00e9t\u00e9 de leurs propri\u00e9taires respectifs. &hellip; <a href=\"https:\/\/helvest.ch\/eu\/fr\/prodotto\/decodeur-complet-16x-dcc-nmra-pour-les-aiguillages-a-deux-cables\/\">Read More<\/a><\/p>\n","protected":false},"featured_media":1418,"template":"","meta":[],"product_cat":[222],"product_tag":[],"class_list":{"0":"post-1628","1":"product","2":"type-product","3":"status-publish","4":"has-post-thumbnail","6":"product_cat-completedec-de-fr","8":"first","9":"instock","10":"shipping-taxable","11":"purchasable","12":"product-type-simple"},"_links":{"self":[{"href":"https:\/\/helvest.ch\/eu\/wp-json\/wp\/v2\/product\/1628","targetHints":{"allow":["GET"]}}],"collection":[{"href":"https:\/\/helvest.ch\/eu\/wp-json\/wp\/v2\/product"}],"about":[{"href":"https:\/\/helvest.ch\/eu\/wp-json\/wp\/v2\/types\/product"}],"version-history":[{"count":3,"href":"https:\/\/helvest.ch\/eu\/wp-json\/wp\/v2\/product\/1628\/revisions"}],"predecessor-version":[{"id":1776,"href":"https:\/\/helvest.ch\/eu\/wp-json\/wp\/v2\/product\/1628\/revisions\/1776"}],"wp:featuredmedia":[{"embeddable":true,"href":"https:\/\/helvest.ch\/eu\/wp-json\/wp\/v2\/media\/1418"}],"wp:attachment":[{"href":"https:\/\/helvest.ch\/eu\/wp-json\/wp\/v2\/media?parent=1628"}],"wp:term":[{"taxonomy":"product_cat","embeddable":true,"href":"https:\/\/helvest.ch\/eu\/wp-json\/wp\/v2\/product_cat?post=1628"},{"taxonomy":"product_tag","embeddable":true,"href":"https:\/\/helvest.ch\/eu\/wp-json\/wp\/v2\/product_tag?post=1628"}],"curies":[{"name":"wp","href":"https:\/\/api.w.org\/{rel}","templated":true}]}}